{"id":6557,"date":"2017-11-29T13:17:49","date_gmt":"2017-11-29T13:17:49","guid":{"rendered":"http:\/\/tara.rs\/sr\/?page_id=6557"},"modified":"2025-07-25T09:49:34","modified_gmt":"2025-07-25T07:49:34","slug":"kaludjerske-bare-na-tari-2","status":"publish","type":"page","link":"https:\/\/tara.rs\/en\/kaludjerske-bare-na-tari-2\/","title":{"rendered":"(Srpski jezik) Kalu\u0111erske Bare &#8211; sme\u0161taj"},"content":{"rendered":"<p class=\"qtranxs-available-languages-message qtranxs-available-languages-message-en\">Sorry, this entry is only available in <a href=\"https:\/\/tara.rs\/sr\/wp-json\/wp\/v2\/pages\/6557\" class=\"qtranxs-available-language-link qtranxs-available-language-link-sr\" title=\"Srpski jezik\">Srpski jezik<\/a>.<\/p>\n","protected":false},"excerpt":{"rendered":"<p>Sorry, this entry is only available in Srpski jezik.<\/p>\n","protected":false},"author":1,"featured_media":28673,"parent":0,"menu_order":0,"comment_status":"closed","ping_status":"closed","template":"templates\/properties.php","meta":{"footnotes":""},"class_list":["post-6557","page","type-page","status-publish","has-post-thumbnail","hentry"],"yoast_head":"<!-- This site is optimized with the Yoast SEO plugin v27.5 - https:\/\/yoast.com\/product\/yoast-seo-wordpress\/ -->\n<title>(Srpski jezik) Kalu\u0111erske Bare - sme\u0161taj - SME\u0160TAJ NA TARI - Vikendice, apartmani, brvnare, planinske ku\u0107e, hoteli...<\/title>\n<meta name=\"description\" content=\"(Srpski jezik) Vikendice, brvnare, apartmani i hoteli na Kalu\u0111erskim Barama na Tari.A\u017eurirane cene i najbolja ponuda sme\u0161taja. Letovanje i zimovanje na Tari\" \/>\n<meta name=\"robots\" content=\"index, follow, max-snippet:-1, max-image-preview:large, max-video-preview:-1\" \/>\n<link rel=\"canonical\" href=\"https:\/\/tara.rs\/en\/smestaj-na-kaludjerskim-barama\/\" \/>\n<meta property=\"og:locale\" content=\"en_US\" \/>\n<meta property=\"og:type\" content=\"article\" \/>\n<meta property=\"og:title\" content=\"(Srpski jezik) Kalu\u0111erske Bare - sme\u0161taj - SME\u0160TAJ NA TARI - Vikendice, apartmani, brvnare, planinske ku\u0107e, hoteli...\" \/>\n<meta property=\"og:description\" content=\"(Srpski jezik) Vikendice, brvnare, apartmani i hoteli na Kalu\u0111erskim Barama na Tari.A\u017eurirane cene i najbolja ponuda sme\u0161taja. Letovanje i zimovanje na Tari\" \/>\n<meta property=\"og:url\" content=\"https:\/\/tara.rs\/en\/smestaj-na-kaludjerskim-barama\/\" \/>\n<meta property=\"og:site_name\" content=\"SME\u0160TAJ NA TARI - Vikendice, apartmani, brvnare, planinske ku\u0107e, hoteli...\" \/>\n<meta property=\"article:modified_time\" content=\"2025-07-25T07:49:34+00:00\" \/>\n<meta property=\"og:image\" content=\"https:\/\/tara.rs\/wp-content\/uploads\/2020\/09\/vikendica-zeljko-tara-kaludjerske-bare-1.jpg\" \/>\n\t<meta property=\"og:image:width\" content=\"827\" \/>\n\t<meta property=\"og:image:height\" content=\"620\" \/>\n\t<meta property=\"og:image:type\" content=\"image\/jpeg\" \/>\n<meta name=\"twitter:card\" content=\"summary_large_image\" \/>\n<meta name=\"twitter:label1\" content=\"Est. reading time\" \/>\n\t<meta name=\"twitter:data1\" content=\"1 minute\" \/>\n<script type=\"application\/ld+json\" class=\"yoast-schema-graph\">{\"@context\":\"https:\\\/\\\/schema.org\",\"@graph\":[{\"@type\":\"WebPage\",\"@id\":\"https:\\\/\\\/tara.rs\\\/en\\\/smestaj-na-kaludjerskim-barama\\\/\",\"url\":\"https:\\\/\\\/tara.rs\\\/en\\\/smestaj-na-kaludjerskim-barama\\\/\",\"name\":\"(Srpski jezik) Kalu\u0111erske Bare - sme\u0161taj - SME\u0160TAJ NA TARI - Vikendice, apartmani, brvnare, planinske ku\u0107e, hoteli...\",\"isPartOf\":{\"@id\":\"https:\\\/\\\/tara.rs\\\/en\\\/#website\"},\"primaryImageOfPage\":{\"@id\":\"https:\\\/\\\/tara.rs\\\/en\\\/smestaj-na-kaludjerskim-barama\\\/#primaryimage\"},\"image\":{\"@id\":\"https:\\\/\\\/tara.rs\\\/sr\\\/smestaj-na-kaludjerskim-barama\\\/#primaryimage\"},\"thumbnailUrl\":\"https:\\\/\\\/tara.rs\\\/wp-content\\\/uploads\\\/2020\\\/09\\\/vikendica-zeljko-tara-kaludjerske-bare-1.jpg\",\"datePublished\":\"2017-11-29T13:17:49+00:00\",\"dateModified\":\"2025-07-25T07:49:34+00:00\",\"description\":\"(Srpski jezik) Vikendice, brvnare, apartmani i hoteli na Kalu\u0111erskim Barama na Tari.A\u017eurirane cene i najbolja ponuda sme\u0161taja. Letovanje i zimovanje na Tari\",\"inLanguage\":\"en-US\",\"potentialAction\":[{\"@type\":\"ReadAction\",\"target\":[[\"https:\\\/\\\/tara.rs\\\/en\\\/smestaj-na-kaludjerskim-barama\\\/\"]]}]},{\"@type\":\"ImageObject\",\"inLanguage\":\"en-US\",\"@id\":\"https:\\\/\\\/tara.rs\\\/en\\\/smestaj-na-kaludjerskim-barama\\\/#primaryimage\",\"url\":\"https:\\\/\\\/tara.rs\\\/wp-content\\\/uploads\\\/2020\\\/09\\\/vikendica-zeljko-tara-kaludjerske-bare-1.jpg\",\"contentUrl\":\"https:\\\/\\\/tara.rs\\\/wp-content\\\/uploads\\\/2020\\\/09\\\/vikendica-zeljko-tara-kaludjerske-bare-1.jpg\",\"width\":827,\"height\":620},{\"@type\":\"WebSite\",\"@id\":\"https:\\\/\\\/tara.rs\\\/en\\\/#website\",\"url\":\"https:\\\/\\\/tara.rs\\\/en\\\/\",\"name\":\"SME\u0160TAJ NA TARI - Vikendice, apartmani, brvnare, planinske ku\u0107e, hoteli...\",\"description\":\"450 + OBJEKATA ZA SME\u0160TAJ NA TARI\",\"publisher\":{\"@id\":\"https:\\\/\\\/tara.rs\\\/en\\\/#organization\"},\"alternateName\":\"TARA.RS - 450 + Objekata za sme\u0161aj\",\"potentialAction\":[{\"@type\":\"SearchAction\",\"target\":{\"@type\":\"EntryPoint\",\"urlTemplate\":\"https:\\\/\\\/tara.rs\\\/en\\\/?s={search_term_string}\"},\"query-input\":{\"@type\":\"PropertyValueSpecification\",\"valueRequired\":true,\"valueName\":\"search_term_string\"}}],\"inLanguage\":\"en-US\"},{\"@type\":\"Organization\",\"@id\":\"https:\\\/\\\/tara.rs\\\/en\\\/#organization\",\"name\":\"SME\u0160TAJ NA TARI - Vikendice, apartmani, brvnare, planinske ku\u0107e, hoteli...\",\"url\":\"https:\\\/\\\/tara.rs\\\/en\\\/\",\"logo\":{\"@type\":\"ImageObject\",\"inLanguage\":\"en-US\",\"@id\":\"https:\\\/\\\/tara.rs\\\/en\\\/#\\\/schema\\\/logo\\\/image\\\/\",\"url\":\"https:\\\/\\\/tara.rs\\\/wp-content\\\/uploads\\\/2017\\\/12\\\/planina-tara-smestaj-odmor-logo-2.png\",\"contentUrl\":\"https:\\\/\\\/tara.rs\\\/wp-content\\\/uploads\\\/2017\\\/12\\\/planina-tara-smestaj-odmor-logo-2.png\",\"width\":200,\"height\":69,\"caption\":\"SME\u0160TAJ NA TARI - Vikendice, apartmani, brvnare, planinske ku\u0107e, hoteli...\"},\"image\":{\"@id\":\"https:\\\/\\\/tara.rs\\\/en\\\/#\\\/schema\\\/logo\\\/image\\\/\"}}]}<\/script>\n<!-- \/ Yoast SEO plugin. -->","yoast_head_json":{"title":"(Srpski jezik) Kalu\u0111erske Bare - sme\u0161taj - SME\u0160TAJ NA TARI - Vikendice, apartmani, brvnare, planinske ku\u0107e, hoteli...","description":"(Srpski jezik) Vikendice, brvnare, apartmani i hoteli na Kalu\u0111erskim Barama na Tari.A\u017eurirane cene i najbolja ponuda sme\u0161taja. Letovanje i zimovanje na Tari","robots":{"index":"index","follow":"follow","max-snippet":"max-snippet:-1","max-image-preview":"max-image-preview:large","max-video-preview":"max-video-preview:-1"},"canonical":"https:\/\/tara.rs\/en\/smestaj-na-kaludjerskim-barama\/","og_locale":"en_US","og_type":"article","og_title":"(Srpski jezik) Kalu\u0111erske Bare - sme\u0161taj - SME\u0160TAJ NA TARI - Vikendice, apartmani, brvnare, planinske ku\u0107e, hoteli...","og_description":"(Srpski jezik) Vikendice, brvnare, apartmani i hoteli na Kalu\u0111erskim Barama na Tari.A\u017eurirane cene i najbolja ponuda sme\u0161taja. Letovanje i zimovanje na Tari","og_url":"https:\/\/tara.rs\/en\/smestaj-na-kaludjerskim-barama\/","og_site_name":"SME\u0160TAJ NA TARI - Vikendice, apartmani, brvnare, planinske ku\u0107e, hoteli...","article_modified_time":"2025-07-25T07:49:34+00:00","og_image":[{"width":827,"height":620,"url":"https:\/\/tara.rs\/wp-content\/uploads\/2020\/09\/vikendica-zeljko-tara-kaludjerske-bare-1.jpg","type":"image\/jpeg"}],"twitter_card":"summary_large_image","twitter_misc":{"Est. reading time":"1 minute"},"schema":{"@context":"https:\/\/schema.org","@graph":[{"@type":"WebPage","@id":"https:\/\/tara.rs\/en\/smestaj-na-kaludjerskim-barama\/","url":"https:\/\/tara.rs\/en\/smestaj-na-kaludjerskim-barama\/","name":"(Srpski jezik) Kalu\u0111erske Bare - sme\u0161taj - SME\u0160TAJ NA TARI - Vikendice, apartmani, brvnare, planinske ku\u0107e, hoteli...","isPartOf":{"@id":"https:\/\/tara.rs\/en\/#website"},"primaryImageOfPage":{"@id":"https:\/\/tara.rs\/en\/smestaj-na-kaludjerskim-barama\/#primaryimage"},"image":{"@id":"https:\/\/tara.rs\/sr\/smestaj-na-kaludjerskim-barama\/#primaryimage"},"thumbnailUrl":"https:\/\/tara.rs\/wp-content\/uploads\/2020\/09\/vikendica-zeljko-tara-kaludjerske-bare-1.jpg","datePublished":"2017-11-29T13:17:49+00:00","dateModified":"2025-07-25T07:49:34+00:00","description":"(Srpski jezik) Vikendice, brvnare, apartmani i hoteli na Kalu\u0111erskim Barama na Tari.A\u017eurirane cene i najbolja ponuda sme\u0161taja. Letovanje i zimovanje na Tari","inLanguage":"en-US","potentialAction":[{"@type":"ReadAction","target":[["https:\/\/tara.rs\/en\/smestaj-na-kaludjerskim-barama\/"]]}]},{"@type":"ImageObject","inLanguage":"en-US","@id":"https:\/\/tara.rs\/en\/smestaj-na-kaludjerskim-barama\/#primaryimage","url":"https:\/\/tara.rs\/wp-content\/uploads\/2020\/09\/vikendica-zeljko-tara-kaludjerske-bare-1.jpg","contentUrl":"https:\/\/tara.rs\/wp-content\/uploads\/2020\/09\/vikendica-zeljko-tara-kaludjerske-bare-1.jpg","width":827,"height":620},{"@type":"WebSite","@id":"https:\/\/tara.rs\/en\/#website","url":"https:\/\/tara.rs\/en\/","name":"SME\u0160TAJ NA TARI - Vikendice, apartmani, brvnare, planinske ku\u0107e, hoteli...","description":"450 + OBJEKATA ZA SME\u0160TAJ NA TARI","publisher":{"@id":"https:\/\/tara.rs\/en\/#organization"},"alternateName":"TARA.RS - 450 + Objekata za sme\u0161aj","potentialAction":[{"@type":"SearchAction","target":{"@type":"EntryPoint","urlTemplate":"https:\/\/tara.rs\/en\/?s={search_term_string}"},"query-input":{"@type":"PropertyValueSpecification","valueRequired":true,"valueName":"search_term_string"}}],"inLanguage":"en-US"},{"@type":"Organization","@id":"https:\/\/tara.rs\/en\/#organization","name":"SME\u0160TAJ NA TARI - Vikendice, apartmani, brvnare, planinske ku\u0107e, hoteli...","url":"https:\/\/tara.rs\/en\/","logo":{"@type":"ImageObject","inLanguage":"en-US","@id":"https:\/\/tara.rs\/en\/#\/schema\/logo\/image\/","url":"https:\/\/tara.rs\/wp-content\/uploads\/2017\/12\/planina-tara-smestaj-odmor-logo-2.png","contentUrl":"https:\/\/tara.rs\/wp-content\/uploads\/2017\/12\/planina-tara-smestaj-odmor-logo-2.png","width":200,"height":69,"caption":"SME\u0160TAJ NA TARI - Vikendice, apartmani, brvnare, planinske ku\u0107e, hoteli..."},"image":{"@id":"https:\/\/tara.rs\/en\/#\/schema\/logo\/image\/"}}]}},"_links":{"self":[{"href":"https:\/\/tara.rs\/en\/wp-json\/wp\/v2\/pages\/6557","targetHints":{"allow":["GET"]}}],"collection":[{"href":"https:\/\/tara.rs\/en\/wp-json\/wp\/v2\/pages"}],"about":[{"href":"https:\/\/tara.rs\/en\/wp-json\/wp\/v2\/types\/page"}],"author":[{"embeddable":true,"href":"https:\/\/tara.rs\/en\/wp-json\/wp\/v2\/users\/1"}],"replies":[{"embeddable":true,"href":"https:\/\/tara.rs\/en\/wp-json\/wp\/v2\/comments?post=6557"}],"version-history":[{"count":13,"href":"https:\/\/tara.rs\/en\/wp-json\/wp\/v2\/pages\/6557\/revisions"}],"predecessor-version":[{"id":94392,"href":"https:\/\/tara.rs\/en\/wp-json\/wp\/v2\/pages\/6557\/revisions\/94392"}],"wp:featuredmedia":[{"embeddable":true,"href":"https:\/\/tara.rs\/en\/wp-json\/wp\/v2\/media\/28673"}],"wp:attachment":[{"href":"https:\/\/tara.rs\/en\/wp-json\/wp\/v2\/media?parent=6557"}],"curies":[{"name":"wp","href":"https:\/\/api.w.org\/{rel}","templated":true}]}}