{"id":6566,"date":"2017-11-29T13:35:32","date_gmt":"2017-11-29T13:35:32","guid":{"rendered":"http:\/\/tara.rs\/sr\/?page_id=6566"},"modified":"2021-05-08T07:00:42","modified_gmt":"2021-05-08T05:00:42","slug":"sokolina-smestaj","status":"publish","type":"page","link":"https:\/\/tara.rs\/en\/srpski-jezik-sokolina-smestaj\/","title":{"rendered":"(Srpski jezik) Sokolina &#8211; Sme\u0161taj"},"content":{"rendered":"<p class=\"qtranxs-available-languages-message qtranxs-available-languages-message-en\">Sorry, this entry is only available in <a href=\"https:\/\/tara.rs\/sr\/wp-json\/wp\/v2\/pages\/6566\" class=\"qtranxs-available-language-link qtranxs-available-language-link-sr\" title=\"Srpski jezik\">Srpski jezik<\/a>.<\/p>\n","protected":false},"excerpt":{"rendered":"<p>Sorry, this entry is only available in Srpski jezik.<\/p>\n","protected":false},"author":1,"featured_media":7269,"parent":0,"menu_order":0,"comment_status":"closed","ping_status":"closed","template":"templates\/properties.php","meta":{"footnotes":""},"class_list":["post-6566","page","type-page","status-publish","has-post-thumbnail","hentry"],"yoast_head":"<!-- This site is optimized with the Yoast SEO plugin v25.3 - https:\/\/yoast.com\/wordpress\/plugins\/seo\/ -->\n<title>(Srpski jezik) Sokolina - Sme\u0161taj - SME\u0160TAJ NA TARI - Vikendice, apartmani, brvnare, planinske ku\u0107e, hoteli...<\/title>\n<meta name=\"robots\" content=\"index, follow, max-snippet:-1, max-image-preview:large, max-video-preview:-1\" \/>\n<link rel=\"canonical\" href=\"https:\/\/tara.rs\/sr\/sokolina-smestaj\/\" \/>\n<meta property=\"og:locale\" content=\"en_US\" \/>\n<meta property=\"og:type\" content=\"article\" \/>\n<meta property=\"og:title\" content=\"(Srpski jezik) Sokolina - Sme\u0161taj - SME\u0160TAJ NA TARI - Vikendice, apartmani, brvnare, planinske ku\u0107e, hoteli...\" \/>\n<meta property=\"og:description\" content=\"Sorry, this entry is only available in Srpski jezik.\" \/>\n<meta property=\"og:url\" content=\"https:\/\/tara.rs\/sr\/sokolina-smestaj\/\" \/>\n<meta property=\"og:site_name\" content=\"SME\u0160TAJ NA TARI - Vikendice, apartmani, brvnare, planinske ku\u0107e, hoteli...\" \/>\n<meta property=\"article:modified_time\" content=\"2021-05-08T05:00:42+00:00\" \/>\n<meta property=\"og:image\" content=\"https:\/\/tara.rs\/wp-content\/uploads\/2017\/03\/vila-katarina-sokolina-tara-5-1.jpg\" \/>\n\t<meta property=\"og:image:width\" content=\"800\" \/>\n\t<meta property=\"og:image:height\" content=\"533\" \/>\n\t<meta property=\"og:image:type\" content=\"image\/jpeg\" \/>\n<meta name=\"twitter:card\" content=\"summary_large_image\" \/>\n<meta name=\"twitter:label1\" content=\"Est. reading time\" \/>\n\t<meta name=\"twitter:data1\" content=\"1 minute\" \/>\n<script type=\"application\/ld+json\" class=\"yoast-schema-graph\">{\"@context\":\"https:\/\/schema.org\",\"@graph\":[{\"@type\":\"WebPage\",\"@id\":\"https:\/\/tara.rs\/sr\/sokolina-smestaj\/\",\"url\":\"https:\/\/tara.rs\/sr\/sokolina-smestaj\/\",\"name\":\"(Srpski jezik) Sokolina - Sme\u0161taj - SME\u0160TAJ NA TARI - Vikendice, apartmani, brvnare, planinske ku\u0107e, hoteli...\",\"isPartOf\":{\"@id\":\"https:\/\/tara.rs\/sr\/#website\"},\"primaryImageOfPage\":{\"@id\":\"https:\/\/tara.rs\/sr\/sokolina-smestaj\/#primaryimage\"},\"image\":{\"@id\":\"https:\/\/tara.rs\/sr\/sokolina-smestaj\/#primaryimage\"},\"thumbnailUrl\":\"https:\/\/tara.rs\/wp-content\/uploads\/2017\/03\/vila-katarina-sokolina-tara-5-1.jpg\",\"datePublished\":\"2017-11-29T13:35:32+00:00\",\"dateModified\":\"2021-05-08T05:00:42+00:00\",\"inLanguage\":\"en-US\",\"potentialAction\":[{\"@type\":\"ReadAction\",\"target\":[\"https:\/\/tara.rs\/sr\/sokolina-smestaj\/\"]}]},{\"@type\":\"ImageObject\",\"inLanguage\":\"en-US\",\"@id\":\"https:\/\/tara.rs\/sr\/sokolina-smestaj\/#primaryimage\",\"url\":\"https:\/\/tara.rs\/wp-content\/uploads\/2017\/03\/vila-katarina-sokolina-tara-5-1.jpg\",\"contentUrl\":\"https:\/\/tara.rs\/wp-content\/uploads\/2017\/03\/vila-katarina-sokolina-tara-5-1.jpg\",\"width\":800,\"height\":533},{\"@type\":\"WebSite\",\"@id\":\"https:\/\/tara.rs\/sr\/#website\",\"url\":\"https:\/\/tara.rs\/sr\/\",\"name\":\"SME\u0160TAJ NA TARI - Vikendice, apartmani, brvnare, planinske ku\u0107e, hoteli...\",\"description\":\"350 + OBJEKATA ZA SME\u0160TAJ NA TARI\",\"publisher\":{\"@id\":\"https:\/\/tara.rs\/sr\/#organization\"},\"alternateName\":\"TARA.RS - 450 + Objekata za sme\u0161aj\",\"potentialAction\":[{\"@type\":\"SearchAction\",\"target\":{\"@type\":\"EntryPoint\",\"urlTemplate\":\"https:\/\/tara.rs\/sr\/?s={search_term_string}\"},\"query-input\":{\"@type\":\"PropertyValueSpecification\",\"valueRequired\":true,\"valueName\":\"search_term_string\"}}],\"inLanguage\":\"en-US\"},{\"@type\":\"Organization\",\"@id\":\"https:\/\/tara.rs\/sr\/#organization\",\"name\":\"SME\u0160TAJ NA TARI - Vikendice, apartmani, brvnare, planinske ku\u0107e, hoteli...\",\"url\":\"https:\/\/tara.rs\/sr\/\",\"logo\":{\"@type\":\"ImageObject\",\"inLanguage\":\"en-US\",\"@id\":\"https:\/\/tara.rs\/sr\/#\/schema\/logo\/image\/\",\"url\":\"https:\/\/tara.rs\/wp-content\/uploads\/2026\/01\/tara-rs-logo-sajt-2.png\",\"contentUrl\":\"https:\/\/tara.rs\/wp-content\/uploads\/2026\/01\/tara-rs-logo-sajt-2.png\",\"width\":280,\"height\":100,\"caption\":\"SME\u0160TAJ NA TARI - Vikendice, apartmani, brvnare, planinske ku\u0107e, hoteli...\"},\"image\":{\"@id\":\"https:\/\/tara.rs\/sr\/#\/schema\/logo\/image\/\"}}]}<\/script>\n<!-- \/ Yoast SEO plugin. -->","yoast_head_json":{"title":"(Srpski jezik) Sokolina - Sme\u0161taj - SME\u0160TAJ NA TARI - Vikendice, apartmani, brvnare, planinske ku\u0107e, hoteli...","robots":{"index":"index","follow":"follow","max-snippet":"max-snippet:-1","max-image-preview":"max-image-preview:large","max-video-preview":"max-video-preview:-1"},"canonical":"https:\/\/tara.rs\/sr\/sokolina-smestaj\/","og_locale":"en_US","og_type":"article","og_title":"(Srpski jezik) Sokolina - Sme\u0161taj - SME\u0160TAJ NA TARI - Vikendice, apartmani, brvnare, planinske ku\u0107e, hoteli...","og_description":"Sorry, this entry is only available in Srpski jezik.","og_url":"https:\/\/tara.rs\/sr\/sokolina-smestaj\/","og_site_name":"SME\u0160TAJ NA TARI - Vikendice, apartmani, brvnare, planinske ku\u0107e, hoteli...","article_modified_time":"2021-05-08T05:00:42+00:00","og_image":[{"width":800,"height":533,"url":"https:\/\/tara.rs\/wp-content\/uploads\/2017\/03\/vila-katarina-sokolina-tara-5-1.jpg","type":"image\/jpeg"}],"twitter_card":"summary_large_image","twitter_misc":{"Est. reading time":"1 minute"},"schema":{"@context":"https:\/\/schema.org","@graph":[{"@type":"WebPage","@id":"https:\/\/tara.rs\/sr\/sokolina-smestaj\/","url":"https:\/\/tara.rs\/sr\/sokolina-smestaj\/","name":"(Srpski jezik) Sokolina - Sme\u0161taj - SME\u0160TAJ NA TARI - Vikendice, apartmani, brvnare, planinske ku\u0107e, hoteli...","isPartOf":{"@id":"https:\/\/tara.rs\/sr\/#website"},"primaryImageOfPage":{"@id":"https:\/\/tara.rs\/sr\/sokolina-smestaj\/#primaryimage"},"image":{"@id":"https:\/\/tara.rs\/sr\/sokolina-smestaj\/#primaryimage"},"thumbnailUrl":"https:\/\/tara.rs\/wp-content\/uploads\/2017\/03\/vila-katarina-sokolina-tara-5-1.jpg","datePublished":"2017-11-29T13:35:32+00:00","dateModified":"2021-05-08T05:00:42+00:00","inLanguage":"en-US","potentialAction":[{"@type":"ReadAction","target":["https:\/\/tara.rs\/sr\/sokolina-smestaj\/"]}]},{"@type":"ImageObject","inLanguage":"en-US","@id":"https:\/\/tara.rs\/sr\/sokolina-smestaj\/#primaryimage","url":"https:\/\/tara.rs\/wp-content\/uploads\/2017\/03\/vila-katarina-sokolina-tara-5-1.jpg","contentUrl":"https:\/\/tara.rs\/wp-content\/uploads\/2017\/03\/vila-katarina-sokolina-tara-5-1.jpg","width":800,"height":533},{"@type":"WebSite","@id":"https:\/\/tara.rs\/sr\/#website","url":"https:\/\/tara.rs\/sr\/","name":"SME\u0160TAJ NA TARI - Vikendice, apartmani, brvnare, planinske ku\u0107e, hoteli...","description":"350 + OBJEKATA ZA SME\u0160TAJ NA TARI","publisher":{"@id":"https:\/\/tara.rs\/sr\/#organization"},"alternateName":"TARA.RS - 450 + Objekata za sme\u0161aj","potentialAction":[{"@type":"SearchAction","target":{"@type":"EntryPoint","urlTemplate":"https:\/\/tara.rs\/sr\/?s={search_term_string}"},"query-input":{"@type":"PropertyValueSpecification","valueRequired":true,"valueName":"search_term_string"}}],"inLanguage":"en-US"},{"@type":"Organization","@id":"https:\/\/tara.rs\/sr\/#organization","name":"SME\u0160TAJ NA TARI - Vikendice, apartmani, brvnare, planinske ku\u0107e, hoteli...","url":"https:\/\/tara.rs\/sr\/","logo":{"@type":"ImageObject","inLanguage":"en-US","@id":"https:\/\/tara.rs\/sr\/#\/schema\/logo\/image\/","url":"https:\/\/tara.rs\/wp-content\/uploads\/2026\/01\/tara-rs-logo-sajt-2.png","contentUrl":"https:\/\/tara.rs\/wp-content\/uploads\/2026\/01\/tara-rs-logo-sajt-2.png","width":280,"height":100,"caption":"SME\u0160TAJ NA TARI - Vikendice, apartmani, brvnare, planinske ku\u0107e, hoteli..."},"image":{"@id":"https:\/\/tara.rs\/sr\/#\/schema\/logo\/image\/"}}]}},"_links":{"self":[{"href":"https:\/\/tara.rs\/en\/wp-json\/wp\/v2\/pages\/6566"}],"collection":[{"href":"https:\/\/tara.rs\/en\/wp-json\/wp\/v2\/pages"}],"about":[{"href":"https:\/\/tara.rs\/en\/wp-json\/wp\/v2\/types\/page"}],"author":[{"embeddable":true,"href":"https:\/\/tara.rs\/en\/wp-json\/wp\/v2\/users\/1"}],"replies":[{"embeddable":true,"href":"https:\/\/tara.rs\/en\/wp-json\/wp\/v2\/comments?post=6566"}],"version-history":[{"count":4,"href":"https:\/\/tara.rs\/en\/wp-json\/wp\/v2\/pages\/6566\/revisions"}],"predecessor-version":[{"id":37831,"href":"https:\/\/tara.rs\/en\/wp-json\/wp\/v2\/pages\/6566\/revisions\/37831"}],"wp:featuredmedia":[{"embeddable":true,"href":"https:\/\/tara.rs\/en\/wp-json\/wp\/v2\/media\/7269"}],"wp:attachment":[{"href":"https:\/\/tara.rs\/en\/wp-json\/wp\/v2\/media?parent=6566"}],"curies":[{"name":"wp","href":"https:\/\/api.w.org\/{rel}","templated":true}]}}