{"id":97027,"date":"2025-10-24T11:45:00","date_gmt":"2025-10-24T09:45:00","guid":{"rendered":"https:\/\/tara.rs\/sr\/?page_id=97027"},"modified":"2025-10-24T12:25:45","modified_gmt":"2025-10-24T10:25:45","slug":"smestaj-na-planini-tari-sa-lokacijama-objekata","status":"publish","type":"page","link":"https:\/\/tara.rs\/en\/accommodation-on-mount-tara\/","title":{"rendered":"Accommodation on Mount Tara"},"content":{"rendered":"<p class=\"qtranxs-available-languages-message qtranxs-available-languages-message-en\">Sorry, this entry is only available in <a href=\"https:\/\/tara.rs\/sr\/wp-json\/wp\/v2\/pages\/97027\" class=\"qtranxs-available-language-link qtranxs-available-language-link-sr\" title=\"Srpski jezik\">Srpski jezik<\/a>.<\/p>\n","protected":false},"excerpt":{"rendered":"<p>Sorry, this entry is only available in Srpski jezik.<\/p>\n","protected":false},"author":1,"featured_media":0,"parent":0,"menu_order":0,"comment_status":"closed","ping_status":"closed","template":"templates\/properties.php","meta":{"footnotes":""},"class_list":["post-97027","page","type-page","status-publish","hentry"],"yoast_head":"<!-- This site is optimized with the Yoast SEO plugin v25.3 - https:\/\/yoast.com\/wordpress\/plugins\/seo\/ -->\n<title>Accommodation on Mount Tara - SME\u0160TAJ NA TARI - Vikendice, apartmani, brvnare, planinske ku\u0107e, hoteli...<\/title>\n<meta name=\"robots\" content=\"index, follow, max-snippet:-1, max-image-preview:large, max-video-preview:-1\" \/>\n<link rel=\"canonical\" href=\"https:\/\/tara.rs\/sr\/smestaj-na-planini-tari-sa-lokacijama-objekata\/\" \/>\n<meta property=\"og:locale\" content=\"en_US\" \/>\n<meta property=\"og:type\" content=\"article\" \/>\n<meta property=\"og:title\" content=\"Sme\u0161taj na Tari \u2013 Mapa i ta\u010dne lokacije (350+ objekata)\" \/>\n<meta property=\"og:description\" content=\"Prona\u0111i sme\u0161taj na Tari uz interaktivnu mapu: 350+ vikendica, apartmana i brvnara sa ta\u010dnom lokacijom. Filtriraj po mestu i brzo rezervi\u0161i.\" \/>\n<meta property=\"og:url\" content=\"https:\/\/tara.rs\/sr\/smestaj-na-planini-tari-sa-lokacijama-objekata\/\" \/>\n<meta property=\"og:site_name\" content=\"SME\u0160TAJ NA TARI - Vikendice, apartmani, brvnare, planinske ku\u0107e, hoteli...\" \/>\n<meta property=\"article:modified_time\" content=\"2025-10-24T10:25:45+00:00\" \/>\n<meta property=\"og:image\" content=\"https:\/\/tara.rs\/wp-content\/uploads\/2025\/10\/planina-tara-smestaj-mapa-w.jpg\" \/>\n\t<meta property=\"og:image:width\" content=\"1000\" \/>\n\t<meta property=\"og:image:height\" content=\"476\" \/>\n\t<meta property=\"og:image:type\" content=\"image\/jpeg\" \/>\n<meta name=\"twitter:card\" content=\"summary_large_image\" \/>\n<meta name=\"twitter:label1\" content=\"Est. reading time\" \/>\n\t<meta name=\"twitter:data1\" content=\"1 minute\" \/>\n<script type=\"application\/ld+json\" class=\"yoast-schema-graph\">{\"@context\":\"https:\/\/schema.org\",\"@graph\":[{\"@type\":\"WebPage\",\"@id\":\"https:\/\/tara.rs\/sr\/smestaj-na-planini-tari-sa-lokacijama-objekata\/\",\"url\":\"https:\/\/tara.rs\/sr\/smestaj-na-planini-tari-sa-lokacijama-objekata\/\",\"name\":\"Accommodation on Mount Tara - SME\u0160TAJ NA TARI - Vikendice, apartmani, brvnare, planinske ku\u0107e, hoteli...\",\"isPartOf\":{\"@id\":\"https:\/\/tara.rs\/sr\/#website\"},\"datePublished\":\"2025-10-24T09:45:00+00:00\",\"dateModified\":\"2025-10-24T10:25:45+00:00\",\"inLanguage\":\"en-US\",\"potentialAction\":[{\"@type\":\"ReadAction\",\"target\":[\"https:\/\/tara.rs\/sr\/smestaj-na-planini-tari-sa-lokacijama-objekata\/\"]}]},{\"@type\":\"WebSite\",\"@id\":\"https:\/\/tara.rs\/sr\/#website\",\"url\":\"https:\/\/tara.rs\/sr\/\",\"name\":\"SME\u0160TAJ NA TARI - Vikendice, apartmani, brvnare, planinske ku\u0107e, hoteli...\",\"description\":\"350 + OBJEKATA ZA SME\u0160TAJ NA TARI\",\"publisher\":{\"@id\":\"https:\/\/tara.rs\/sr\/#organization\"},\"alternateName\":\"TARA.RS - 450 + Objekata za sme\u0161aj\",\"potentialAction\":[{\"@type\":\"SearchAction\",\"target\":{\"@type\":\"EntryPoint\",\"urlTemplate\":\"https:\/\/tara.rs\/sr\/?s={search_term_string}\"},\"query-input\":{\"@type\":\"PropertyValueSpecification\",\"valueRequired\":true,\"valueName\":\"search_term_string\"}}],\"inLanguage\":\"en-US\"},{\"@type\":\"Organization\",\"@id\":\"https:\/\/tara.rs\/sr\/#organization\",\"name\":\"SME\u0160TAJ NA TARI - Vikendice, apartmani, brvnare, planinske ku\u0107e, hoteli...\",\"url\":\"https:\/\/tara.rs\/sr\/\",\"logo\":{\"@type\":\"ImageObject\",\"inLanguage\":\"en-US\",\"@id\":\"https:\/\/tara.rs\/sr\/#\/schema\/logo\/image\/\",\"url\":\"https:\/\/tara.rs\/wp-content\/uploads\/2026\/01\/tara-rs-logo-sajt-2.png\",\"contentUrl\":\"https:\/\/tara.rs\/wp-content\/uploads\/2026\/01\/tara-rs-logo-sajt-2.png\",\"width\":280,\"height\":100,\"caption\":\"SME\u0160TAJ NA TARI - Vikendice, apartmani, brvnare, planinske ku\u0107e, hoteli...\"},\"image\":{\"@id\":\"https:\/\/tara.rs\/sr\/#\/schema\/logo\/image\/\"}}]}<\/script>\n<!-- \/ Yoast SEO plugin. -->","yoast_head_json":{"title":"Accommodation on Mount Tara - SME\u0160TAJ NA TARI - Vikendice, apartmani, brvnare, planinske ku\u0107e, hoteli...","robots":{"index":"index","follow":"follow","max-snippet":"max-snippet:-1","max-image-preview":"max-image-preview:large","max-video-preview":"max-video-preview:-1"},"canonical":"https:\/\/tara.rs\/sr\/smestaj-na-planini-tari-sa-lokacijama-objekata\/","og_locale":"en_US","og_type":"article","og_title":"Sme\u0161taj na Tari \u2013 Mapa i ta\u010dne lokacije (350+ objekata)","og_description":"Prona\u0111i sme\u0161taj na Tari uz interaktivnu mapu: 350+ vikendica, apartmana i brvnara sa ta\u010dnom lokacijom. Filtriraj po mestu i brzo rezervi\u0161i.","og_url":"https:\/\/tara.rs\/sr\/smestaj-na-planini-tari-sa-lokacijama-objekata\/","og_site_name":"SME\u0160TAJ NA TARI - Vikendice, apartmani, brvnare, planinske ku\u0107e, hoteli...","article_modified_time":"2025-10-24T10:25:45+00:00","og_image":[{"width":1000,"height":476,"url":"https:\/\/tara.rs\/wp-content\/uploads\/2025\/10\/planina-tara-smestaj-mapa-w.jpg","type":"image\/jpeg"}],"twitter_card":"summary_large_image","twitter_misc":{"Est. reading time":"1 minute"},"schema":{"@context":"https:\/\/schema.org","@graph":[{"@type":"WebPage","@id":"https:\/\/tara.rs\/sr\/smestaj-na-planini-tari-sa-lokacijama-objekata\/","url":"https:\/\/tara.rs\/sr\/smestaj-na-planini-tari-sa-lokacijama-objekata\/","name":"Accommodation on Mount Tara - SME\u0160TAJ NA TARI - Vikendice, apartmani, brvnare, planinske ku\u0107e, hoteli...","isPartOf":{"@id":"https:\/\/tara.rs\/sr\/#website"},"datePublished":"2025-10-24T09:45:00+00:00","dateModified":"2025-10-24T10:25:45+00:00","inLanguage":"en-US","potentialAction":[{"@type":"ReadAction","target":["https:\/\/tara.rs\/sr\/smestaj-na-planini-tari-sa-lokacijama-objekata\/"]}]},{"@type":"WebSite","@id":"https:\/\/tara.rs\/sr\/#website","url":"https:\/\/tara.rs\/sr\/","name":"SME\u0160TAJ NA TARI - Vikendice, apartmani, brvnare, planinske ku\u0107e, hoteli...","description":"350 + OBJEKATA ZA SME\u0160TAJ NA TARI","publisher":{"@id":"https:\/\/tara.rs\/sr\/#organization"},"alternateName":"TARA.RS - 450 + Objekata za sme\u0161aj","potentialAction":[{"@type":"SearchAction","target":{"@type":"EntryPoint","urlTemplate":"https:\/\/tara.rs\/sr\/?s={search_term_string}"},"query-input":{"@type":"PropertyValueSpecification","valueRequired":true,"valueName":"search_term_string"}}],"inLanguage":"en-US"},{"@type":"Organization","@id":"https:\/\/tara.rs\/sr\/#organization","name":"SME\u0160TAJ NA TARI - Vikendice, apartmani, brvnare, planinske ku\u0107e, hoteli...","url":"https:\/\/tara.rs\/sr\/","logo":{"@type":"ImageObject","inLanguage":"en-US","@id":"https:\/\/tara.rs\/sr\/#\/schema\/logo\/image\/","url":"https:\/\/tara.rs\/wp-content\/uploads\/2026\/01\/tara-rs-logo-sajt-2.png","contentUrl":"https:\/\/tara.rs\/wp-content\/uploads\/2026\/01\/tara-rs-logo-sajt-2.png","width":280,"height":100,"caption":"SME\u0160TAJ NA TARI - Vikendice, apartmani, brvnare, planinske ku\u0107e, hoteli..."},"image":{"@id":"https:\/\/tara.rs\/sr\/#\/schema\/logo\/image\/"}}]}},"_links":{"self":[{"href":"https:\/\/tara.rs\/en\/wp-json\/wp\/v2\/pages\/97027"}],"collection":[{"href":"https:\/\/tara.rs\/en\/wp-json\/wp\/v2\/pages"}],"about":[{"href":"https:\/\/tara.rs\/en\/wp-json\/wp\/v2\/types\/page"}],"author":[{"embeddable":true,"href":"https:\/\/tara.rs\/en\/wp-json\/wp\/v2\/users\/1"}],"replies":[{"embeddable":true,"href":"https:\/\/tara.rs\/en\/wp-json\/wp\/v2\/comments?post=97027"}],"version-history":[{"count":9,"href":"https:\/\/tara.rs\/en\/wp-json\/wp\/v2\/pages\/97027\/revisions"}],"predecessor-version":[{"id":97037,"href":"https:\/\/tara.rs\/en\/wp-json\/wp\/v2\/pages\/97027\/revisions\/97037"}],"wp:attachment":[{"href":"https:\/\/tara.rs\/en\/wp-json\/wp\/v2\/media?parent=97027"}],"curies":[{"name":"wp","href":"https:\/\/api.w.org\/{rel}","templated":true}]}}