{"id":11224,"date":"2018-09-12T12:38:50","date_gmt":"2018-09-12T12:38:50","guid":{"rendered":"http:\/\/tara.rs\/sr\/?page_id=11224"},"modified":"2025-03-24T12:11:16","modified_gmt":"2025-03-24T11:11:16","slug":"pretraga","status":"publish","type":"page","link":"https:\/\/tara.rs\/sr\/pretraga\/","title":{"rendered":"Pretraga"},"content":{"rendered":"","protected":false},"excerpt":{"rendered":"","protected":false},"author":1,"featured_media":89800,"parent":0,"menu_order":0,"comment_status":"closed","ping_status":"closed","template":"templates\/properties-search.php","meta":{"footnotes":""},"class_list":["post-11224","page","type-page","status-publish","has-post-thumbnail","hentry"],"yoast_head":"<!-- This site is optimized with the Yoast SEO plugin v25.3 - https:\/\/yoast.com\/wordpress\/plugins\/seo\/ -->\n<title>Pretraga - SME\u0160TAJ NA TARI - Vikendice, apartmani, brvnare, planinske ku\u0107e, hoteli...<\/title>\n<meta name=\"robots\" content=\"index, follow, max-snippet:-1, max-image-preview:large, max-video-preview:-1\" \/>\n<link rel=\"canonical\" href=\"https:\/\/tara.rs\/sr\/pretraga\/\" \/>\n<meta property=\"og:locale\" content=\"sr_RS\" \/>\n<meta property=\"og:type\" content=\"article\" \/>\n<meta property=\"og:title\" content=\"Pretraga - SME\u0160TAJ NA TARI - Vikendice, apartmani, brvnare, planinske ku\u0107e, hoteli...\" \/>\n<meta property=\"og:url\" content=\"https:\/\/tara.rs\/sr\/pretraga\/\" \/>\n<meta property=\"og:site_name\" content=\"SME\u0160TAJ NA TARI - Vikendice, apartmani, brvnare, planinske ku\u0107e, hoteli...\" \/>\n<meta property=\"article:modified_time\" content=\"2025-03-24T11:11:16+00:00\" \/>\n<meta property=\"og:image\" content=\"https:\/\/tara.rs\/wp-content\/uploads\/2025\/03\/smestaj-na-planini-tari-2025-najbolja-ponuda-400-objekata.jpg\" \/>\n\t<meta property=\"og:image:width\" content=\"1063\" \/>\n\t<meta property=\"og:image:height\" content=\"438\" \/>\n\t<meta property=\"og:image:type\" content=\"image\/jpeg\" \/>\n<meta name=\"twitter:card\" content=\"summary_large_image\" \/>\n<script type=\"application\/ld+json\" class=\"yoast-schema-graph\">{\"@context\":\"https:\/\/schema.org\",\"@graph\":[{\"@type\":\"WebPage\",\"@id\":\"https:\/\/tara.rs\/sr\/pretraga\/\",\"url\":\"https:\/\/tara.rs\/sr\/pretraga\/\",\"name\":\"Pretraga - SME\u0160TAJ NA TARI - Vikendice, apartmani, brvnare, planinske ku\u0107e, hoteli...\",\"isPartOf\":{\"@id\":\"https:\/\/tara.rs\/sr\/#website\"},\"primaryImageOfPage\":{\"@id\":\"https:\/\/tara.rs\/sr\/pretraga\/#primaryimage\"},\"image\":{\"@id\":\"https:\/\/tara.rs\/sr\/pretraga\/#primaryimage\"},\"thumbnailUrl\":\"https:\/\/tara.rs\/wp-content\/uploads\/2025\/03\/smestaj-na-planini-tari-2025-najbolja-ponuda-400-objekata.jpg\",\"datePublished\":\"2018-09-12T12:38:50+00:00\",\"dateModified\":\"2025-03-24T11:11:16+00:00\",\"inLanguage\":\"sr-RS\",\"potentialAction\":[{\"@type\":\"ReadAction\",\"target\":[\"https:\/\/tara.rs\/sr\/pretraga\/\"]}]},{\"@type\":\"ImageObject\",\"inLanguage\":\"sr-RS\",\"@id\":\"https:\/\/tara.rs\/sr\/pretraga\/#primaryimage\",\"url\":\"https:\/\/tara.rs\/wp-content\/uploads\/2025\/03\/smestaj-na-planini-tari-2025-najbolja-ponuda-400-objekata.jpg\",\"contentUrl\":\"https:\/\/tara.rs\/wp-content\/uploads\/2025\/03\/smestaj-na-planini-tari-2025-najbolja-ponuda-400-objekata.jpg\",\"width\":1063,\"height\":438},{\"@type\":\"WebSite\",\"@id\":\"https:\/\/tara.rs\/sr\/#website\",\"url\":\"https:\/\/tara.rs\/sr\/\",\"name\":\"SME\u0160TAJ NA TARI - Vikendice, apartmani, brvnare, planinske ku\u0107e, hoteli...\",\"description\":\"350 + OBJEKATA ZA SME\u0160TAJ NA TARI\",\"publisher\":{\"@id\":\"https:\/\/tara.rs\/sr\/#organization\"},\"alternateName\":\"TARA.RS - 450 + Objekata za sme\u0161aj\",\"potentialAction\":[{\"@type\":\"SearchAction\",\"target\":{\"@type\":\"EntryPoint\",\"urlTemplate\":\"https:\/\/tara.rs\/sr\/?s={search_term_string}\"},\"query-input\":{\"@type\":\"PropertyValueSpecification\",\"valueRequired\":true,\"valueName\":\"search_term_string\"}}],\"inLanguage\":\"sr-RS\"},{\"@type\":\"Organization\",\"@id\":\"https:\/\/tara.rs\/sr\/#organization\",\"name\":\"SME\u0160TAJ NA TARI - Vikendice, apartmani, brvnare, planinske ku\u0107e, hoteli...\",\"url\":\"https:\/\/tara.rs\/sr\/\",\"logo\":{\"@type\":\"ImageObject\",\"inLanguage\":\"sr-RS\",\"@id\":\"https:\/\/tara.rs\/sr\/#\/schema\/logo\/image\/\",\"url\":\"https:\/\/tara.rs\/wp-content\/uploads\/2026\/01\/tara-rs-logo-sajt-2.png\",\"contentUrl\":\"https:\/\/tara.rs\/wp-content\/uploads\/2026\/01\/tara-rs-logo-sajt-2.png\",\"width\":280,\"height\":100,\"caption\":\"SME\u0160TAJ NA TARI - Vikendice, apartmani, brvnare, planinske ku\u0107e, hoteli...\"},\"image\":{\"@id\":\"https:\/\/tara.rs\/sr\/#\/schema\/logo\/image\/\"}}]}<\/script>\n<!-- \/ Yoast SEO plugin. -->","yoast_head_json":{"title":"Pretraga - SME\u0160TAJ NA TARI - Vikendice, apartmani, brvnare, planinske ku\u0107e, hoteli...","robots":{"index":"index","follow":"follow","max-snippet":"max-snippet:-1","max-image-preview":"max-image-preview:large","max-video-preview":"max-video-preview:-1"},"canonical":"https:\/\/tara.rs\/sr\/pretraga\/","og_locale":"sr_RS","og_type":"article","og_title":"Pretraga - SME\u0160TAJ NA TARI - Vikendice, apartmani, brvnare, planinske ku\u0107e, hoteli...","og_url":"https:\/\/tara.rs\/sr\/pretraga\/","og_site_name":"SME\u0160TAJ NA TARI - Vikendice, apartmani, brvnare, planinske ku\u0107e, hoteli...","article_modified_time":"2025-03-24T11:11:16+00:00","og_image":[{"width":1063,"height":438,"url":"https:\/\/tara.rs\/wp-content\/uploads\/2025\/03\/smestaj-na-planini-tari-2025-najbolja-ponuda-400-objekata.jpg","type":"image\/jpeg"}],"twitter_card":"summary_large_image","schema":{"@context":"https:\/\/schema.org","@graph":[{"@type":"WebPage","@id":"https:\/\/tara.rs\/sr\/pretraga\/","url":"https:\/\/tara.rs\/sr\/pretraga\/","name":"Pretraga - SME\u0160TAJ NA TARI - Vikendice, apartmani, brvnare, planinske ku\u0107e, hoteli...","isPartOf":{"@id":"https:\/\/tara.rs\/sr\/#website"},"primaryImageOfPage":{"@id":"https:\/\/tara.rs\/sr\/pretraga\/#primaryimage"},"image":{"@id":"https:\/\/tara.rs\/sr\/pretraga\/#primaryimage"},"thumbnailUrl":"https:\/\/tara.rs\/wp-content\/uploads\/2025\/03\/smestaj-na-planini-tari-2025-najbolja-ponuda-400-objekata.jpg","datePublished":"2018-09-12T12:38:50+00:00","dateModified":"2025-03-24T11:11:16+00:00","inLanguage":"sr-RS","potentialAction":[{"@type":"ReadAction","target":["https:\/\/tara.rs\/sr\/pretraga\/"]}]},{"@type":"ImageObject","inLanguage":"sr-RS","@id":"https:\/\/tara.rs\/sr\/pretraga\/#primaryimage","url":"https:\/\/tara.rs\/wp-content\/uploads\/2025\/03\/smestaj-na-planini-tari-2025-najbolja-ponuda-400-objekata.jpg","contentUrl":"https:\/\/tara.rs\/wp-content\/uploads\/2025\/03\/smestaj-na-planini-tari-2025-najbolja-ponuda-400-objekata.jpg","width":1063,"height":438},{"@type":"WebSite","@id":"https:\/\/tara.rs\/sr\/#website","url":"https:\/\/tara.rs\/sr\/","name":"SME\u0160TAJ NA TARI - Vikendice, apartmani, brvnare, planinske ku\u0107e, hoteli...","description":"350 + OBJEKATA ZA SME\u0160TAJ NA TARI","publisher":{"@id":"https:\/\/tara.rs\/sr\/#organization"},"alternateName":"TARA.RS - 450 + Objekata za sme\u0161aj","potentialAction":[{"@type":"SearchAction","target":{"@type":"EntryPoint","urlTemplate":"https:\/\/tara.rs\/sr\/?s={search_term_string}"},"query-input":{"@type":"PropertyValueSpecification","valueRequired":true,"valueName":"search_term_string"}}],"inLanguage":"sr-RS"},{"@type":"Organization","@id":"https:\/\/tara.rs\/sr\/#organization","name":"SME\u0160TAJ NA TARI - Vikendice, apartmani, brvnare, planinske ku\u0107e, hoteli...","url":"https:\/\/tara.rs\/sr\/","logo":{"@type":"ImageObject","inLanguage":"sr-RS","@id":"https:\/\/tara.rs\/sr\/#\/schema\/logo\/image\/","url":"https:\/\/tara.rs\/wp-content\/uploads\/2026\/01\/tara-rs-logo-sajt-2.png","contentUrl":"https:\/\/tara.rs\/wp-content\/uploads\/2026\/01\/tara-rs-logo-sajt-2.png","width":280,"height":100,"caption":"SME\u0160TAJ NA TARI - Vikendice, apartmani, brvnare, planinske ku\u0107e, hoteli..."},"image":{"@id":"https:\/\/tara.rs\/sr\/#\/schema\/logo\/image\/"}}]}},"_links":{"self":[{"href":"https:\/\/tara.rs\/sr\/wp-json\/wp\/v2\/pages\/11224"}],"collection":[{"href":"https:\/\/tara.rs\/sr\/wp-json\/wp\/v2\/pages"}],"about":[{"href":"https:\/\/tara.rs\/sr\/wp-json\/wp\/v2\/types\/page"}],"author":[{"embeddable":true,"href":"https:\/\/tara.rs\/sr\/wp-json\/wp\/v2\/users\/1"}],"replies":[{"embeddable":true,"href":"https:\/\/tara.rs\/sr\/wp-json\/wp\/v2\/comments?post=11224"}],"version-history":[{"count":19,"href":"https:\/\/tara.rs\/sr\/wp-json\/wp\/v2\/pages\/11224\/revisions"}],"predecessor-version":[{"id":67361,"href":"https:\/\/tara.rs\/sr\/wp-json\/wp\/v2\/pages\/11224\/revisions\/67361"}],"wp:featuredmedia":[{"embeddable":true,"href":"https:\/\/tara.rs\/sr\/wp-json\/wp\/v2\/media\/89800"}],"wp:attachment":[{"href":"https:\/\/tara.rs\/sr\/wp-json\/wp\/v2\/media?parent=11224"}],"curies":[{"name":"wp","href":"https:\/\/api.w.org\/{rel}","templated":true}]}}