{"id":11239,"date":"2018-09-13T07:33:21","date_gmt":"2018-09-13T07:33:21","guid":{"rendered":"http:\/\/tara.rs\/sr\/?page_id=11239"},"modified":"2018-10-14T18:46:22","modified_gmt":"2018-10-14T18:46:22","slug":"politika-privatnosti","status":"publish","type":"page","link":"https:\/\/tara.rs\/sr\/politika-privatnosti\/","title":{"rendered":"Politika Privatnosti !"},"content":{"rendered":"<p>Po\u0161tovani posetioci,<\/p>\n<p>Hvala na poseti na\u0161e internet prezentacije.<\/p>\n<p>Va\u0161 pristup na\u0161em sajtu podle\u017ee uslovima kori\u0161\u0107enja internet sajta i politici privatnosti, kao i va\u017ee\u0107im propisima Republike Srbije koji ure\u0111uju ovu oblast.<\/p>\n<p>Pristupom i kori\u0161\u0107enjem na\u0161eg internet sajta, prihvatate bez ograni\u010denja, ove uslove kori\u0161\u0107enja.<\/p>\n<p>Agencija za reklamnu delatnost &#8222;Tara-planina&#8220; \u010duva privatnost svih posetilaca ovog internet sajta i \u0161titi li\u010dne podatke posetilaca (u daljem tekstu: posetilac i\/ili korisnik internet sajta).<\/p>\n<p>Upotreba informacija<\/p>\n<p>Svi korisnici interneta mogu bez ograni\u010denja i u skladu sa uslovima kori\u0161\u0107enja, posetiti internet prezentacije Agencija za reklamnu delatnost &#8222;Tara-planina&#8220; bez otkrivanja bilo kakve li\u010dne informacije o sebi. Sve informacije koje prikupljamo koristimo kako bismo olak\u0161ali upotrebu internet prezentacije, kao i da bismo spre\u010dili zloupotrebu i nelegalne aktivnosti na njoj.<\/p>\n<p>Prikupljamo samo informacije o kori\u0161\u0107enju internet prezentacije, poput broja preuzimanja odre\u0111enih datoteka, dnevnog broja korisnika, broja pregledanih stranica, IP adrese ra\u010dunara. Ove informacije koristimo kako bismo unapredili internet prezentaciju i pru\u017eili \u0161to relevantnije iskustvo na\u0161im korisnicima.<\/p>\n<p>Prikupljanje li\u010dnih podataka<\/p>\n<p>Li\u010dne podatke koje nam date ili do kojih do\u0111emo putem ovog internet sajta, koristi\u0107emo isklju\u010divo za odgovaranje na va\u0161a pitanja i\/ili za pobolj\u0161anje na\u0161ih usluga, obave\u0161tavanje o ponudama i dodatnim informacijama i aktuelnostima koje vas kao korisnika interesuju.<\/p>\n<p>Nagla\u0161avamo da Agencija za reklamnu delatnost &#8222;Tara-planina&#8220; mo\u017ee prikupljati li\u010dne podatke od korisnika internet sajta isklju\u010divo u skladu sa odredbama Zakona o za\u0161titi podataka o li\u010dnosti (\u201eSlu\u017ebeni glasnik Republike Srbije\u201c br. 97\/2008, 104\/2009, 68\/2012 i 107\/2012), (u daljem tekstu: Zakon).<\/p>\n<p>Upotreba \u201ecookies\u201c<\/p>\n<p>Internet prezentacija Tara.rs koristi kola\u010di\u0107e (eng. cookies) u prikupljanju podataka.<\/p>\n<p>Kola\u010di\u0107 je mala tekstualna datoteka koja se \u0161alje va\u0161em ra\u010dunaru prilikom posete nekoj internet prezentaciji. Kola\u010di\u0107i na internet prezentaciji www.tara.rs vr\u0161e veliki broj razli\u010ditih funkcija i omogu\u0107avaju vam efikasnije kretanje po stranicama, \u010duvaju va\u0161e omiljene postavke i doprinose boljem do\u017eivljaju internet prezentacije.<\/p>\n<p>Na internet prezentaciji se mogu koristiti i kola\u010di\u0107i koji nisu neophodni za njihovo funkcionisanje. Takve kola\u010di\u0107e ne koristimo za pra\u0107enje pona\u0161anja pojedina\u010dnih korisnika niti njihovu identifikaciju ve\u0107 za sticanje korisnih saznanja o na\u010dinu kori\u0161\u0107enja internet prezentacije tako da ih mo\u017eemo dalje unapre\u0111ivati za na\u0161e korisnike.<\/p>\n<p>Ukoliko ne \u017eelite da primate kola\u010di\u0107e, mo\u017eete svoj internet pretra\u017eiva\u010d podesiti tako da vas obave\u0161tava kada vam se kola\u010di\u0107i \u0161alju, a mo\u017eete i da odbijete prijem svih kola\u010di\u0107a. Tako\u0111e mo\u017eete da obri\u0161ete kola\u010di\u0107e koji su ve\u0107 postavljeni na va\u0161 ra\u010dunar.<\/p>\n<p>Ograni\u010davanje ili blokiranje kola\u010di\u0107a koji se putem internet pretra\u017eiva\u010da postavljaju na va\u0161 ure\u0111aj se vr\u0161i pode\u0161avanjem postavki internet pregleda\u010da. Za vi\u0161e informacija mo\u017eete posetiti internet sajt www.aboutcookies.org koji sadr\u017ei detaljna uputstva o ovom postupku u razli\u010ditim internet pregleda\u010dima.<\/p>\n<p>Prava intelektualne svojine<\/p>\n<p>Kompletan sadr\u017eaj internet sajta Tara.rs (svi tekstovi, logotipi, fotografije, audio sadr\u017eaj i video materijal na ovom internet sajtu) jesu autorsko pravo ili vlasni\u0161tvo Agencija za reklamnu delatnost &#8222;Tara-planina&#8220;, ili su na internet sajt postavljeni uz dozvolu vlasnika odnosno ovla\u0161\u0107enog nosioca prava intelektualne svojine.<\/p>\n<p>Kori\u0161\u0107enje sadr\u017eaja, osim na na\u010din opisan u ovim uslovima kori\u0161\u0107enja, bez pisane dozvole vlasnika sadr\u017eaja je strogo zabranjeno.<\/p>\n<p>Funkcionisanje internet sajta<\/p>\n<p>Agencija za reklamnu delatnost &#8222;Tara-planina&#8220; ne garantuje da \u0107e internet sajt funkcionisati bez prekida ili gre\u0161aka, ali \u0107e nastojati da nedostatke otkloni u \u0161to kra\u0107em roku.<\/p>\n<p>Agencija za reklamnu delatnost &#8222;Tara-planina&#8220; nije odgovorna za materijalnu ili nematerijalnu \u0161tetu, direktnu ili indirektnu koja mo\u017ee da nastane kori\u0161\u0107enjem internet sajta ili njegovog sadr\u017eaja. Tako\u0111e, na\u0161 internet sajt mo\u017ee sadr\u017eati linkove ka drugim internet sajtovima koji su nezavisni od\u00a0prezentacije www.tara.rs\u00a0 i koji samim tim ne podle\u017eu ovoj Politici privatnosti i uslovima kori\u0161\u0107enja. Agencija za reklamnu delatnost &#8222;Tara-planina&#8220; ne kontroli\u0161e i nije odgovorna za sadr\u017eaj, uslove kori\u0161\u0107enja, politiku privatnosti ili bezbednost drugih internet sajtova.<\/p>\n<p>Izmena politike privatnosti i uslova kori\u0161\u0107enja internet sajta<\/p>\n<p>Agencija za reklamnu delatnost &#8222;Tara-planina&#8220; zadr\u017eava pravo da u svakom trenutku izmeni politiku privatnosti i uslove kori\u0161\u0107enja ovog internet sajta.<\/p>\n","protected":false},"excerpt":{"rendered":"<p>Po\u0161tovani posetioci, Hvala na poseti na\u0161e internet prezentacije. Va\u0161 pristup na\u0161em sajtu podle\u017ee uslovima kori\u0161\u0107enja internet sajta i politici privatnosti, kao i va\u017ee\u0107im propisima Republike Srbije koji ure\u0111uju ovu oblast. Pristupom i kori\u0161\u0107enjem na\u0161eg internet sajta, prihvatate bez ograni\u010denja, ove uslove kori\u0161\u0107enja. Agencija za reklamnu delatnost &#8222;Tara-planina&#8220; \u010duva privatnost svih posetilaca ovog internet sajta i&#8230;<\/p>\n","protected":false},"author":1,"featured_media":0,"parent":0,"menu_order":0,"comment_status":"closed","ping_status":"closed","template":"","meta":{"footnotes":""},"class_list":["post-11239","page","type-page","status-publish","hentry"],"yoast_head":"<!-- This site is optimized with the Yoast SEO plugin v25.3 - https:\/\/yoast.com\/wordpress\/plugins\/seo\/ -->\n<title>Politika Privatnosti ! - SME\u0160TAJ NA TARI - Vikendice, apartmani, brvnare, planinske ku\u0107e, hoteli...<\/title>\n<meta name=\"robots\" content=\"index, follow, max-snippet:-1, max-image-preview:large, max-video-preview:-1\" \/>\n<link rel=\"canonical\" href=\"https:\/\/tara.rs\/sr\/politika-privatnosti\/\" \/>\n<meta property=\"og:locale\" content=\"sr_RS\" \/>\n<meta property=\"og:type\" content=\"article\" \/>\n<meta property=\"og:title\" content=\"Politika Privatnosti ! - SME\u0160TAJ NA TARI - Vikendice, apartmani, brvnare, planinske ku\u0107e, hoteli...\" \/>\n<meta property=\"og:description\" content=\"Po\u0161tovani posetioci, Hvala na poseti na\u0161e internet prezentacije. Va\u0161 pristup na\u0161em sajtu podle\u017ee uslovima kori\u0161\u0107enja internet sajta i politici privatnosti, kao i va\u017ee\u0107im propisima Republike Srbije koji ure\u0111uju ovu oblast. Pristupom i kori\u0161\u0107enjem na\u0161eg internet sajta, prihvatate bez ograni\u010denja, ove uslove kori\u0161\u0107enja. Agencija za reklamnu delatnost &#8222;Tara-planina&#8220; \u010duva privatnost svih posetilaca ovog internet sajta i...\" \/>\n<meta property=\"og:url\" content=\"https:\/\/tara.rs\/sr\/politika-privatnosti\/\" \/>\n<meta property=\"og:site_name\" content=\"SME\u0160TAJ NA TARI - Vikendice, apartmani, brvnare, planinske ku\u0107e, hoteli...\" \/>\n<meta property=\"article:modified_time\" content=\"2018-10-14T18:46:22+00:00\" \/>\n<meta property=\"og:image\" content=\"https:\/\/tara.rs\/wp-content\/uploads\/2023\/03\/smestaj-tara-2023-odmor-letovanje-6.jpg\" \/>\n\t<meta property=\"og:image:width\" content=\"1200\" \/>\n\t<meta property=\"og:image:height\" content=\"617\" \/>\n\t<meta property=\"og:image:type\" content=\"image\/jpeg\" \/>\n<meta name=\"twitter:card\" content=\"summary_large_image\" \/>\n<meta name=\"twitter:label1\" content=\"\u041f\u0440\u043e\u0446\u0435\u045a\u0435\u043d\u043e \u0432\u0440\u0435\u043c\u0435 \u0447\u0438\u0442\u0430\u045a\u0430\" \/>\n\t<meta name=\"twitter:data1\" content=\"4 \u043c\u0438\u043d\u0443\u0442\u0430\" \/>\n<script type=\"application\/ld+json\" class=\"yoast-schema-graph\">{\"@context\":\"https:\/\/schema.org\",\"@graph\":[{\"@type\":\"WebPage\",\"@id\":\"https:\/\/tara.rs\/sr\/politika-privatnosti\/\",\"url\":\"https:\/\/tara.rs\/sr\/politika-privatnosti\/\",\"name\":\"Politika Privatnosti ! - SME\u0160TAJ NA TARI - Vikendice, apartmani, brvnare, planinske ku\u0107e, hoteli...\",\"isPartOf\":{\"@id\":\"https:\/\/tara.rs\/sr\/#website\"},\"datePublished\":\"2018-09-13T07:33:21+00:00\",\"dateModified\":\"2018-10-14T18:46:22+00:00\",\"inLanguage\":\"sr-RS\",\"potentialAction\":[{\"@type\":\"ReadAction\",\"target\":[\"https:\/\/tara.rs\/sr\/politika-privatnosti\/\"]}]},{\"@type\":\"WebSite\",\"@id\":\"https:\/\/tara.rs\/sr\/#website\",\"url\":\"https:\/\/tara.rs\/sr\/\",\"name\":\"SME\u0160TAJ NA TARI - Vikendice, apartmani, brvnare, planinske ku\u0107e, hoteli...\",\"description\":\"350 + OBJEKATA ZA SME\u0160TAJ NA TARI\",\"publisher\":{\"@id\":\"https:\/\/tara.rs\/sr\/#organization\"},\"alternateName\":\"TARA.RS - 450 + Objekata za sme\u0161aj\",\"potentialAction\":[{\"@type\":\"SearchAction\",\"target\":{\"@type\":\"EntryPoint\",\"urlTemplate\":\"https:\/\/tara.rs\/sr\/?s={search_term_string}\"},\"query-input\":{\"@type\":\"PropertyValueSpecification\",\"valueRequired\":true,\"valueName\":\"search_term_string\"}}],\"inLanguage\":\"sr-RS\"},{\"@type\":\"Organization\",\"@id\":\"https:\/\/tara.rs\/sr\/#organization\",\"name\":\"SME\u0160TAJ NA TARI - Vikendice, apartmani, brvnare, planinske ku\u0107e, hoteli...\",\"url\":\"https:\/\/tara.rs\/sr\/\",\"logo\":{\"@type\":\"ImageObject\",\"inLanguage\":\"sr-RS\",\"@id\":\"https:\/\/tara.rs\/sr\/#\/schema\/logo\/image\/\",\"url\":\"https:\/\/tara.rs\/wp-content\/uploads\/2026\/01\/tara-rs-logo-sajt-2.png\",\"contentUrl\":\"https:\/\/tara.rs\/wp-content\/uploads\/2026\/01\/tara-rs-logo-sajt-2.png\",\"width\":280,\"height\":100,\"caption\":\"SME\u0160TAJ NA TARI - Vikendice, apartmani, brvnare, planinske ku\u0107e, hoteli...\"},\"image\":{\"@id\":\"https:\/\/tara.rs\/sr\/#\/schema\/logo\/image\/\"}}]}<\/script>\n<!-- \/ Yoast SEO plugin. -->","yoast_head_json":{"title":"Politika Privatnosti ! - SME\u0160TAJ NA TARI - Vikendice, apartmani, brvnare, planinske ku\u0107e, hoteli...","robots":{"index":"index","follow":"follow","max-snippet":"max-snippet:-1","max-image-preview":"max-image-preview:large","max-video-preview":"max-video-preview:-1"},"canonical":"https:\/\/tara.rs\/sr\/politika-privatnosti\/","og_locale":"sr_RS","og_type":"article","og_title":"Politika Privatnosti ! - SME\u0160TAJ NA TARI - Vikendice, apartmani, brvnare, planinske ku\u0107e, hoteli...","og_description":"Po\u0161tovani posetioci, Hvala na poseti na\u0161e internet prezentacije. Va\u0161 pristup na\u0161em sajtu podle\u017ee uslovima kori\u0161\u0107enja internet sajta i politici privatnosti, kao i va\u017ee\u0107im propisima Republike Srbije koji ure\u0111uju ovu oblast. Pristupom i kori\u0161\u0107enjem na\u0161eg internet sajta, prihvatate bez ograni\u010denja, ove uslove kori\u0161\u0107enja. Agencija za reklamnu delatnost &#8222;Tara-planina&#8220; \u010duva privatnost svih posetilaca ovog internet sajta i...","og_url":"https:\/\/tara.rs\/sr\/politika-privatnosti\/","og_site_name":"SME\u0160TAJ NA TARI - Vikendice, apartmani, brvnare, planinske ku\u0107e, hoteli...","article_modified_time":"2018-10-14T18:46:22+00:00","og_image":[{"width":1200,"height":617,"url":"https:\/\/tara.rs\/wp-content\/uploads\/2023\/03\/smestaj-tara-2023-odmor-letovanje-6.jpg","type":"image\/jpeg"}],"twitter_card":"summary_large_image","twitter_misc":{"\u041f\u0440\u043e\u0446\u0435\u045a\u0435\u043d\u043e \u0432\u0440\u0435\u043c\u0435 \u0447\u0438\u0442\u0430\u045a\u0430":"4 \u043c\u0438\u043d\u0443\u0442\u0430"},"schema":{"@context":"https:\/\/schema.org","@graph":[{"@type":"WebPage","@id":"https:\/\/tara.rs\/sr\/politika-privatnosti\/","url":"https:\/\/tara.rs\/sr\/politika-privatnosti\/","name":"Politika Privatnosti ! - SME\u0160TAJ NA TARI - Vikendice, apartmani, brvnare, planinske ku\u0107e, hoteli...","isPartOf":{"@id":"https:\/\/tara.rs\/sr\/#website"},"datePublished":"2018-09-13T07:33:21+00:00","dateModified":"2018-10-14T18:46:22+00:00","inLanguage":"sr-RS","potentialAction":[{"@type":"ReadAction","target":["https:\/\/tara.rs\/sr\/politika-privatnosti\/"]}]},{"@type":"WebSite","@id":"https:\/\/tara.rs\/sr\/#website","url":"https:\/\/tara.rs\/sr\/","name":"SME\u0160TAJ NA TARI - Vikendice, apartmani, brvnare, planinske ku\u0107e, hoteli...","description":"350 + OBJEKATA ZA SME\u0160TAJ NA TARI","publisher":{"@id":"https:\/\/tara.rs\/sr\/#organization"},"alternateName":"TARA.RS - 450 + Objekata za sme\u0161aj","potentialAction":[{"@type":"SearchAction","target":{"@type":"EntryPoint","urlTemplate":"https:\/\/tara.rs\/sr\/?s={search_term_string}"},"query-input":{"@type":"PropertyValueSpecification","valueRequired":true,"valueName":"search_term_string"}}],"inLanguage":"sr-RS"},{"@type":"Organization","@id":"https:\/\/tara.rs\/sr\/#organization","name":"SME\u0160TAJ NA TARI - Vikendice, apartmani, brvnare, planinske ku\u0107e, hoteli...","url":"https:\/\/tara.rs\/sr\/","logo":{"@type":"ImageObject","inLanguage":"sr-RS","@id":"https:\/\/tara.rs\/sr\/#\/schema\/logo\/image\/","url":"https:\/\/tara.rs\/wp-content\/uploads\/2026\/01\/tara-rs-logo-sajt-2.png","contentUrl":"https:\/\/tara.rs\/wp-content\/uploads\/2026\/01\/tara-rs-logo-sajt-2.png","width":280,"height":100,"caption":"SME\u0160TAJ NA TARI - Vikendice, apartmani, brvnare, planinske ku\u0107e, hoteli..."},"image":{"@id":"https:\/\/tara.rs\/sr\/#\/schema\/logo\/image\/"}}]}},"_links":{"self":[{"href":"https:\/\/tara.rs\/sr\/wp-json\/wp\/v2\/pages\/11239"}],"collection":[{"href":"https:\/\/tara.rs\/sr\/wp-json\/wp\/v2\/pages"}],"about":[{"href":"https:\/\/tara.rs\/sr\/wp-json\/wp\/v2\/types\/page"}],"author":[{"embeddable":true,"href":"https:\/\/tara.rs\/sr\/wp-json\/wp\/v2\/users\/1"}],"replies":[{"embeddable":true,"href":"https:\/\/tara.rs\/sr\/wp-json\/wp\/v2\/comments?post=11239"}],"version-history":[{"count":3,"href":"https:\/\/tara.rs\/sr\/wp-json\/wp\/v2\/pages\/11239\/revisions"}],"predecessor-version":[{"id":11401,"href":"https:\/\/tara.rs\/sr\/wp-json\/wp\/v2\/pages\/11239\/revisions\/11401"}],"wp:attachment":[{"href":"https:\/\/tara.rs\/sr\/wp-json\/wp\/v2\/media?parent=11239"}],"curies":[{"name":"wp","href":"https:\/\/api.w.org\/{rel}","templated":true}]}}