{"id":14750,"date":"2019-08-13T18:37:21","date_gmt":"2019-08-13T16:37:21","guid":{"rendered":"http:\/\/tara.rs\/sr\/?page_id=14750"},"modified":"2020-02-01T17:57:36","modified_gmt":"2020-02-01T16:57:36","slug":"video-snimci-planine-tare","status":"publish","type":"page","link":"https:\/\/tara.rs\/sr\/video-snimci-planine-tare\/","title":{"rendered":"Video snimci planine Tare"},"content":{"rendered":"<p>[vc_row][vc_column width=&#8220;1\/2&#8243;][vc_video link=&#8220;https:\/\/www.youtube.com\/watch?v=GmoXHsSfsBQ&#8220; align=&#8220;center&#8220; title=&#8220;\u0160etnja na skijama&#8220;][\/vc_column][vc_column width=&#8220;1\/2&#8243;][vc_video link=&#8220;https:\/\/www.youtube.com\/watch?v=5hxE2vvjGAI&amp;t=2s&#8220; align=&#8220;center&#8220; title=&#8220;Jesen na Tari&#8220;][\/vc_column][vc_column][vc_video link=&#8220;https:\/\/www.youtube.com\/watch?v=G6yI6g99qJw&amp;feature=youtu.be&#8220; align=&#8220;center&#8220; title=&#8220;Top 5 mesta na Tari koja morate videti&#8220;][\/vc_column][\/vc_row][vc_row][vc_column width=&#8220;1\/2&#8243;][vc_video link=&#8220;https:\/\/www.youtube.com\/watch?v=BA0p5Qgs9ok&amp;t=6s&#8220; align=&#8220;center&#8220; title=&#8220;Jezero u Zaovinama&#8220;][\/vc_column][vc_column width=&#8220;1\/2&#8243;][vc_video link=&#8220;https:\/\/www.youtube.com\/watch?v=RtoJlYzVf68&amp;t=37s&#8220; align=&#8220;center&#8220; title=&#8220;Moja TARA &#8211; jun i jul mesec&#8220;][\/vc_column][\/vc_row][vc_row][vc_column width=&#8220;1\/2&#8243;][vc_video link=&#8220;https:\/\/www.youtube.com\/watch?v=sbortiQNMCM&#8220; align=&#8220;center&#8220; title=&#8220;Nacionalni Park Tara&#8220;][\/vc_column][vc_column width=&#8220;1\/2&#8243;][vc_video link=&#8220;https:\/\/www.youtube.com\/watch?v=rO9D-hED-Aw&#8220; align=&#8220;center&#8220; title=&#8220;Zima na Kaludjerskim Barama na Tari&#8220;][\/vc_column][\/vc_row][vc_row][vc_column width=&#8220;1\/2&#8243;][vc_video link=&#8220;https:\/\/www.youtube.com\/watch?v=O8sa2Nxj-WU&#8220; align=&#8220;center&#8220; title=&#8220;Tara &#8211; Zimska Bajka&#8220;][\/vc_column][vc_column width=&#8220;1\/2&#8243;][vc_video link=&#8220;https:\/\/www.youtube.com\/watch?v=3WU-7yz3WYA&#8220; align=&#8220;center&#8220; title=&#8220;Zimska \u0161etnja Tarom&#8220;][\/vc_column][\/vc_row][vc_row][vc_column width=&#8220;1\/2&#8243;][vc_video link=&#8220;https:\/\/www.youtube.com\/watch?v=01JZIhGfRyE&amp;t=19s&#8220; align=&#8220;center&#8220; title=&#8220;Letovanje u Zaovinama na Tari&#8220;][\/vc_column][vc_column width=&#8220;1\/2&#8243;][vc_video link=&#8220;https:\/\/www.youtube.com\/watch?v=DTfjBXaig2A&amp;t=106s&#8220; align=&#8220;center&#8220; title=&#8220;Planina Tara, na korak od reke Drine&#8220;][\/vc_column][\/vc_row][vc_row][vc_column][vc_btn title=&#8220;JO\u0160 VIDEO SNIMAKA&#8220; style=&#8220;flat&#8220; color=&#8220;danger&#8220; size=&#8220;lg&#8220; align=&#8220;center&#8220; button_block=&#8220;true&#8220; link=&#8220;url:https%3A%2F%2Fwww.youtube.com%2Fuser%2Fneshommm||target:%20_blank|&#8220;][\/vc_column][\/vc_row]<\/p>\n","protected":false},"excerpt":{"rendered":"<p>[vc_row][vc_column width=&#8220;1\/2&#8243;][vc_video link=&#8220;https:\/\/www.youtube.com\/watch?v=GmoXHsSfsBQ&#8220; align=&#8220;center&#8220; title=&#8220;\u0160etnja na skijama&#8220;][\/vc_column][vc_column width=&#8220;1\/2&#8243;][vc_video link=&#8220;https:\/\/www.youtube.com\/watch?v=5hxE2vvjGAI&amp;t=2s&#8220; align=&#8220;center&#8220; title=&#8220;Jesen na Tari&#8220;][\/vc_column][vc_column][vc_video link=&#8220;https:\/\/www.youtube.com\/watch?v=G6yI6g99qJw&amp;feature=youtu.be&#8220; align=&#8220;center&#8220; title=&#8220;Top 5 mesta na Tari koja morate videti&#8220;][\/vc_column][\/vc_row][vc_row][vc_column width=&#8220;1\/2&#8243;][vc_video link=&#8220;https:\/\/www.youtube.com\/watch?v=BA0p5Qgs9ok&amp;t=6s&#8220; align=&#8220;center&#8220; title=&#8220;Jezero u Zaovinama&#8220;][\/vc_column][vc_column width=&#8220;1\/2&#8243;][vc_video link=&#8220;https:\/\/www.youtube.com\/watch?v=RtoJlYzVf68&amp;t=37s&#8220; align=&#8220;center&#8220; title=&#8220;Moja TARA &#8211; jun i jul mesec&#8220;][\/vc_column][\/vc_row][vc_row][vc_column width=&#8220;1\/2&#8243;][vc_video link=&#8220;https:\/\/www.youtube.com\/watch?v=sbortiQNMCM&#8220; align=&#8220;center&#8220; title=&#8220;Nacionalni Park Tara&#8220;][\/vc_column][vc_column width=&#8220;1\/2&#8243;][vc_video link=&#8220;https:\/\/www.youtube.com\/watch?v=rO9D-hED-Aw&#8220; align=&#8220;center&#8220; title=&#8220;Zima na Kaludjerskim Barama na Tari&#8220;][\/vc_column][\/vc_row][vc_row][vc_column width=&#8220;1\/2&#8243;][vc_video&#8230;<\/p>\n","protected":false},"author":1,"featured_media":0,"parent":0,"menu_order":0,"comment_status":"closed","ping_status":"closed","template":"","meta":{"footnotes":""},"class_list":["post-14750","page","type-page","status-publish","hentry"],"yoast_head":"<!-- This site is optimized with the Yoast SEO plugin v25.3 - https:\/\/yoast.com\/wordpress\/plugins\/seo\/ -->\n<title>Video snimci planine Tare - SME\u0160TAJ NA TARI - Vikendice, apartmani, brvnare, planinske ku\u0107e, hoteli...<\/title>\n<meta name=\"robots\" content=\"index, follow, max-snippet:-1, max-image-preview:large, max-video-preview:-1\" \/>\n<link rel=\"canonical\" href=\"https:\/\/tara.rs\/en\/srpski-jezik-video-snimci-planine-tare\/\" \/>\n<meta property=\"og:locale\" content=\"sr_RS\" \/>\n<meta property=\"og:type\" content=\"article\" \/>\n<meta property=\"og:title\" content=\"Video snimci planine Tare - SME\u0160TAJ NA TARI - Vikendice, apartmani, brvnare, planinske ku\u0107e, hoteli...\" \/>\n<meta property=\"og:description\" content=\"[vc_row][vc_column width=&#8220;1\/2&#8243;][vc_video link=&#8220;https:\/\/www.youtube.com\/watch?v=GmoXHsSfsBQ&#8220; align=&#8220;center&#8220; title=&#8220;\u0160etnja na skijama&#8220;][\/vc_column][vc_column width=&#8220;1\/2&#8243;][vc_video link=&#8220;https:\/\/www.youtube.com\/watch?v=5hxE2vvjGAI&amp;t=2s&#8220; align=&#8220;center&#8220; title=&#8220;Jesen na Tari&#8220;][\/vc_column][vc_column][vc_video link=&#8220;https:\/\/www.youtube.com\/watch?v=G6yI6g99qJw&amp;feature=youtu.be&#8220; align=&#8220;center&#8220; title=&#8220;Top 5 mesta na Tari koja morate videti&#8220;][\/vc_column][\/vc_row][vc_row][vc_column width=&#8220;1\/2&#8243;][vc_video link=&#8220;https:\/\/www.youtube.com\/watch?v=BA0p5Qgs9ok&amp;t=6s&#8220; align=&#8220;center&#8220; title=&#8220;Jezero u Zaovinama&#8220;][\/vc_column][vc_column width=&#8220;1\/2&#8243;][vc_video link=&#8220;https:\/\/www.youtube.com\/watch?v=RtoJlYzVf68&amp;t=37s&#8220; align=&#8220;center&#8220; title=&#8220;Moja TARA &#8211; jun i jul mesec&#8220;][\/vc_column][\/vc_row][vc_row][vc_column width=&#8220;1\/2&#8243;][vc_video link=&#8220;https:\/\/www.youtube.com\/watch?v=sbortiQNMCM&#8220; align=&#8220;center&#8220; title=&#8220;Nacionalni Park Tara&#8220;][\/vc_column][vc_column width=&#8220;1\/2&#8243;][vc_video link=&#8220;https:\/\/www.youtube.com\/watch?v=rO9D-hED-Aw&#8220; align=&#8220;center&#8220; title=&#8220;Zima na Kaludjerskim Barama na Tari&#8220;][\/vc_column][\/vc_row][vc_row][vc_column width=&#8220;1\/2&#8243;][vc_video...\" \/>\n<meta property=\"og:url\" content=\"https:\/\/tara.rs\/en\/srpski-jezik-video-snimci-planine-tare\/\" \/>\n<meta property=\"og:site_name\" content=\"SME\u0160TAJ NA TARI - Vikendice, apartmani, brvnare, planinske ku\u0107e, hoteli...\" \/>\n<meta property=\"article:modified_time\" content=\"2020-02-01T16:57:36+00:00\" \/>\n<meta property=\"og:image\" content=\"https:\/\/tara.rs\/wp-content\/uploads\/2023\/03\/smestaj-tara-2023-odmor-letovanje-6.jpg\" \/>\n\t<meta property=\"og:image:width\" content=\"1200\" \/>\n\t<meta property=\"og:image:height\" content=\"617\" \/>\n\t<meta property=\"og:image:type\" content=\"image\/jpeg\" \/>\n<meta name=\"twitter:card\" content=\"summary_large_image\" \/>\n<meta name=\"twitter:label1\" content=\"\u041f\u0440\u043e\u0446\u0435\u045a\u0435\u043d\u043e \u0432\u0440\u0435\u043c\u0435 \u0447\u0438\u0442\u0430\u045a\u0430\" \/>\n\t<meta name=\"twitter:data1\" content=\"2 \u043c\u0438\u043d\u0443\u0442\u0430\" \/>\n<script type=\"application\/ld+json\" class=\"yoast-schema-graph\">{\"@context\":\"https:\/\/schema.org\",\"@graph\":[{\"@type\":\"WebPage\",\"@id\":\"https:\/\/tara.rs\/en\/srpski-jezik-video-snimci-planine-tare\/\",\"url\":\"https:\/\/tara.rs\/en\/srpski-jezik-video-snimci-planine-tare\/\",\"name\":\"Video snimci planine Tare - SME\u0160TAJ NA TARI - Vikendice, apartmani, brvnare, planinske ku\u0107e, hoteli...\",\"isPartOf\":{\"@id\":\"https:\/\/tara.rs\/sr\/#website\"},\"datePublished\":\"2019-08-13T16:37:21+00:00\",\"dateModified\":\"2020-02-01T16:57:36+00:00\",\"inLanguage\":\"sr-RS\",\"potentialAction\":[{\"@type\":\"ReadAction\",\"target\":[\"https:\/\/tara.rs\/en\/srpski-jezik-video-snimci-planine-tare\/\"]}]},{\"@type\":\"WebSite\",\"@id\":\"https:\/\/tara.rs\/sr\/#website\",\"url\":\"https:\/\/tara.rs\/sr\/\",\"name\":\"SME\u0160TAJ NA TARI - Vikendice, apartmani, brvnare, planinske ku\u0107e, hoteli...\",\"description\":\"350 + OBJEKATA ZA SME\u0160TAJ NA TARI\",\"publisher\":{\"@id\":\"https:\/\/tara.rs\/sr\/#organization\"},\"alternateName\":\"TARA.RS - 450 + Objekata za sme\u0161aj\",\"potentialAction\":[{\"@type\":\"SearchAction\",\"target\":{\"@type\":\"EntryPoint\",\"urlTemplate\":\"https:\/\/tara.rs\/sr\/?s={search_term_string}\"},\"query-input\":{\"@type\":\"PropertyValueSpecification\",\"valueRequired\":true,\"valueName\":\"search_term_string\"}}],\"inLanguage\":\"sr-RS\"},{\"@type\":\"Organization\",\"@id\":\"https:\/\/tara.rs\/sr\/#organization\",\"name\":\"SME\u0160TAJ NA TARI - Vikendice, apartmani, brvnare, planinske ku\u0107e, hoteli...\",\"url\":\"https:\/\/tara.rs\/sr\/\",\"logo\":{\"@type\":\"ImageObject\",\"inLanguage\":\"sr-RS\",\"@id\":\"https:\/\/tara.rs\/sr\/#\/schema\/logo\/image\/\",\"url\":\"https:\/\/tara.rs\/wp-content\/uploads\/2026\/01\/tara-rs-logo-sajt-2.png\",\"contentUrl\":\"https:\/\/tara.rs\/wp-content\/uploads\/2026\/01\/tara-rs-logo-sajt-2.png\",\"width\":280,\"height\":100,\"caption\":\"SME\u0160TAJ NA TARI - Vikendice, apartmani, brvnare, planinske ku\u0107e, hoteli...\"},\"image\":{\"@id\":\"https:\/\/tara.rs\/sr\/#\/schema\/logo\/image\/\"}}]}<\/script>\n<!-- \/ Yoast SEO plugin. -->","yoast_head_json":{"title":"Video snimci planine Tare - SME\u0160TAJ NA TARI - Vikendice, apartmani, brvnare, planinske ku\u0107e, hoteli...","robots":{"index":"index","follow":"follow","max-snippet":"max-snippet:-1","max-image-preview":"max-image-preview:large","max-video-preview":"max-video-preview:-1"},"canonical":"https:\/\/tara.rs\/en\/srpski-jezik-video-snimci-planine-tare\/","og_locale":"sr_RS","og_type":"article","og_title":"Video snimci planine Tare - SME\u0160TAJ NA TARI - Vikendice, apartmani, brvnare, planinske ku\u0107e, hoteli...","og_description":"[vc_row][vc_column width=&#8220;1\/2&#8243;][vc_video link=&#8220;https:\/\/www.youtube.com\/watch?v=GmoXHsSfsBQ&#8220; align=&#8220;center&#8220; title=&#8220;\u0160etnja na skijama&#8220;][\/vc_column][vc_column width=&#8220;1\/2&#8243;][vc_video link=&#8220;https:\/\/www.youtube.com\/watch?v=5hxE2vvjGAI&amp;t=2s&#8220; align=&#8220;center&#8220; title=&#8220;Jesen na Tari&#8220;][\/vc_column][vc_column][vc_video link=&#8220;https:\/\/www.youtube.com\/watch?v=G6yI6g99qJw&amp;feature=youtu.be&#8220; align=&#8220;center&#8220; title=&#8220;Top 5 mesta na Tari koja morate videti&#8220;][\/vc_column][\/vc_row][vc_row][vc_column width=&#8220;1\/2&#8243;][vc_video link=&#8220;https:\/\/www.youtube.com\/watch?v=BA0p5Qgs9ok&amp;t=6s&#8220; align=&#8220;center&#8220; title=&#8220;Jezero u Zaovinama&#8220;][\/vc_column][vc_column width=&#8220;1\/2&#8243;][vc_video link=&#8220;https:\/\/www.youtube.com\/watch?v=RtoJlYzVf68&amp;t=37s&#8220; align=&#8220;center&#8220; title=&#8220;Moja TARA &#8211; jun i jul mesec&#8220;][\/vc_column][\/vc_row][vc_row][vc_column width=&#8220;1\/2&#8243;][vc_video link=&#8220;https:\/\/www.youtube.com\/watch?v=sbortiQNMCM&#8220; align=&#8220;center&#8220; title=&#8220;Nacionalni Park Tara&#8220;][\/vc_column][vc_column width=&#8220;1\/2&#8243;][vc_video link=&#8220;https:\/\/www.youtube.com\/watch?v=rO9D-hED-Aw&#8220; align=&#8220;center&#8220; title=&#8220;Zima na Kaludjerskim Barama na Tari&#8220;][\/vc_column][\/vc_row][vc_row][vc_column width=&#8220;1\/2&#8243;][vc_video...","og_url":"https:\/\/tara.rs\/en\/srpski-jezik-video-snimci-planine-tare\/","og_site_name":"SME\u0160TAJ NA TARI - Vikendice, apartmani, brvnare, planinske ku\u0107e, hoteli...","article_modified_time":"2020-02-01T16:57:36+00:00","og_image":[{"width":1200,"height":617,"url":"https:\/\/tara.rs\/wp-content\/uploads\/2023\/03\/smestaj-tara-2023-odmor-letovanje-6.jpg","type":"image\/jpeg"}],"twitter_card":"summary_large_image","twitter_misc":{"\u041f\u0440\u043e\u0446\u0435\u045a\u0435\u043d\u043e \u0432\u0440\u0435\u043c\u0435 \u0447\u0438\u0442\u0430\u045a\u0430":"2 \u043c\u0438\u043d\u0443\u0442\u0430"},"schema":{"@context":"https:\/\/schema.org","@graph":[{"@type":"WebPage","@id":"https:\/\/tara.rs\/en\/srpski-jezik-video-snimci-planine-tare\/","url":"https:\/\/tara.rs\/en\/srpski-jezik-video-snimci-planine-tare\/","name":"Video snimci planine Tare - SME\u0160TAJ NA TARI - Vikendice, apartmani, brvnare, planinske ku\u0107e, hoteli...","isPartOf":{"@id":"https:\/\/tara.rs\/sr\/#website"},"datePublished":"2019-08-13T16:37:21+00:00","dateModified":"2020-02-01T16:57:36+00:00","inLanguage":"sr-RS","potentialAction":[{"@type":"ReadAction","target":["https:\/\/tara.rs\/en\/srpski-jezik-video-snimci-planine-tare\/"]}]},{"@type":"WebSite","@id":"https:\/\/tara.rs\/sr\/#website","url":"https:\/\/tara.rs\/sr\/","name":"SME\u0160TAJ NA TARI - Vikendice, apartmani, brvnare, planinske ku\u0107e, hoteli...","description":"350 + OBJEKATA ZA SME\u0160TAJ NA TARI","publisher":{"@id":"https:\/\/tara.rs\/sr\/#organization"},"alternateName":"TARA.RS - 450 + Objekata za sme\u0161aj","potentialAction":[{"@type":"SearchAction","target":{"@type":"EntryPoint","urlTemplate":"https:\/\/tara.rs\/sr\/?s={search_term_string}"},"query-input":{"@type":"PropertyValueSpecification","valueRequired":true,"valueName":"search_term_string"}}],"inLanguage":"sr-RS"},{"@type":"Organization","@id":"https:\/\/tara.rs\/sr\/#organization","name":"SME\u0160TAJ NA TARI - Vikendice, apartmani, brvnare, planinske ku\u0107e, hoteli...","url":"https:\/\/tara.rs\/sr\/","logo":{"@type":"ImageObject","inLanguage":"sr-RS","@id":"https:\/\/tara.rs\/sr\/#\/schema\/logo\/image\/","url":"https:\/\/tara.rs\/wp-content\/uploads\/2026\/01\/tara-rs-logo-sajt-2.png","contentUrl":"https:\/\/tara.rs\/wp-content\/uploads\/2026\/01\/tara-rs-logo-sajt-2.png","width":280,"height":100,"caption":"SME\u0160TAJ NA TARI - Vikendice, apartmani, brvnare, planinske ku\u0107e, hoteli..."},"image":{"@id":"https:\/\/tara.rs\/sr\/#\/schema\/logo\/image\/"}}]}},"_links":{"self":[{"href":"https:\/\/tara.rs\/sr\/wp-json\/wp\/v2\/pages\/14750"}],"collection":[{"href":"https:\/\/tara.rs\/sr\/wp-json\/wp\/v2\/pages"}],"about":[{"href":"https:\/\/tara.rs\/sr\/wp-json\/wp\/v2\/types\/page"}],"author":[{"embeddable":true,"href":"https:\/\/tara.rs\/sr\/wp-json\/wp\/v2\/users\/1"}],"replies":[{"embeddable":true,"href":"https:\/\/tara.rs\/sr\/wp-json\/wp\/v2\/comments?post=14750"}],"version-history":[{"count":10,"href":"https:\/\/tara.rs\/sr\/wp-json\/wp\/v2\/pages\/14750\/revisions"}],"predecessor-version":[{"id":16634,"href":"https:\/\/tara.rs\/sr\/wp-json\/wp\/v2\/pages\/14750\/revisions\/16634"}],"wp:attachment":[{"href":"https:\/\/tara.rs\/sr\/wp-json\/wp\/v2\/media?parent=14750"}],"curies":[{"name":"wp","href":"https:\/\/api.w.org\/{rel}","templated":true}]}}