{"id":33551,"date":"2021-01-21T12:52:48","date_gmt":"2021-01-21T11:52:48","guid":{"rendered":"https:\/\/tara.rs\/sr\/?page_id=33551"},"modified":"2021-01-21T13:01:35","modified_gmt":"2021-01-21T12:01:35","slug":"tipovi-smestaja","status":"publish","type":"page","link":"https:\/\/tara.rs\/sr\/tipovi-smestaja\/","title":{"rendered":"Tipovi sme\u0161taja"},"content":{"rendered":"<p>[vc_row][vc_column width=&#8220;1\/3&#8243;][interactive_banner_2 banner_title=&#8220;BRVNARE&#8220; heading_tag=&#8220;h4&#8243; banner_desc=&#8220;Pogledajte&#8230;&#8220; banner_image=&#8220;id^28556|url^https:\/\/tara.rs\/wp-content\/uploads\/2018\/05\/brvnare-nagramak-tara-sekulic-zaovine-1.jpg|caption^null|alt^null|title^brvnare-nagramak-tara-sekulic-zaovine-1|description^null&#8220; banner_link=&#8220;url:https%3A%2F%2Ftara.rs%2Fsr%2Fvrsta-tip-objekta%2FBrvnara%2F|title:BRVNARE%20-%20ponuda||&#8220; banner_style=&#8220;style15&#8243; banner_color_bg=&#8220;#1e73be&#8220; image_opacity=&#8220;&#8220; image_opacity_on_hover=&#8220;0.4&#8243; enable_responsive=&#8220;yes&#8220; responsive_min=&#8220;768&#8243; responsive_max=&#8220;900&#8243; banner_title_style=&#8220;font-weight:bold;&#8220; banner_desc_style=&#8220;font-weight:bold;&#8220; banner_title_font_size=&#8220;desktop:15px;mobile:10px;&#8220;][\/vc_column][vc_column width=&#8220;1\/3&#8243;][interactive_banner_2 banner_title=&#8220;APARTMANI&#8220; heading_tag=&#8220;h4&#8243; banner_desc=&#8220;Pogledajte&#8230;&#8220; banner_image=&#8220;id^16055|url^https:\/\/tara.rs\/wp-content\/uploads\/2020\/01\/apartman-vila-iskra-kaludjerske-bare-tara-1.jpg|caption^null|alt^null|title^apartman-vila-iskra-kaludjerske-bare-tara-1|description^null&#8220; banner_link=&#8220;url:https%3A%2F%2Ftara.rs%2Fsr%2Fpretraga%2F%3Ftype%3Dapartmani|title:Apartmani%20-%20ponuda||&#8220; banner_style=&#8220;style15&#8243; banner_color_bg=&#8220;#1e73be&#8220; image_opacity=&#8220;&#8220; image_opacity_on_hover=&#8220;0.4&#8243; enable_responsive=&#8220;yes&#8220; responsive_min=&#8220;768&#8243; responsive_max=&#8220;900&#8243; banner_title_style=&#8220;font-weight:bold;&#8220; banner_desc_style=&#8220;font-weight:bold;&#8220; banner_title_font_size=&#8220;desktop:15px;mobile:10px;&#8220;][\/vc_column][vc_column width=&#8220;1\/3&#8243;][interactive_banner_2 banner_title=&#8220;VIKENDICE&#8220; heading_tag=&#8220;h4&#8243; banner_desc=&#8220;Pogledajte&#8230;&#8220; banner_image=&#8220;id^1740|url^https:\/\/tara.rs\/wp-content\/uploads\/2017\/03\/vikendica-tarsko-srce-oslusa-tara-5.jpg|caption^null|alt^null|title^vikendica-tarsko-srce-oslusa-tara-5|description^null&#8220; banner_link=&#8220;url:https%3A%2F%2Ftara.rs%2Fsr%2Fvrsta-tip-objekta%2Fvikendica%2F|title:Vikendice-%20ponuda||&#8220; banner_style=&#8220;style15&#8243; banner_color_bg=&#8220;#1e73be&#8220; image_opacity=&#8220;&#8220; image_opacity_on_hover=&#8220;0.4&#8243; enable_responsive=&#8220;yes&#8220; responsive_min=&#8220;768&#8243; responsive_max=&#8220;900&#8243; banner_title_style=&#8220;font-weight:bold;&#8220; banner_desc_style=&#8220;font-weight:bold;&#8220; banner_title_font_size=&#8220;desktop:15px;mobile:10px;&#8220;][\/vc_column][\/vc_row][vc_row][vc_column width=&#8220;1\/3&#8243;][interactive_banner_2 banner_title=&#8220;HOTELI I MOTELI&#8220; heading_tag=&#8220;h4&#8243; banner_desc=&#8220;Pogledajte&#8230;&#8220; banner_image=&#8220;id^10151|url^https:\/\/tara.rs\/wp-content\/uploads\/2018\/03\/hotel-omorika-tara-kaludjerske-bare-16-1.jpg|caption^null|alt^null|title^hotel-omorika-tara-kaludjerske-bare-16|description^null&#8220; banner_link=&#8220;url:https%3A%2F%2Ftara.rs%2Fsr%2Fvrsta-tip-objekta%2Fhoteli%2F|title:Hoteli%20-%20ponuda||&#8220; banner_style=&#8220;style15&#8243; banner_color_bg=&#8220;#1e73be&#8220; image_opacity=&#8220;&#8220; image_opacity_on_hover=&#8220;0.4&#8243; enable_responsive=&#8220;yes&#8220; responsive_min=&#8220;768&#8243; responsive_max=&#8220;900&#8243; banner_title_style=&#8220;font-weight:bold;&#8220; banner_desc_style=&#8220;font-weight:bold;&#8220; banner_title_font_size=&#8220;desktop:15px;mobile:10px;&#8220;][\/vc_column][vc_column width=&#8220;1\/3&#8243;][interactive_banner_2 banner_title=&#8220;PLANINSKE KU\u0106E&#8220; heading_tag=&#8220;h4&#8243; banner_desc=&#8220;Pogledajte&#8230;&#8220; banner_image=&#8220;id^30961|url^https:\/\/tara.rs\/wp-content\/uploads\/2020\/12\/tara-planinska-kuca-jelka-smestaj-1.jpg|caption^null|alt^null|title^tara-planinska-kuca-jelka-smestaj-1|description^null&#8220; banner_link=&#8220;url:https%3A%2F%2Ftara.rs%2Fsr%2Fvrsta-tip-objekta%2Fplaninska-kuca%2F|title:Planinske%20ku%C4%87e%20-%20ponuda||&#8220; banner_style=&#8220;style15&#8243; banner_color_bg=&#8220;#1e73be&#8220; image_opacity=&#8220;&#8220; image_opacity_on_hover=&#8220;0.4&#8243; enable_responsive=&#8220;yes&#8220; responsive_min=&#8220;768&#8243; responsive_max=&#8220;900&#8243; banner_title_style=&#8220;font-weight:bold;&#8220; banner_desc_style=&#8220;font-weight:bold;&#8220; banner_title_font_size=&#8220;desktop:15px;mobile:10px;&#8220;][\/vc_column][vc_column width=&#8220;1\/3&#8243;][interactive_banner_2 banner_title=&#8220;SOBE&#8220; heading_tag=&#8220;h4&#8243; banner_desc=&#8220;Pogledajte&#8230;&#8220; banner_image=&#8220;id^33572|url^https:\/\/tara.rs\/wp-content\/uploads\/2021\/01\/soba-tara-smestaj-kaludjerske-bare-1-e1611230390521.jpg|caption^null|alt^null|title^soba-tara-smestaj-kaludjerske-bare-1|description^null&#8220; banner_link=&#8220;url:https%3A%2F%2Ftara.rs%2Fsr%2Fvrsta-tip-objekta%2Fsobe%2F|title:sobe%20-%20ponuda||&#8220; banner_style=&#8220;style15&#8243; banner_color_bg=&#8220;#1e73be&#8220; image_opacity=&#8220;&#8220; image_opacity_on_hover=&#8220;0.4&#8243; enable_responsive=&#8220;yes&#8220; responsive_min=&#8220;768&#8243; responsive_max=&#8220;900&#8243; banner_title_style=&#8220;font-weight:bold;&#8220; banner_desc_style=&#8220;font-weight:bold;&#8220; banner_title_font_size=&#8220;desktop:15px;mobile:10px;&#8220;][\/vc_column][\/vc_row]<\/p>\n","protected":false},"excerpt":{"rendered":"<p>[vc_row][vc_column width=&#8220;1\/3&#8243;][interactive_banner_2 banner_title=&#8220;BRVNARE&#8220; heading_tag=&#8220;h4&#8243; banner_desc=&#8220;Pogledajte&#8230;&#8220; banner_image=&#8220;id^28556|url^https:\/\/tara.rs\/wp-content\/uploads\/2018\/05\/brvnare-nagramak-tara-sekulic-zaovine-1.jpg|caption^null|alt^null|title^brvnare-nagramak-tara-sekulic-zaovine-1|description^null&#8220; banner_link=&#8220;url:https%3A%2F%2Ftara.rs%2Fsr%2Fvrsta-tip-objekta%2FBrvnara%2F|title:BRVNARE%20-%20ponuda||&#8220; banner_style=&#8220;style15&#8243; banner_color_bg=&#8220;#1e73be&#8220; image_opacity=&#8220;&#8220; image_opacity_on_hover=&#8220;0.4&#8243; enable_responsive=&#8220;yes&#8220; responsive_min=&#8220;768&#8243; responsive_max=&#8220;900&#8243; banner_title_style=&#8220;font-weight:bold;&#8220; banner_desc_style=&#8220;font-weight:bold;&#8220; banner_title_font_size=&#8220;desktop:15px;mobile:10px;&#8220;][\/vc_column][vc_column width=&#8220;1\/3&#8243;][interactive_banner_2 banner_title=&#8220;APARTMANI&#8220; heading_tag=&#8220;h4&#8243; banner_desc=&#8220;Pogledajte&#8230;&#8220; banner_image=&#8220;id^16055|url^https:\/\/tara.rs\/wp-content\/uploads\/2020\/01\/apartman-vila-iskra-kaludjerske-bare-tara-1.jpg|caption^null|alt^null|title^apartman-vila-iskra-kaludjerske-bare-tara-1|description^null&#8220; banner_link=&#8220;url:https%3A%2F%2Ftara.rs%2Fsr%2Fpretraga%2F%3Ftype%3Dapartmani|title:Apartmani%20-%20ponuda||&#8220; banner_style=&#8220;style15&#8243; banner_color_bg=&#8220;#1e73be&#8220; image_opacity=&#8220;&#8220; image_opacity_on_hover=&#8220;0.4&#8243; enable_responsive=&#8220;yes&#8220; responsive_min=&#8220;768&#8243; responsive_max=&#8220;900&#8243; banner_title_style=&#8220;font-weight:bold;&#8220; banner_desc_style=&#8220;font-weight:bold;&#8220; banner_title_font_size=&#8220;desktop:15px;mobile:10px;&#8220;][\/vc_column][vc_column width=&#8220;1\/3&#8243;][interactive_banner_2 banner_title=&#8220;VIKENDICE&#8220; heading_tag=&#8220;h4&#8243; banner_desc=&#8220;Pogledajte&#8230;&#8220; banner_image=&#8220;id^1740|url^https:\/\/tara.rs\/wp-content\/uploads\/2017\/03\/vikendica-tarsko-srce-oslusa-tara-5.jpg|caption^null|alt^null|title^vikendica-tarsko-srce-oslusa-tara-5|description^null&#8220; banner_link=&#8220;url:https%3A%2F%2Ftara.rs%2Fsr%2Fvrsta-tip-objekta%2Fvikendica%2F|title:Vikendice-%20ponuda||&#8220; banner_style=&#8220;style15&#8243; banner_color_bg=&#8220;#1e73be&#8220; image_opacity=&#8220;&#8220; image_opacity_on_hover=&#8220;0.4&#8243; enable_responsive=&#8220;yes&#8220; responsive_min=&#8220;768&#8243; responsive_max=&#8220;900&#8243; banner_title_style=&#8220;font-weight:bold;&#8220; banner_desc_style=&#8220;font-weight:bold;&#8220; banner_title_font_size=&#8220;desktop:15px;mobile:10px;&#8220;][\/vc_column][\/vc_row][vc_row][vc_column width=&#8220;1\/3&#8243;][interactive_banner_2 banner_title=&#8220;HOTELI I MOTELI&#8220; heading_tag=&#8220;h4&#8243; banner_desc=&#8220;Pogledajte&#8230;&#8220;&#8230;<\/p>\n","protected":false},"author":1,"featured_media":0,"parent":0,"menu_order":0,"comment_status":"closed","ping_status":"closed","template":"","meta":{"footnotes":""},"class_list":["post-33551","page","type-page","status-publish","hentry"],"yoast_head":"<!-- This site is optimized with the Yoast SEO plugin v25.3 - https:\/\/yoast.com\/wordpress\/plugins\/seo\/ -->\n<title>Tipovi sme\u0161taja - SME\u0160TAJ NA TARI - Vikendice, apartmani, brvnare, planinske ku\u0107e, hoteli...<\/title>\n<meta name=\"robots\" content=\"index, follow, max-snippet:-1, max-image-preview:large, max-video-preview:-1\" \/>\n<link rel=\"canonical\" href=\"https:\/\/tara.rs\/sr\/tipovi-smestaja\/\" \/>\n<meta property=\"og:locale\" content=\"sr_RS\" \/>\n<meta property=\"og:type\" content=\"article\" \/>\n<meta property=\"og:title\" content=\"Tipovi sme\u0161taja - SME\u0160TAJ NA TARI - Vikendice, apartmani, brvnare, planinske ku\u0107e, hoteli...\" \/>\n<meta property=\"og:description\" content=\"[vc_row][vc_column width=&#8220;1\/3&#8243;][interactive_banner_2 banner_title=&#8220;BRVNARE&#8220; heading_tag=&#8220;h4&#8243; banner_desc=&#8220;Pogledajte&#8230;&#8220; banner_image=&#8220;id^28556|url^https:\/\/tara.rs\/wp-content\/uploads\/2018\/05\/brvnare-nagramak-tara-sekulic-zaovine-1.jpg|caption^null|alt^null|title^brvnare-nagramak-tara-sekulic-zaovine-1|description^null&#8220; banner_link=&#8220;url:https%3A%2F%2Ftara.rs%2Fsr%2Fvrsta-tip-objekta%2FBrvnara%2F|title:BRVNARE%20-%20ponuda||&#8220; banner_style=&#8220;style15&#8243; banner_color_bg=&#8220;#1e73be&#8220; image_opacity=&#8220;&#8220; image_opacity_on_hover=&#8220;0.4&#8243; enable_responsive=&#8220;yes&#8220; responsive_min=&#8220;768&#8243; responsive_max=&#8220;900&#8243; banner_title_style=&#8220;font-weight:bold;&#8220; banner_desc_style=&#8220;font-weight:bold;&#8220; banner_title_font_size=&#8220;desktop:15px;mobile:10px;&#8220;][\/vc_column][vc_column width=&#8220;1\/3&#8243;][interactive_banner_2 banner_title=&#8220;APARTMANI&#8220; heading_tag=&#8220;h4&#8243; banner_desc=&#8220;Pogledajte&#8230;&#8220; banner_image=&#8220;id^16055|url^https:\/\/tara.rs\/wp-content\/uploads\/2020\/01\/apartman-vila-iskra-kaludjerske-bare-tara-1.jpg|caption^null|alt^null|title^apartman-vila-iskra-kaludjerske-bare-tara-1|description^null&#8220; banner_link=&#8220;url:https%3A%2F%2Ftara.rs%2Fsr%2Fpretraga%2F%3Ftype%3Dapartmani|title:Apartmani%20-%20ponuda||&#8220; banner_style=&#8220;style15&#8243; banner_color_bg=&#8220;#1e73be&#8220; image_opacity=&#8220;&#8220; image_opacity_on_hover=&#8220;0.4&#8243; enable_responsive=&#8220;yes&#8220; responsive_min=&#8220;768&#8243; responsive_max=&#8220;900&#8243; banner_title_style=&#8220;font-weight:bold;&#8220; banner_desc_style=&#8220;font-weight:bold;&#8220; banner_title_font_size=&#8220;desktop:15px;mobile:10px;&#8220;][\/vc_column][vc_column width=&#8220;1\/3&#8243;][interactive_banner_2 banner_title=&#8220;VIKENDICE&#8220; heading_tag=&#8220;h4&#8243; banner_desc=&#8220;Pogledajte&#8230;&#8220; banner_image=&#8220;id^1740|url^https:\/\/tara.rs\/wp-content\/uploads\/2017\/03\/vikendica-tarsko-srce-oslusa-tara-5.jpg|caption^null|alt^null|title^vikendica-tarsko-srce-oslusa-tara-5|description^null&#8220; banner_link=&#8220;url:https%3A%2F%2Ftara.rs%2Fsr%2Fvrsta-tip-objekta%2Fvikendica%2F|title:Vikendice-%20ponuda||&#8220; banner_style=&#8220;style15&#8243; banner_color_bg=&#8220;#1e73be&#8220; image_opacity=&#8220;&#8220; image_opacity_on_hover=&#8220;0.4&#8243; enable_responsive=&#8220;yes&#8220; responsive_min=&#8220;768&#8243; responsive_max=&#8220;900&#8243; banner_title_style=&#8220;font-weight:bold;&#8220; banner_desc_style=&#8220;font-weight:bold;&#8220; banner_title_font_size=&#8220;desktop:15px;mobile:10px;&#8220;][\/vc_column][\/vc_row][vc_row][vc_column width=&#8220;1\/3&#8243;][interactive_banner_2 banner_title=&#8220;HOTELI I MOTELI&#8220; heading_tag=&#8220;h4&#8243; banner_desc=&#8220;Pogledajte&#8230;&#8220;...\" \/>\n<meta property=\"og:url\" content=\"https:\/\/tara.rs\/sr\/tipovi-smestaja\/\" \/>\n<meta property=\"og:site_name\" content=\"SME\u0160TAJ NA TARI - Vikendice, apartmani, brvnare, planinske ku\u0107e, hoteli...\" \/>\n<meta property=\"article:modified_time\" content=\"2021-01-21T12:01:35+00:00\" \/>\n<meta property=\"og:image\" content=\"https:\/\/tara.rs\/wp-content\/uploads\/2023\/03\/smestaj-tara-2023-odmor-letovanje-6.jpg\" \/>\n\t<meta property=\"og:image:width\" content=\"1200\" \/>\n\t<meta property=\"og:image:height\" content=\"617\" \/>\n\t<meta property=\"og:image:type\" content=\"image\/jpeg\" \/>\n<meta name=\"twitter:card\" content=\"summary_large_image\" \/>\n<meta name=\"twitter:label1\" content=\"\u041f\u0440\u043e\u0446\u0435\u045a\u0435\u043d\u043e \u0432\u0440\u0435\u043c\u0435 \u0447\u0438\u0442\u0430\u045a\u0430\" \/>\n\t<meta name=\"twitter:data1\" content=\"3 \u043c\u0438\u043d\u0443\u0442\u0430\" \/>\n<script type=\"application\/ld+json\" class=\"yoast-schema-graph\">{\"@context\":\"https:\/\/schema.org\",\"@graph\":[{\"@type\":\"WebPage\",\"@id\":\"https:\/\/tara.rs\/sr\/tipovi-smestaja\/\",\"url\":\"https:\/\/tara.rs\/sr\/tipovi-smestaja\/\",\"name\":\"Tipovi sme\u0161taja - SME\u0160TAJ NA TARI - Vikendice, apartmani, brvnare, planinske ku\u0107e, hoteli...\",\"isPartOf\":{\"@id\":\"https:\/\/tara.rs\/sr\/#website\"},\"datePublished\":\"2021-01-21T11:52:48+00:00\",\"dateModified\":\"2021-01-21T12:01:35+00:00\",\"inLanguage\":\"sr-RS\",\"potentialAction\":[{\"@type\":\"ReadAction\",\"target\":[\"https:\/\/tara.rs\/sr\/tipovi-smestaja\/\"]}]},{\"@type\":\"WebSite\",\"@id\":\"https:\/\/tara.rs\/sr\/#website\",\"url\":\"https:\/\/tara.rs\/sr\/\",\"name\":\"SME\u0160TAJ NA TARI - Vikendice, apartmani, brvnare, planinske ku\u0107e, hoteli...\",\"description\":\"350 + OBJEKATA ZA SME\u0160TAJ NA TARI\",\"publisher\":{\"@id\":\"https:\/\/tara.rs\/sr\/#organization\"},\"alternateName\":\"TARA.RS - 450 + Objekata za sme\u0161aj\",\"potentialAction\":[{\"@type\":\"SearchAction\",\"target\":{\"@type\":\"EntryPoint\",\"urlTemplate\":\"https:\/\/tara.rs\/sr\/?s={search_term_string}\"},\"query-input\":{\"@type\":\"PropertyValueSpecification\",\"valueRequired\":true,\"valueName\":\"search_term_string\"}}],\"inLanguage\":\"sr-RS\"},{\"@type\":\"Organization\",\"@id\":\"https:\/\/tara.rs\/sr\/#organization\",\"name\":\"SME\u0160TAJ NA TARI - Vikendice, apartmani, brvnare, planinske ku\u0107e, hoteli...\",\"url\":\"https:\/\/tara.rs\/sr\/\",\"logo\":{\"@type\":\"ImageObject\",\"inLanguage\":\"sr-RS\",\"@id\":\"https:\/\/tara.rs\/sr\/#\/schema\/logo\/image\/\",\"url\":\"https:\/\/tara.rs\/wp-content\/uploads\/2026\/01\/tara-rs-logo-sajt-2.png\",\"contentUrl\":\"https:\/\/tara.rs\/wp-content\/uploads\/2026\/01\/tara-rs-logo-sajt-2.png\",\"width\":280,\"height\":100,\"caption\":\"SME\u0160TAJ NA TARI - Vikendice, apartmani, brvnare, planinske ku\u0107e, hoteli...\"},\"image\":{\"@id\":\"https:\/\/tara.rs\/sr\/#\/schema\/logo\/image\/\"}}]}<\/script>\n<!-- \/ Yoast SEO plugin. -->","yoast_head_json":{"title":"Tipovi sme\u0161taja - SME\u0160TAJ NA TARI - Vikendice, apartmani, brvnare, planinske ku\u0107e, hoteli...","robots":{"index":"index","follow":"follow","max-snippet":"max-snippet:-1","max-image-preview":"max-image-preview:large","max-video-preview":"max-video-preview:-1"},"canonical":"https:\/\/tara.rs\/sr\/tipovi-smestaja\/","og_locale":"sr_RS","og_type":"article","og_title":"Tipovi sme\u0161taja - SME\u0160TAJ NA TARI - Vikendice, apartmani, brvnare, planinske ku\u0107e, hoteli...","og_description":"[vc_row][vc_column width=&#8220;1\/3&#8243;][interactive_banner_2 banner_title=&#8220;BRVNARE&#8220; heading_tag=&#8220;h4&#8243; banner_desc=&#8220;Pogledajte&#8230;&#8220; banner_image=&#8220;id^28556|url^https:\/\/tara.rs\/wp-content\/uploads\/2018\/05\/brvnare-nagramak-tara-sekulic-zaovine-1.jpg|caption^null|alt^null|title^brvnare-nagramak-tara-sekulic-zaovine-1|description^null&#8220; banner_link=&#8220;url:https%3A%2F%2Ftara.rs%2Fsr%2Fvrsta-tip-objekta%2FBrvnara%2F|title:BRVNARE%20-%20ponuda||&#8220; banner_style=&#8220;style15&#8243; banner_color_bg=&#8220;#1e73be&#8220; image_opacity=&#8220;&#8220; image_opacity_on_hover=&#8220;0.4&#8243; enable_responsive=&#8220;yes&#8220; responsive_min=&#8220;768&#8243; responsive_max=&#8220;900&#8243; banner_title_style=&#8220;font-weight:bold;&#8220; banner_desc_style=&#8220;font-weight:bold;&#8220; banner_title_font_size=&#8220;desktop:15px;mobile:10px;&#8220;][\/vc_column][vc_column width=&#8220;1\/3&#8243;][interactive_banner_2 banner_title=&#8220;APARTMANI&#8220; heading_tag=&#8220;h4&#8243; banner_desc=&#8220;Pogledajte&#8230;&#8220; banner_image=&#8220;id^16055|url^https:\/\/tara.rs\/wp-content\/uploads\/2020\/01\/apartman-vila-iskra-kaludjerske-bare-tara-1.jpg|caption^null|alt^null|title^apartman-vila-iskra-kaludjerske-bare-tara-1|description^null&#8220; banner_link=&#8220;url:https%3A%2F%2Ftara.rs%2Fsr%2Fpretraga%2F%3Ftype%3Dapartmani|title:Apartmani%20-%20ponuda||&#8220; banner_style=&#8220;style15&#8243; banner_color_bg=&#8220;#1e73be&#8220; image_opacity=&#8220;&#8220; image_opacity_on_hover=&#8220;0.4&#8243; enable_responsive=&#8220;yes&#8220; responsive_min=&#8220;768&#8243; responsive_max=&#8220;900&#8243; banner_title_style=&#8220;font-weight:bold;&#8220; banner_desc_style=&#8220;font-weight:bold;&#8220; banner_title_font_size=&#8220;desktop:15px;mobile:10px;&#8220;][\/vc_column][vc_column width=&#8220;1\/3&#8243;][interactive_banner_2 banner_title=&#8220;VIKENDICE&#8220; heading_tag=&#8220;h4&#8243; banner_desc=&#8220;Pogledajte&#8230;&#8220; banner_image=&#8220;id^1740|url^https:\/\/tara.rs\/wp-content\/uploads\/2017\/03\/vikendica-tarsko-srce-oslusa-tara-5.jpg|caption^null|alt^null|title^vikendica-tarsko-srce-oslusa-tara-5|description^null&#8220; banner_link=&#8220;url:https%3A%2F%2Ftara.rs%2Fsr%2Fvrsta-tip-objekta%2Fvikendica%2F|title:Vikendice-%20ponuda||&#8220; banner_style=&#8220;style15&#8243; banner_color_bg=&#8220;#1e73be&#8220; image_opacity=&#8220;&#8220; image_opacity_on_hover=&#8220;0.4&#8243; enable_responsive=&#8220;yes&#8220; responsive_min=&#8220;768&#8243; responsive_max=&#8220;900&#8243; banner_title_style=&#8220;font-weight:bold;&#8220; banner_desc_style=&#8220;font-weight:bold;&#8220; banner_title_font_size=&#8220;desktop:15px;mobile:10px;&#8220;][\/vc_column][\/vc_row][vc_row][vc_column width=&#8220;1\/3&#8243;][interactive_banner_2 banner_title=&#8220;HOTELI I MOTELI&#8220; heading_tag=&#8220;h4&#8243; banner_desc=&#8220;Pogledajte&#8230;&#8220;...","og_url":"https:\/\/tara.rs\/sr\/tipovi-smestaja\/","og_site_name":"SME\u0160TAJ NA TARI - Vikendice, apartmani, brvnare, planinske ku\u0107e, hoteli...","article_modified_time":"2021-01-21T12:01:35+00:00","og_image":[{"width":1200,"height":617,"url":"https:\/\/tara.rs\/wp-content\/uploads\/2023\/03\/smestaj-tara-2023-odmor-letovanje-6.jpg","type":"image\/jpeg"}],"twitter_card":"summary_large_image","twitter_misc":{"\u041f\u0440\u043e\u0446\u0435\u045a\u0435\u043d\u043e \u0432\u0440\u0435\u043c\u0435 \u0447\u0438\u0442\u0430\u045a\u0430":"3 \u043c\u0438\u043d\u0443\u0442\u0430"},"schema":{"@context":"https:\/\/schema.org","@graph":[{"@type":"WebPage","@id":"https:\/\/tara.rs\/sr\/tipovi-smestaja\/","url":"https:\/\/tara.rs\/sr\/tipovi-smestaja\/","name":"Tipovi sme\u0161taja - SME\u0160TAJ NA TARI - Vikendice, apartmani, brvnare, planinske ku\u0107e, hoteli...","isPartOf":{"@id":"https:\/\/tara.rs\/sr\/#website"},"datePublished":"2021-01-21T11:52:48+00:00","dateModified":"2021-01-21T12:01:35+00:00","inLanguage":"sr-RS","potentialAction":[{"@type":"ReadAction","target":["https:\/\/tara.rs\/sr\/tipovi-smestaja\/"]}]},{"@type":"WebSite","@id":"https:\/\/tara.rs\/sr\/#website","url":"https:\/\/tara.rs\/sr\/","name":"SME\u0160TAJ NA TARI - Vikendice, apartmani, brvnare, planinske ku\u0107e, hoteli...","description":"350 + OBJEKATA ZA SME\u0160TAJ NA TARI","publisher":{"@id":"https:\/\/tara.rs\/sr\/#organization"},"alternateName":"TARA.RS - 450 + Objekata za sme\u0161aj","potentialAction":[{"@type":"SearchAction","target":{"@type":"EntryPoint","urlTemplate":"https:\/\/tara.rs\/sr\/?s={search_term_string}"},"query-input":{"@type":"PropertyValueSpecification","valueRequired":true,"valueName":"search_term_string"}}],"inLanguage":"sr-RS"},{"@type":"Organization","@id":"https:\/\/tara.rs\/sr\/#organization","name":"SME\u0160TAJ NA TARI - Vikendice, apartmani, brvnare, planinske ku\u0107e, hoteli...","url":"https:\/\/tara.rs\/sr\/","logo":{"@type":"ImageObject","inLanguage":"sr-RS","@id":"https:\/\/tara.rs\/sr\/#\/schema\/logo\/image\/","url":"https:\/\/tara.rs\/wp-content\/uploads\/2026\/01\/tara-rs-logo-sajt-2.png","contentUrl":"https:\/\/tara.rs\/wp-content\/uploads\/2026\/01\/tara-rs-logo-sajt-2.png","width":280,"height":100,"caption":"SME\u0160TAJ NA TARI - Vikendice, apartmani, brvnare, planinske ku\u0107e, hoteli..."},"image":{"@id":"https:\/\/tara.rs\/sr\/#\/schema\/logo\/image\/"}}]}},"_links":{"self":[{"href":"https:\/\/tara.rs\/sr\/wp-json\/wp\/v2\/pages\/33551"}],"collection":[{"href":"https:\/\/tara.rs\/sr\/wp-json\/wp\/v2\/pages"}],"about":[{"href":"https:\/\/tara.rs\/sr\/wp-json\/wp\/v2\/types\/page"}],"author":[{"embeddable":true,"href":"https:\/\/tara.rs\/sr\/wp-json\/wp\/v2\/users\/1"}],"replies":[{"embeddable":true,"href":"https:\/\/tara.rs\/sr\/wp-json\/wp\/v2\/comments?post=33551"}],"version-history":[{"count":21,"href":"https:\/\/tara.rs\/sr\/wp-json\/wp\/v2\/pages\/33551\/revisions"}],"predecessor-version":[{"id":33580,"href":"https:\/\/tara.rs\/sr\/wp-json\/wp\/v2\/pages\/33551\/revisions\/33580"}],"wp:attachment":[{"href":"https:\/\/tara.rs\/sr\/wp-json\/wp\/v2\/media?parent=33551"}],"curies":[{"name":"wp","href":"https:\/\/api.w.org\/{rel}","templated":true}]}}