{"id":36788,"date":"2021-04-09T10:03:40","date_gmt":"2021-04-09T08:03:40","guid":{"rendered":"https:\/\/tara.rs\/sr\/?page_id=36788"},"modified":"2023-03-14T22:02:07","modified_gmt":"2023-03-14T21:02:07","slug":"omiljeni-smestaj","status":"publish","type":"page","link":"https:\/\/tara.rs\/sr\/omiljeni-smestaj\/","title":{"rendered":"VA\u0160 IZBOR SME\u0160TAJA"},"content":{"rendered":"<h4 style=\"text-align: center;\"><strong>Da bi vam olak\u0161ali i skratili pretragu prezentacije, na ovoj stranici \u0107e se pojaviti objekti koje dodate u omiljene (va\u0161 izbor) a na kraju sa ove stranice ih mo\u017eete otvoriti i kontaktirati vlasnike u vezi rezervacije.\u00a0<\/strong><\/h4>\n<p style=\"text-align: center;\">Na naslovnim fotografijama sme\u0161tajnog objekta imate malo srce. Klikom na njega dodali ste taj sme\u0161taj u va\u0161 izbor.<\/p>\n<p>&nbsp;<\/p>\n<h4 style=\"text-align: center;\"><strong>VA\u0160I OMILJENI OBJEKTI:<\/strong><\/h4>\n","protected":false},"excerpt":{"rendered":"<p>Da bi vam olak\u0161ali i skratili pretragu prezentacije, na ovoj stranici \u0107e se pojaviti objekti koje dodate u omiljene (va\u0161 izbor) a na kraju sa ove stranice ih mo\u017eete otvoriti i kontaktirati vlasnike u vezi rezervacije.\u00a0 Na naslovnim fotografijama sme\u0161tajnog objekta imate malo srce. Klikom na njega dodali ste taj sme\u0161taj u va\u0161 izbor. &nbsp;&#8230;<\/p>\n","protected":false},"author":1,"featured_media":0,"parent":0,"menu_order":0,"comment_status":"closed","ping_status":"closed","template":"templates\/dashboard.php","meta":{"footnotes":""},"class_list":["post-36788","page","type-page","status-publish","hentry"],"yoast_head":"<!-- This site is optimized with the Yoast SEO plugin v25.3 - https:\/\/yoast.com\/wordpress\/plugins\/seo\/ -->\n<title>VA\u0160 IZBOR SME\u0160TAJA - SME\u0160TAJ NA TARI - Vikendice, apartmani, brvnare, planinske ku\u0107e, hoteli...<\/title>\n<meta name=\"robots\" content=\"index, follow, max-snippet:-1, max-image-preview:large, max-video-preview:-1\" \/>\n<link rel=\"canonical\" href=\"https:\/\/tara.rs\/sr\/omiljeni-smestaj\/\" \/>\n<meta property=\"og:locale\" content=\"sr_RS\" \/>\n<meta property=\"og:type\" content=\"article\" \/>\n<meta property=\"og:title\" content=\"VA\u0160 IZBOR SME\u0160TAJA - SME\u0160TAJ NA TARI - Vikendice, apartmani, brvnare, planinske ku\u0107e, hoteli...\" \/>\n<meta property=\"og:description\" content=\"Da bi vam olak\u0161ali i skratili pretragu prezentacije, na ovoj stranici \u0107e se pojaviti objekti koje dodate u omiljene (va\u0161 izbor) a na kraju sa ove stranice ih mo\u017eete otvoriti i kontaktirati vlasnike u vezi rezervacije.\u00a0 Na naslovnim fotografijama sme\u0161tajnog objekta imate malo srce. Klikom na njega dodali ste taj sme\u0161taj u va\u0161 izbor. &nbsp;...\" \/>\n<meta property=\"og:url\" content=\"https:\/\/tara.rs\/sr\/omiljeni-smestaj\/\" \/>\n<meta property=\"og:site_name\" content=\"SME\u0160TAJ NA TARI - Vikendice, apartmani, brvnare, planinske ku\u0107e, hoteli...\" \/>\n<meta property=\"article:modified_time\" content=\"2023-03-14T21:02:07+00:00\" \/>\n<meta property=\"og:image\" content=\"https:\/\/tara.rs\/wp-content\/uploads\/2023\/03\/smestaj-tara-2023-odmor-letovanje-6.jpg\" \/>\n\t<meta property=\"og:image:width\" content=\"1200\" \/>\n\t<meta property=\"og:image:height\" content=\"617\" \/>\n\t<meta property=\"og:image:type\" content=\"image\/jpeg\" \/>\n<meta name=\"twitter:card\" content=\"summary_large_image\" \/>\n<meta name=\"twitter:label1\" content=\"\u041f\u0440\u043e\u0446\u0435\u045a\u0435\u043d\u043e \u0432\u0440\u0435\u043c\u0435 \u0447\u0438\u0442\u0430\u045a\u0430\" \/>\n\t<meta name=\"twitter:data1\" content=\"1 \u043c\u0438\u043d\u0443\u0442\" \/>\n<script type=\"application\/ld+json\" class=\"yoast-schema-graph\">{\"@context\":\"https:\/\/schema.org\",\"@graph\":[{\"@type\":\"WebPage\",\"@id\":\"https:\/\/tara.rs\/sr\/omiljeni-smestaj\/\",\"url\":\"https:\/\/tara.rs\/sr\/omiljeni-smestaj\/\",\"name\":\"VA\u0160 IZBOR SME\u0160TAJA - SME\u0160TAJ NA TARI - Vikendice, apartmani, brvnare, planinske ku\u0107e, hoteli...\",\"isPartOf\":{\"@id\":\"https:\/\/tara.rs\/sr\/#website\"},\"datePublished\":\"2021-04-09T08:03:40+00:00\",\"dateModified\":\"2023-03-14T21:02:07+00:00\",\"inLanguage\":\"sr-RS\",\"potentialAction\":[{\"@type\":\"ReadAction\",\"target\":[\"https:\/\/tara.rs\/sr\/omiljeni-smestaj\/\"]}]},{\"@type\":\"WebSite\",\"@id\":\"https:\/\/tara.rs\/sr\/#website\",\"url\":\"https:\/\/tara.rs\/sr\/\",\"name\":\"SME\u0160TAJ NA TARI - Vikendice, apartmani, brvnare, planinske ku\u0107e, hoteli...\",\"description\":\"350 + OBJEKATA ZA SME\u0160TAJ NA TARI\",\"publisher\":{\"@id\":\"https:\/\/tara.rs\/sr\/#organization\"},\"alternateName\":\"TARA.RS - 450 + Objekata za sme\u0161aj\",\"potentialAction\":[{\"@type\":\"SearchAction\",\"target\":{\"@type\":\"EntryPoint\",\"urlTemplate\":\"https:\/\/tara.rs\/sr\/?s={search_term_string}\"},\"query-input\":{\"@type\":\"PropertyValueSpecification\",\"valueRequired\":true,\"valueName\":\"search_term_string\"}}],\"inLanguage\":\"sr-RS\"},{\"@type\":\"Organization\",\"@id\":\"https:\/\/tara.rs\/sr\/#organization\",\"name\":\"SME\u0160TAJ NA TARI - Vikendice, apartmani, brvnare, planinske ku\u0107e, hoteli...\",\"url\":\"https:\/\/tara.rs\/sr\/\",\"logo\":{\"@type\":\"ImageObject\",\"inLanguage\":\"sr-RS\",\"@id\":\"https:\/\/tara.rs\/sr\/#\/schema\/logo\/image\/\",\"url\":\"https:\/\/tara.rs\/wp-content\/uploads\/2026\/01\/tara-rs-logo-sajt-2.png\",\"contentUrl\":\"https:\/\/tara.rs\/wp-content\/uploads\/2026\/01\/tara-rs-logo-sajt-2.png\",\"width\":280,\"height\":100,\"caption\":\"SME\u0160TAJ NA TARI - Vikendice, apartmani, brvnare, planinske ku\u0107e, hoteli...\"},\"image\":{\"@id\":\"https:\/\/tara.rs\/sr\/#\/schema\/logo\/image\/\"}}]}<\/script>\n<!-- \/ Yoast SEO plugin. -->","yoast_head_json":{"title":"VA\u0160 IZBOR SME\u0160TAJA - SME\u0160TAJ NA TARI - Vikendice, apartmani, brvnare, planinske ku\u0107e, hoteli...","robots":{"index":"index","follow":"follow","max-snippet":"max-snippet:-1","max-image-preview":"max-image-preview:large","max-video-preview":"max-video-preview:-1"},"canonical":"https:\/\/tara.rs\/sr\/omiljeni-smestaj\/","og_locale":"sr_RS","og_type":"article","og_title":"VA\u0160 IZBOR SME\u0160TAJA - SME\u0160TAJ NA TARI - Vikendice, apartmani, brvnare, planinske ku\u0107e, hoteli...","og_description":"Da bi vam olak\u0161ali i skratili pretragu prezentacije, na ovoj stranici \u0107e se pojaviti objekti koje dodate u omiljene (va\u0161 izbor) a na kraju sa ove stranice ih mo\u017eete otvoriti i kontaktirati vlasnike u vezi rezervacije.\u00a0 Na naslovnim fotografijama sme\u0161tajnog objekta imate malo srce. Klikom na njega dodali ste taj sme\u0161taj u va\u0161 izbor. &nbsp;...","og_url":"https:\/\/tara.rs\/sr\/omiljeni-smestaj\/","og_site_name":"SME\u0160TAJ NA TARI - Vikendice, apartmani, brvnare, planinske ku\u0107e, hoteli...","article_modified_time":"2023-03-14T21:02:07+00:00","og_image":[{"width":1200,"height":617,"url":"https:\/\/tara.rs\/wp-content\/uploads\/2023\/03\/smestaj-tara-2023-odmor-letovanje-6.jpg","type":"image\/jpeg"}],"twitter_card":"summary_large_image","twitter_misc":{"\u041f\u0440\u043e\u0446\u0435\u045a\u0435\u043d\u043e \u0432\u0440\u0435\u043c\u0435 \u0447\u0438\u0442\u0430\u045a\u0430":"1 \u043c\u0438\u043d\u0443\u0442"},"schema":{"@context":"https:\/\/schema.org","@graph":[{"@type":"WebPage","@id":"https:\/\/tara.rs\/sr\/omiljeni-smestaj\/","url":"https:\/\/tara.rs\/sr\/omiljeni-smestaj\/","name":"VA\u0160 IZBOR SME\u0160TAJA - SME\u0160TAJ NA TARI - Vikendice, apartmani, brvnare, planinske ku\u0107e, hoteli...","isPartOf":{"@id":"https:\/\/tara.rs\/sr\/#website"},"datePublished":"2021-04-09T08:03:40+00:00","dateModified":"2023-03-14T21:02:07+00:00","inLanguage":"sr-RS","potentialAction":[{"@type":"ReadAction","target":["https:\/\/tara.rs\/sr\/omiljeni-smestaj\/"]}]},{"@type":"WebSite","@id":"https:\/\/tara.rs\/sr\/#website","url":"https:\/\/tara.rs\/sr\/","name":"SME\u0160TAJ NA TARI - Vikendice, apartmani, brvnare, planinske ku\u0107e, hoteli...","description":"350 + OBJEKATA ZA SME\u0160TAJ NA TARI","publisher":{"@id":"https:\/\/tara.rs\/sr\/#organization"},"alternateName":"TARA.RS - 450 + Objekata za sme\u0161aj","potentialAction":[{"@type":"SearchAction","target":{"@type":"EntryPoint","urlTemplate":"https:\/\/tara.rs\/sr\/?s={search_term_string}"},"query-input":{"@type":"PropertyValueSpecification","valueRequired":true,"valueName":"search_term_string"}}],"inLanguage":"sr-RS"},{"@type":"Organization","@id":"https:\/\/tara.rs\/sr\/#organization","name":"SME\u0160TAJ NA TARI - Vikendice, apartmani, brvnare, planinske ku\u0107e, hoteli...","url":"https:\/\/tara.rs\/sr\/","logo":{"@type":"ImageObject","inLanguage":"sr-RS","@id":"https:\/\/tara.rs\/sr\/#\/schema\/logo\/image\/","url":"https:\/\/tara.rs\/wp-content\/uploads\/2026\/01\/tara-rs-logo-sajt-2.png","contentUrl":"https:\/\/tara.rs\/wp-content\/uploads\/2026\/01\/tara-rs-logo-sajt-2.png","width":280,"height":100,"caption":"SME\u0160TAJ NA TARI - Vikendice, apartmani, brvnare, planinske ku\u0107e, hoteli..."},"image":{"@id":"https:\/\/tara.rs\/sr\/#\/schema\/logo\/image\/"}}]}},"_links":{"self":[{"href":"https:\/\/tara.rs\/sr\/wp-json\/wp\/v2\/pages\/36788"}],"collection":[{"href":"https:\/\/tara.rs\/sr\/wp-json\/wp\/v2\/pages"}],"about":[{"href":"https:\/\/tara.rs\/sr\/wp-json\/wp\/v2\/types\/page"}],"author":[{"embeddable":true,"href":"https:\/\/tara.rs\/sr\/wp-json\/wp\/v2\/users\/1"}],"replies":[{"embeddable":true,"href":"https:\/\/tara.rs\/sr\/wp-json\/wp\/v2\/comments?post=36788"}],"version-history":[{"count":7,"href":"https:\/\/tara.rs\/sr\/wp-json\/wp\/v2\/pages\/36788\/revisions"}],"predecessor-version":[{"id":63404,"href":"https:\/\/tara.rs\/sr\/wp-json\/wp\/v2\/pages\/36788\/revisions\/63404"}],"wp:attachment":[{"href":"https:\/\/tara.rs\/sr\/wp-json\/wp\/v2\/media?parent=36788"}],"curies":[{"name":"wp","href":"https:\/\/api.w.org\/{rel}","templated":true}]}}