{"id":63406,"date":"2023-03-14T22:26:48","date_gmt":"2023-03-14T21:26:48","guid":{"rendered":"https:\/\/tara.rs\/sr\/?page_id=63406"},"modified":"2023-03-14T22:26:48","modified_gmt":"2023-03-14T21:26:48","slug":"uslovi-koriscenja","status":"publish","type":"page","link":"https:\/\/tara.rs\/sr\/uslovi-koriscenja\/","title":{"rendered":"Uslovi kori\u0161\u0107enja"},"content":{"rendered":"<p>Dobro do\u0161li na Tara.rs ! Hvala vam \u0161to ste posetili na\u0161u internet prezentaciju<\/p>\n<p>Agencija za reklmanu delatnost &#8222;Tara-planina&#8220; kreiralo je internet sajt na adresi www.tara.rs. u cilju pru\u017eanja informacija svojim korisnicima.<\/p>\n<p>Va\u0161 pristup, kao i kori\u0161\u0107enje ovog internet sajta podle\u017ee ovim uslovima kori\u0161\u0107enja i va\u017ee\u0107im zakonskim propisima koji ure\u0111uju ovu oblast. Pristupom i kori\u0161\u0107enjem ovog internet sajta, prihvatate bez ograni\u010denja, ove uslove kori\u0161\u0107enja. Ukoliko ne prihvatate ove uslove kori\u0161\u0107enja bez ograni\u010denja, molimo vas da napustite Tara.rs<\/p>\n<p>Ko postavlja ponude<br \/>\nTuristi\u010dke ponude, sme\u0161tajne kapacitete i turisti\u010dke atrakcije, na ovaj sajt postavljaju administratori.<br \/>\nTara.rs nije odgovoran za sadr\u017eaj pojedina\u010dnih stranica ponuda sme\u0161taja.<\/p>\n<p>Vlasni\u0161tvo sadr\u017eaja<br \/>\nTara.rs i svi tekstovi, logotipi, grafika, fotografije (osim fotografija na pojednina\u010dnim stranicama sme\u0161taja), podaci i ostali materijal na ovom internet sajtu, jesu autorsko pravo ili vlasni\u0161tvo aagencije za marketing \u201cTara-planina\u201d, ili su na Tara.rs postavljeni uz dozvolu vlasnika ili ovla\u0161\u0107enog nosioca prava. Kori\u0161\u0107enje sadr\u017eaja sajta, osim na na\u010din opisan u ovim uslovima kori\u0161\u0107enja, bez na\u0161e pisane dozvole je strogo zabranjeno. Mi \u0161titimo svoja autorska prava, svoja prava intelektualne svojine i ostala srodna prava, kao i druga prava.<\/p>\n<p>Va\u0161a upotreba internet sajta<br \/>\nSadr\u017eaj internet sajta mo\u017ee sadr\u017eati neta\u010dne podatke ili \u0161tamparske gre\u0161ke. Promene na internet sajtu se mogu napraviti periodi\u010dno u bilo kom trenutku i bez obave\u0161tenja. Me\u0111utim, Tara.rs portal se ne obavezuje da redovno a\u017eurira informacije sadr\u017eane na ovom internet sajtu. Tako\u0111e, portal Tara.rs ne garantuje da \u0107e internet sajt funkcionisati bez prekida ili gre\u0161aka, da \u0107e nedostaci biti blagovremeno ispravljani ili da je internet sajt kompatibilan sa va\u0161im hardverom ili softverom. Informacije date na ovom internet sajtu ne treba tuma\u010diti kao savete za dono\u0161enje odluka bilo koje vrste.<\/p>\n<p>Izuze\u0107e od odgovornosti<br \/>\nTara.rs koristite na sopstveni rizik. Portal Tara.rs nije odgovoran za materijalnu ili nematerijalnu \u0161tetu, direktnu ili indirektnu koja nastane iz kori\u0161\u0107enja ili je u nekoj vezi sa kori\u0161\u0107enjem internet sajta ili njegovog sadr\u017eaja.<\/p>\n<p>Linkovi sa internet sajtovima tre\u0107ih lica<br \/>\nPortal TARA.RS sadr\u017ei linkove drugih internet sajtova \u010diji vlasnik ili korisnik nije Tara.rs. Takvi linkovi su obezbe\u0111eni isklju\u010divo da bi vama pru\u017eili \u0161to vi\u0161e informacija. Sajt Tara.rs ne kontroli\u0161e i nije odgovoran za rad, sadr\u017eaj, politiku privatnosti ili bezbednost ovih sajtova. Tara.rs ne kontroli\u0161e sadr\u017eaj ili proizvode ili usluge dostupne na ovim internet sajtovima. Ako uspostavite vezu sa takvim internet sajtovima preko linka na na\u0161em internet sajtu, to \u010dinite na sopstveni rizik i bez odgovornosti Tara.rs.<\/p>\n<p>Izmena uslova kori\u0161\u0107enja<br \/>\nPortal Tara.rs zadr\u017eava pravo da bez najave i prethodnog obave\u0161tavanja korisnika, izvr\u0161iti izmene uslova kori\u0161\u0107enja sajta. Nastavak kori\u0161\u0107enja internet sajta od strane korisnika i nakon \u0161to su izvr\u0161ene izmene uslova kori\u0161\u0107enja, smatra\u0107e se kao pristanak korisnika na takve izmene.<\/p>\n","protected":false},"excerpt":{"rendered":"<p>Dobro do\u0161li na Tara.rs ! Hvala vam \u0161to ste posetili na\u0161u internet prezentaciju Agencija za reklmanu delatnost &#8222;Tara-planina&#8220; kreiralo je internet sajt na adresi www.tara.rs. u cilju pru\u017eanja informacija svojim korisnicima. Va\u0161 pristup, kao i kori\u0161\u0107enje ovog internet sajta podle\u017ee ovim uslovima kori\u0161\u0107enja i va\u017ee\u0107im zakonskim propisima koji ure\u0111uju ovu oblast. Pristupom i kori\u0161\u0107enjem ovog&#8230;<\/p>\n","protected":false},"author":1,"featured_media":0,"parent":0,"menu_order":0,"comment_status":"closed","ping_status":"closed","template":"","meta":{"footnotes":""},"class_list":["post-63406","page","type-page","status-publish","hentry"],"yoast_head":"<!-- This site is optimized with the Yoast SEO plugin v25.3 - https:\/\/yoast.com\/wordpress\/plugins\/seo\/ -->\n<title>Uslovi kori\u0161\u0107enja - SME\u0160TAJ NA TARI - Vikendice, apartmani, brvnare, planinske ku\u0107e, hoteli...<\/title>\n<meta name=\"robots\" content=\"index, follow, max-snippet:-1, max-image-preview:large, max-video-preview:-1\" \/>\n<link rel=\"canonical\" href=\"https:\/\/tara.rs\/sr\/uslovi-koriscenja\/\" \/>\n<meta property=\"og:locale\" content=\"sr_RS\" \/>\n<meta property=\"og:type\" content=\"article\" \/>\n<meta property=\"og:title\" content=\"Uslovi kori\u0161\u0107enja - SME\u0160TAJ NA TARI - Vikendice, apartmani, brvnare, planinske ku\u0107e, hoteli...\" \/>\n<meta property=\"og:description\" content=\"Dobro do\u0161li na Tara.rs ! Hvala vam \u0161to ste posetili na\u0161u internet prezentaciju Agencija za reklmanu delatnost &#8222;Tara-planina&#8220; kreiralo je internet sajt na adresi www.tara.rs. u cilju pru\u017eanja informacija svojim korisnicima. Va\u0161 pristup, kao i kori\u0161\u0107enje ovog internet sajta podle\u017ee ovim uslovima kori\u0161\u0107enja i va\u017ee\u0107im zakonskim propisima koji ure\u0111uju ovu oblast. Pristupom i kori\u0161\u0107enjem ovog...\" \/>\n<meta property=\"og:url\" content=\"https:\/\/tara.rs\/sr\/uslovi-koriscenja\/\" \/>\n<meta property=\"og:site_name\" content=\"SME\u0160TAJ NA TARI - Vikendice, apartmani, brvnare, planinske ku\u0107e, hoteli...\" \/>\n<meta property=\"og:image\" content=\"https:\/\/tara.rs\/wp-content\/uploads\/2023\/03\/smestaj-tara-2023-odmor-letovanje-6.jpg\" \/>\n\t<meta property=\"og:image:width\" content=\"1200\" \/>\n\t<meta property=\"og:image:height\" content=\"617\" \/>\n\t<meta property=\"og:image:type\" content=\"image\/jpeg\" \/>\n<meta name=\"twitter:card\" content=\"summary_large_image\" \/>\n<meta name=\"twitter:label1\" content=\"\u041f\u0440\u043e\u0446\u0435\u045a\u0435\u043d\u043e \u0432\u0440\u0435\u043c\u0435 \u0447\u0438\u0442\u0430\u045a\u0430\" \/>\n\t<meta name=\"twitter:data1\" content=\"3 \u043c\u0438\u043d\u0443\u0442\u0430\" \/>\n<script type=\"application\/ld+json\" class=\"yoast-schema-graph\">{\"@context\":\"https:\/\/schema.org\",\"@graph\":[{\"@type\":\"WebPage\",\"@id\":\"https:\/\/tara.rs\/sr\/uslovi-koriscenja\/\",\"url\":\"https:\/\/tara.rs\/sr\/uslovi-koriscenja\/\",\"name\":\"Uslovi kori\u0161\u0107enja - SME\u0160TAJ NA TARI - Vikendice, apartmani, brvnare, planinske ku\u0107e, hoteli...\",\"isPartOf\":{\"@id\":\"https:\/\/tara.rs\/sr\/#website\"},\"datePublished\":\"2023-03-14T21:26:48+00:00\",\"inLanguage\":\"sr-RS\",\"potentialAction\":[{\"@type\":\"ReadAction\",\"target\":[\"https:\/\/tara.rs\/sr\/uslovi-koriscenja\/\"]}]},{\"@type\":\"WebSite\",\"@id\":\"https:\/\/tara.rs\/sr\/#website\",\"url\":\"https:\/\/tara.rs\/sr\/\",\"name\":\"SME\u0160TAJ NA TARI - Vikendice, apartmani, brvnare, planinske ku\u0107e, hoteli...\",\"description\":\"350 + OBJEKATA ZA SME\u0160TAJ NA TARI\",\"publisher\":{\"@id\":\"https:\/\/tara.rs\/sr\/#organization\"},\"alternateName\":\"TARA.RS - 450 + Objekata za sme\u0161aj\",\"potentialAction\":[{\"@type\":\"SearchAction\",\"target\":{\"@type\":\"EntryPoint\",\"urlTemplate\":\"https:\/\/tara.rs\/sr\/?s={search_term_string}\"},\"query-input\":{\"@type\":\"PropertyValueSpecification\",\"valueRequired\":true,\"valueName\":\"search_term_string\"}}],\"inLanguage\":\"sr-RS\"},{\"@type\":\"Organization\",\"@id\":\"https:\/\/tara.rs\/sr\/#organization\",\"name\":\"SME\u0160TAJ NA TARI - Vikendice, apartmani, brvnare, planinske ku\u0107e, hoteli...\",\"url\":\"https:\/\/tara.rs\/sr\/\",\"logo\":{\"@type\":\"ImageObject\",\"inLanguage\":\"sr-RS\",\"@id\":\"https:\/\/tara.rs\/sr\/#\/schema\/logo\/image\/\",\"url\":\"https:\/\/tara.rs\/wp-content\/uploads\/2026\/01\/tara-rs-logo-sajt-2.png\",\"contentUrl\":\"https:\/\/tara.rs\/wp-content\/uploads\/2026\/01\/tara-rs-logo-sajt-2.png\",\"width\":280,\"height\":100,\"caption\":\"SME\u0160TAJ NA TARI - Vikendice, apartmani, brvnare, planinske ku\u0107e, hoteli...\"},\"image\":{\"@id\":\"https:\/\/tara.rs\/sr\/#\/schema\/logo\/image\/\"}}]}<\/script>\n<!-- \/ Yoast SEO plugin. -->","yoast_head_json":{"title":"Uslovi kori\u0161\u0107enja - SME\u0160TAJ NA TARI - Vikendice, apartmani, brvnare, planinske ku\u0107e, hoteli...","robots":{"index":"index","follow":"follow","max-snippet":"max-snippet:-1","max-image-preview":"max-image-preview:large","max-video-preview":"max-video-preview:-1"},"canonical":"https:\/\/tara.rs\/sr\/uslovi-koriscenja\/","og_locale":"sr_RS","og_type":"article","og_title":"Uslovi kori\u0161\u0107enja - SME\u0160TAJ NA TARI - Vikendice, apartmani, brvnare, planinske ku\u0107e, hoteli...","og_description":"Dobro do\u0161li na Tara.rs ! Hvala vam \u0161to ste posetili na\u0161u internet prezentaciju Agencija za reklmanu delatnost &#8222;Tara-planina&#8220; kreiralo je internet sajt na adresi www.tara.rs. u cilju pru\u017eanja informacija svojim korisnicima. Va\u0161 pristup, kao i kori\u0161\u0107enje ovog internet sajta podle\u017ee ovim uslovima kori\u0161\u0107enja i va\u017ee\u0107im zakonskim propisima koji ure\u0111uju ovu oblast. Pristupom i kori\u0161\u0107enjem ovog...","og_url":"https:\/\/tara.rs\/sr\/uslovi-koriscenja\/","og_site_name":"SME\u0160TAJ NA TARI - Vikendice, apartmani, brvnare, planinske ku\u0107e, hoteli...","og_image":[{"width":1200,"height":617,"url":"https:\/\/tara.rs\/wp-content\/uploads\/2023\/03\/smestaj-tara-2023-odmor-letovanje-6.jpg","type":"image\/jpeg"}],"twitter_card":"summary_large_image","twitter_misc":{"\u041f\u0440\u043e\u0446\u0435\u045a\u0435\u043d\u043e \u0432\u0440\u0435\u043c\u0435 \u0447\u0438\u0442\u0430\u045a\u0430":"3 \u043c\u0438\u043d\u0443\u0442\u0430"},"schema":{"@context":"https:\/\/schema.org","@graph":[{"@type":"WebPage","@id":"https:\/\/tara.rs\/sr\/uslovi-koriscenja\/","url":"https:\/\/tara.rs\/sr\/uslovi-koriscenja\/","name":"Uslovi kori\u0161\u0107enja - SME\u0160TAJ NA TARI - Vikendice, apartmani, brvnare, planinske ku\u0107e, hoteli...","isPartOf":{"@id":"https:\/\/tara.rs\/sr\/#website"},"datePublished":"2023-03-14T21:26:48+00:00","inLanguage":"sr-RS","potentialAction":[{"@type":"ReadAction","target":["https:\/\/tara.rs\/sr\/uslovi-koriscenja\/"]}]},{"@type":"WebSite","@id":"https:\/\/tara.rs\/sr\/#website","url":"https:\/\/tara.rs\/sr\/","name":"SME\u0160TAJ NA TARI - Vikendice, apartmani, brvnare, planinske ku\u0107e, hoteli...","description":"350 + OBJEKATA ZA SME\u0160TAJ NA TARI","publisher":{"@id":"https:\/\/tara.rs\/sr\/#organization"},"alternateName":"TARA.RS - 450 + Objekata za sme\u0161aj","potentialAction":[{"@type":"SearchAction","target":{"@type":"EntryPoint","urlTemplate":"https:\/\/tara.rs\/sr\/?s={search_term_string}"},"query-input":{"@type":"PropertyValueSpecification","valueRequired":true,"valueName":"search_term_string"}}],"inLanguage":"sr-RS"},{"@type":"Organization","@id":"https:\/\/tara.rs\/sr\/#organization","name":"SME\u0160TAJ NA TARI - Vikendice, apartmani, brvnare, planinske ku\u0107e, hoteli...","url":"https:\/\/tara.rs\/sr\/","logo":{"@type":"ImageObject","inLanguage":"sr-RS","@id":"https:\/\/tara.rs\/sr\/#\/schema\/logo\/image\/","url":"https:\/\/tara.rs\/wp-content\/uploads\/2026\/01\/tara-rs-logo-sajt-2.png","contentUrl":"https:\/\/tara.rs\/wp-content\/uploads\/2026\/01\/tara-rs-logo-sajt-2.png","width":280,"height":100,"caption":"SME\u0160TAJ NA TARI - Vikendice, apartmani, brvnare, planinske ku\u0107e, hoteli..."},"image":{"@id":"https:\/\/tara.rs\/sr\/#\/schema\/logo\/image\/"}}]}},"_links":{"self":[{"href":"https:\/\/tara.rs\/sr\/wp-json\/wp\/v2\/pages\/63406"}],"collection":[{"href":"https:\/\/tara.rs\/sr\/wp-json\/wp\/v2\/pages"}],"about":[{"href":"https:\/\/tara.rs\/sr\/wp-json\/wp\/v2\/types\/page"}],"author":[{"embeddable":true,"href":"https:\/\/tara.rs\/sr\/wp-json\/wp\/v2\/users\/1"}],"replies":[{"embeddable":true,"href":"https:\/\/tara.rs\/sr\/wp-json\/wp\/v2\/comments?post=63406"}],"version-history":[{"count":1,"href":"https:\/\/tara.rs\/sr\/wp-json\/wp\/v2\/pages\/63406\/revisions"}],"predecessor-version":[{"id":63407,"href":"https:\/\/tara.rs\/sr\/wp-json\/wp\/v2\/pages\/63406\/revisions\/63407"}],"wp:attachment":[{"href":"https:\/\/tara.rs\/sr\/wp-json\/wp\/v2\/media?parent=63406"}],"curies":[{"name":"wp","href":"https:\/\/api.w.org\/{rel}","templated":true}]}}