{"id":6561,"date":"2017-11-29T13:33:11","date_gmt":"2017-11-29T13:33:11","guid":{"rendered":"http:\/\/tara.rs\/sr\/?page_id=6561"},"modified":"2021-05-08T07:03:34","modified_gmt":"2021-05-08T05:03:34","slug":"racanska-sljivovica","status":"publish","type":"page","link":"https:\/\/tara.rs\/sr\/racanska-sljivovica\/","title":{"rendered":"Ra\u010danska \u0160ljivovica &#8211; Sme\u0161taj"},"content":{"rendered":"<p>[vc_row][vc_column][vc_text_separator title=&#8220;IZDVAJAMO SME\u0160TAJ U RA\u010cANSKOJ \u0160LJIVOVICI&#8220;]<div id=\"ere_shortcode_1\"  class=\"ere_latest_properties_ajax ere_ele_property_ajax_target\"><div class=\"home-properties-section-inner-target\"><div class=\"grid-layout property-grid inspiry-shortcode\"><div class=\"list-container rh_shortcode_cols_2 clearfix\"><article class=\"rh_prop_card rh_prop_card--listing\">\n    <div class=\"rh_prop_card__wrap\">\n\t\t            <div class=\"rh_label rh_label__property_grid\">\n                <div class=\"rh_label__wrap\">\n\t\t\t\t\tIZDVAJAMO                    <span><\/span>\n                <\/div>\n            <\/div><!-- \/.rh_label -->\n\t\t\n        <figure class=\"rh_prop_card__thumbnail\">\n            <div class=\"rh_figure_property_one\">\n                <a href=\"https:\/\/tara.rs\/sr\/objekat\/apartmani-andric\/\">\n\t\t\t\t\t<img fetchpriority=\"high\" decoding=\"async\" width=\"680\" height=\"510\" src=\"https:\/\/tara.rs\/wp-content\/uploads\/2025\/03\/Apartmani-Andric-Tara-Smestaj-sa-bazenom-odmor-grupe-8-680x510.jpg\" class=\"attachment-modern-property-child-slider size-modern-property-child-slider wp-post-image\" alt=\"\" srcset=\"https:\/\/tara.rs\/wp-content\/uploads\/2025\/03\/Apartmani-Andric-Tara-Smestaj-sa-bazenom-odmor-grupe-8-680x510.jpg 680w, https:\/\/tara.rs\/wp-content\/uploads\/2025\/03\/Apartmani-Andric-Tara-Smestaj-sa-bazenom-odmor-grupe-8-300x225.jpg 300w, https:\/\/tara.rs\/wp-content\/uploads\/2025\/03\/Apartmani-Andric-Tara-Smestaj-sa-bazenom-odmor-grupe-8-768x576.jpg 768w, https:\/\/tara.rs\/wp-content\/uploads\/2025\/03\/Apartmani-Andric-Tara-Smestaj-sa-bazenom-odmor-grupe-8-150x113.jpg 150w, https:\/\/tara.rs\/wp-content\/uploads\/2025\/03\/Apartmani-Andric-Tara-Smestaj-sa-bazenom-odmor-grupe-8.jpg 1000w\" sizes=\"(max-width: 680px) 100vw, 680px\" \/>                <\/a>\n\n                <div class=\"rh_overlay\"><\/div>\n                <div class=\"rh_overlay__contents rh_overlay__fadeIn-bottom\">\n                    <a href=\"https:\/\/tara.rs\/sr\/objekat\/apartmani-andric\/\">POGLEDAJTE<\/a>\n                <\/div>\n                <!-- \/.rh_overlay__contents -->\n\n\t\t\t\t            <span style=\"background: #dd3333\"                  class='property-label '>POPUST ZA GRUPE<\/span>\n\t\t\t            <\/div>\n            <div class=\"rh_prop_card__btns\">\n\t\t\t\t                    <span class=\"favorite-btn-wrap favorite-btn-3131\">\n\t\t\t\t\t\t\t<span class=\"favorite-placeholder highlight__red hide user_not_logged_in\" data-propertyid=\"3131\"  data-tooltip=\"Dodato u omiljeno\" >\n\t\t\t\t\t\t\t\t<svg xmlns=\"http:\/\/www.w3.org\/2000\/svg\" width=\"24\" height=\"24\" viewBox=\"0 0 24 21\">\n  <path class=\"rh_svg\" d=\"M1089.48,1923.98a6.746,6.746,0,0,1,9.54,9.54L1089,1943l-10.02-9.48a6.746,6.746,0,0,1,9.54-9.54A0.641,0.641,0,0,0,1089.48,1923.98Z\" transform=\"translate(-1077 -1922)\"\/>\n<\/svg>\t\t\t\t\t\t\t<\/span>\n\t\t\t\t\t\t\t<a href=\"#\" class=\"favorite add-to-favorite user_not_logged_in\" data-propertyid=\"3131\"  data-tooltip=\"Dodaj u omiljeno\" >\n\t\t\t\t\t\t\t\t<svg xmlns=\"http:\/\/www.w3.org\/2000\/svg\" width=\"24\" height=\"24\" viewBox=\"0 0 24 21\">\n  <path class=\"rh_svg\" d=\"M1089.48,1923.98a6.746,6.746,0,0,1,9.54,9.54L1089,1943l-10.02-9.48a6.746,6.746,0,0,1,9.54-9.54A0.641,0.641,0,0,0,1089.48,1923.98Z\" transform=\"translate(-1077 -1922)\"\/>\n<\/svg>\t\t\t\t\t\t\t<\/a>\n\t\t\t\t\t\t<\/span>\n\t\t\t\t\t            <\/div>\n            <!-- \/.rh_prop_card__btns -->\n        <\/figure>\n        <!-- \/.rh_prop_card__thumbnail -->\n\n        <div class=\"rh_prop_card__details\">\n            <h3><a href=\"https:\/\/tara.rs\/sr\/objekat\/apartmani-andric\/\">APARTMANI ANDRI\u0106<\/a><\/h3>\n\t\t\t            <p class=\"rh_prop_card__excerpt\">Apartmani ANDRI\u0106 je moderno opremljen objekat na planini Tari. Lokacija na Google mapi Raspola\u017eemo sa&hellip;<\/p>\n            <div class=\"rh_prop_card__meta_wrap\">\n\t\t\t\t    <div class=\"rh_prop_card_meta_theme_stylish\">\n\t\t                <div class=\"rh_prop_card__meta additional-field\">\n\t\t\t\t\t                        <span class=\"rh_meta_titles\">KAPACITET<\/span>\n\t\t\t\t\t\t                    <div class=\"rh_meta_icon_wrapper\">\n\t\t\t\t\t\t<i class=\"fas fa-user-friends\" aria-hidden=\"true\"><\/i>                        <span class=\"figure\">7 Apartmana<\/span>\n                    <\/div>\n                <\/div>\n\t\t\t\t                <div class=\"rh_prop_card__meta additional-field\">\n\t\t\t\t\t                        <span class=\"rh_meta_titles\">VAU\u010cERI<\/span>\n\t\t\t\t\t\t                    <div class=\"rh_meta_icon_wrapper\">\n\t\t\t\t\t\t<i class=\"fas fa-duotone fa-file\" aria-hidden=\"true\"><\/i>                        <span class=\"figure\">Ovaj sme\u0161taj prima vau\u010dere za odmor u Srbiji.<\/span>\n                    <\/div>\n                <\/div>\n\t\t\t\t    <\/div>\n\t            <\/div><!-- \/.rh_prop_card__meta_wrap -->\n\n\t\t\t                <div class=\"rh_prop_card__priceLabel\">\n                    <span class=\"rh_prop_card__status\">TARA II, IZDVAJAMO - TARA - \u0160LJIVOVICA<\/span>\n                    <p class=\"rh_prop_card__price\">\n\t\t\t\t\t\tCena na upit.                    <\/p>\n                <\/div>\n                <!-- \/.rh_prop_card__priceLabel -->\n\t\t\t                <div class=\"inspiry_rating_right\">\n                                    <\/div>\n                        <\/div>\n        <!-- \/.rh_prop_card__details -->\n\n    <\/div>\n    <!-- \/.rh_prop_card__wrap -->\n\n<\/article><!-- \/.rh_prop_card --><\/div><\/div><\/div><\/div>[vc_text_separator title=&#8220;SME\u0160TAJ U RA\u010cANSKOJ \u0160LJIVOVICI NA PLANINI TARI&#8220; color=&#8220;green&#8220;][\/vc_column][\/vc_row]<\/p>\n","protected":false},"excerpt":{"rendered":"<p>[vc_row][vc_column][vc_text_separator title=&#8220;IZDVAJAMO SME\u0160TAJ U RA\u010cANSKOJ \u0160LJIVOVICI&#8220;][vc_text_separator title=&#8220;SME\u0160TAJ U RA\u010cANSKOJ \u0160LJIVOVICI NA PLANINI TARI&#8220; color=&#8220;green&#8220;][\/vc_column][\/vc_row]<\/p>\n","protected":false},"author":1,"featured_media":3194,"parent":0,"menu_order":0,"comment_status":"closed","ping_status":"closed","template":"templates\/properties.php","meta":{"footnotes":""},"class_list":["post-6561","page","type-page","status-publish","has-post-thumbnail","hentry"],"yoast_head":"<!-- This site is optimized with the Yoast SEO plugin v25.3 - https:\/\/yoast.com\/wordpress\/plugins\/seo\/ -->\n<title>Ra\u010danska \u0160ljivovica - Sme\u0161taj - SME\u0160TAJ NA TARI - Vikendice, apartmani, brvnare, planinske ku\u0107e, hoteli...<\/title>\n<meta name=\"robots\" content=\"index, follow, max-snippet:-1, max-image-preview:large, max-video-preview:-1\" \/>\n<link rel=\"canonical\" href=\"https:\/\/tara.rs\/sr\/racanska-sljivovica\/\" \/>\n<meta property=\"og:locale\" content=\"sr_RS\" \/>\n<meta property=\"og:type\" content=\"article\" \/>\n<meta property=\"og:title\" content=\"Ra\u010danska \u0160ljivovica - Sme\u0161taj - SME\u0160TAJ NA TARI - Vikendice, apartmani, brvnare, planinske ku\u0107e, hoteli...\" \/>\n<meta property=\"og:description\" content=\"[vc_row][vc_column][vc_text_separator title=&#8220;IZDVAJAMO SME\u0160TAJ U RA\u010cANSKOJ \u0160LJIVOVICI&#8220;][vc_text_separator title=&#8220;SME\u0160TAJ U RA\u010cANSKOJ \u0160LJIVOVICI NA PLANINI TARI&#8220; color=&#8220;green&#8220;][\/vc_column][\/vc_row]\" \/>\n<meta property=\"og:url\" content=\"https:\/\/tara.rs\/sr\/racanska-sljivovica\/\" \/>\n<meta property=\"og:site_name\" content=\"SME\u0160TAJ NA TARI - Vikendice, apartmani, brvnare, planinske ku\u0107e, hoteli...\" \/>\n<meta property=\"article:modified_time\" content=\"2021-05-08T05:03:34+00:00\" \/>\n<meta property=\"og:image\" content=\"https:\/\/tara.rs\/wp-content\/uploads\/2017\/04\/apartmani-andric-racanska-sljivovica-tara-sl-4.jpg\" \/>\n\t<meta property=\"og:image:width\" content=\"800\" \/>\n\t<meta property=\"og:image:height\" content=\"428\" \/>\n\t<meta property=\"og:image:type\" content=\"image\/jpeg\" \/>\n<meta name=\"twitter:card\" content=\"summary_large_image\" \/>\n<meta name=\"twitter:label1\" content=\"\u041f\u0440\u043e\u0446\u0435\u045a\u0435\u043d\u043e \u0432\u0440\u0435\u043c\u0435 \u0447\u0438\u0442\u0430\u045a\u0430\" \/>\n\t<meta name=\"twitter:data1\" content=\"1 \u043c\u0438\u043d\u0443\u0442\" \/>\n<script type=\"application\/ld+json\" class=\"yoast-schema-graph\">{\"@context\":\"https:\/\/schema.org\",\"@graph\":[{\"@type\":\"WebPage\",\"@id\":\"https:\/\/tara.rs\/sr\/racanska-sljivovica\/\",\"url\":\"https:\/\/tara.rs\/sr\/racanska-sljivovica\/\",\"name\":\"Ra\u010danska \u0160ljivovica - Sme\u0161taj - SME\u0160TAJ NA TARI - Vikendice, apartmani, brvnare, planinske ku\u0107e, hoteli...\",\"isPartOf\":{\"@id\":\"https:\/\/tara.rs\/sr\/#website\"},\"primaryImageOfPage\":{\"@id\":\"https:\/\/tara.rs\/sr\/racanska-sljivovica\/#primaryimage\"},\"image\":{\"@id\":\"https:\/\/tara.rs\/sr\/racanska-sljivovica\/#primaryimage\"},\"thumbnailUrl\":\"https:\/\/tara.rs\/wp-content\/uploads\/2017\/04\/apartmani-andric-racanska-sljivovica-tara-sl-4.jpg\",\"datePublished\":\"2017-11-29T13:33:11+00:00\",\"dateModified\":\"2021-05-08T05:03:34+00:00\",\"inLanguage\":\"sr-RS\",\"potentialAction\":[{\"@type\":\"ReadAction\",\"target\":[\"https:\/\/tara.rs\/sr\/racanska-sljivovica\/\"]}]},{\"@type\":\"ImageObject\",\"inLanguage\":\"sr-RS\",\"@id\":\"https:\/\/tara.rs\/sr\/racanska-sljivovica\/#primaryimage\",\"url\":\"https:\/\/tara.rs\/wp-content\/uploads\/2017\/04\/apartmani-andric-racanska-sljivovica-tara-sl-4.jpg\",\"contentUrl\":\"https:\/\/tara.rs\/wp-content\/uploads\/2017\/04\/apartmani-andric-racanska-sljivovica-tara-sl-4.jpg\",\"width\":800,\"height\":428},{\"@type\":\"WebSite\",\"@id\":\"https:\/\/tara.rs\/sr\/#website\",\"url\":\"https:\/\/tara.rs\/sr\/\",\"name\":\"SME\u0160TAJ NA TARI - Vikendice, apartmani, brvnare, planinske ku\u0107e, hoteli...\",\"description\":\"350 + OBJEKATA ZA SME\u0160TAJ NA TARI\",\"publisher\":{\"@id\":\"https:\/\/tara.rs\/sr\/#organization\"},\"alternateName\":\"TARA.RS - 450 + Objekata za sme\u0161aj\",\"potentialAction\":[{\"@type\":\"SearchAction\",\"target\":{\"@type\":\"EntryPoint\",\"urlTemplate\":\"https:\/\/tara.rs\/sr\/?s={search_term_string}\"},\"query-input\":{\"@type\":\"PropertyValueSpecification\",\"valueRequired\":true,\"valueName\":\"search_term_string\"}}],\"inLanguage\":\"sr-RS\"},{\"@type\":\"Organization\",\"@id\":\"https:\/\/tara.rs\/sr\/#organization\",\"name\":\"SME\u0160TAJ NA TARI - Vikendice, apartmani, brvnare, planinske ku\u0107e, hoteli...\",\"url\":\"https:\/\/tara.rs\/sr\/\",\"logo\":{\"@type\":\"ImageObject\",\"inLanguage\":\"sr-RS\",\"@id\":\"https:\/\/tara.rs\/sr\/#\/schema\/logo\/image\/\",\"url\":\"https:\/\/tara.rs\/wp-content\/uploads\/2026\/01\/tara-rs-logo-sajt-2.png\",\"contentUrl\":\"https:\/\/tara.rs\/wp-content\/uploads\/2026\/01\/tara-rs-logo-sajt-2.png\",\"width\":280,\"height\":100,\"caption\":\"SME\u0160TAJ NA TARI - Vikendice, apartmani, brvnare, planinske ku\u0107e, hoteli...\"},\"image\":{\"@id\":\"https:\/\/tara.rs\/sr\/#\/schema\/logo\/image\/\"}}]}<\/script>\n<!-- \/ Yoast SEO plugin. -->","yoast_head_json":{"title":"Ra\u010danska \u0160ljivovica - Sme\u0161taj - SME\u0160TAJ NA TARI - Vikendice, apartmani, brvnare, planinske ku\u0107e, hoteli...","robots":{"index":"index","follow":"follow","max-snippet":"max-snippet:-1","max-image-preview":"max-image-preview:large","max-video-preview":"max-video-preview:-1"},"canonical":"https:\/\/tara.rs\/sr\/racanska-sljivovica\/","og_locale":"sr_RS","og_type":"article","og_title":"Ra\u010danska \u0160ljivovica - Sme\u0161taj - SME\u0160TAJ NA TARI - Vikendice, apartmani, brvnare, planinske ku\u0107e, hoteli...","og_description":"[vc_row][vc_column][vc_text_separator title=&#8220;IZDVAJAMO SME\u0160TAJ U RA\u010cANSKOJ \u0160LJIVOVICI&#8220;][vc_text_separator title=&#8220;SME\u0160TAJ U RA\u010cANSKOJ \u0160LJIVOVICI NA PLANINI TARI&#8220; color=&#8220;green&#8220;][\/vc_column][\/vc_row]","og_url":"https:\/\/tara.rs\/sr\/racanska-sljivovica\/","og_site_name":"SME\u0160TAJ NA TARI - Vikendice, apartmani, brvnare, planinske ku\u0107e, hoteli...","article_modified_time":"2021-05-08T05:03:34+00:00","og_image":[{"width":800,"height":428,"url":"https:\/\/tara.rs\/wp-content\/uploads\/2017\/04\/apartmani-andric-racanska-sljivovica-tara-sl-4.jpg","type":"image\/jpeg"}],"twitter_card":"summary_large_image","twitter_misc":{"\u041f\u0440\u043e\u0446\u0435\u045a\u0435\u043d\u043e \u0432\u0440\u0435\u043c\u0435 \u0447\u0438\u0442\u0430\u045a\u0430":"1 \u043c\u0438\u043d\u0443\u0442"},"schema":{"@context":"https:\/\/schema.org","@graph":[{"@type":"WebPage","@id":"https:\/\/tara.rs\/sr\/racanska-sljivovica\/","url":"https:\/\/tara.rs\/sr\/racanska-sljivovica\/","name":"Ra\u010danska \u0160ljivovica - Sme\u0161taj - SME\u0160TAJ NA TARI - Vikendice, apartmani, brvnare, planinske ku\u0107e, hoteli...","isPartOf":{"@id":"https:\/\/tara.rs\/sr\/#website"},"primaryImageOfPage":{"@id":"https:\/\/tara.rs\/sr\/racanska-sljivovica\/#primaryimage"},"image":{"@id":"https:\/\/tara.rs\/sr\/racanska-sljivovica\/#primaryimage"},"thumbnailUrl":"https:\/\/tara.rs\/wp-content\/uploads\/2017\/04\/apartmani-andric-racanska-sljivovica-tara-sl-4.jpg","datePublished":"2017-11-29T13:33:11+00:00","dateModified":"2021-05-08T05:03:34+00:00","inLanguage":"sr-RS","potentialAction":[{"@type":"ReadAction","target":["https:\/\/tara.rs\/sr\/racanska-sljivovica\/"]}]},{"@type":"ImageObject","inLanguage":"sr-RS","@id":"https:\/\/tara.rs\/sr\/racanska-sljivovica\/#primaryimage","url":"https:\/\/tara.rs\/wp-content\/uploads\/2017\/04\/apartmani-andric-racanska-sljivovica-tara-sl-4.jpg","contentUrl":"https:\/\/tara.rs\/wp-content\/uploads\/2017\/04\/apartmani-andric-racanska-sljivovica-tara-sl-4.jpg","width":800,"height":428},{"@type":"WebSite","@id":"https:\/\/tara.rs\/sr\/#website","url":"https:\/\/tara.rs\/sr\/","name":"SME\u0160TAJ NA TARI - Vikendice, apartmani, brvnare, planinske ku\u0107e, hoteli...","description":"350 + OBJEKATA ZA SME\u0160TAJ NA TARI","publisher":{"@id":"https:\/\/tara.rs\/sr\/#organization"},"alternateName":"TARA.RS - 450 + Objekata za sme\u0161aj","potentialAction":[{"@type":"SearchAction","target":{"@type":"EntryPoint","urlTemplate":"https:\/\/tara.rs\/sr\/?s={search_term_string}"},"query-input":{"@type":"PropertyValueSpecification","valueRequired":true,"valueName":"search_term_string"}}],"inLanguage":"sr-RS"},{"@type":"Organization","@id":"https:\/\/tara.rs\/sr\/#organization","name":"SME\u0160TAJ NA TARI - Vikendice, apartmani, brvnare, planinske ku\u0107e, hoteli...","url":"https:\/\/tara.rs\/sr\/","logo":{"@type":"ImageObject","inLanguage":"sr-RS","@id":"https:\/\/tara.rs\/sr\/#\/schema\/logo\/image\/","url":"https:\/\/tara.rs\/wp-content\/uploads\/2026\/01\/tara-rs-logo-sajt-2.png","contentUrl":"https:\/\/tara.rs\/wp-content\/uploads\/2026\/01\/tara-rs-logo-sajt-2.png","width":280,"height":100,"caption":"SME\u0160TAJ NA TARI - Vikendice, apartmani, brvnare, planinske ku\u0107e, hoteli..."},"image":{"@id":"https:\/\/tara.rs\/sr\/#\/schema\/logo\/image\/"}}]}},"_links":{"self":[{"href":"https:\/\/tara.rs\/sr\/wp-json\/wp\/v2\/pages\/6561"}],"collection":[{"href":"https:\/\/tara.rs\/sr\/wp-json\/wp\/v2\/pages"}],"about":[{"href":"https:\/\/tara.rs\/sr\/wp-json\/wp\/v2\/types\/page"}],"author":[{"embeddable":true,"href":"https:\/\/tara.rs\/sr\/wp-json\/wp\/v2\/users\/1"}],"replies":[{"embeddable":true,"href":"https:\/\/tara.rs\/sr\/wp-json\/wp\/v2\/comments?post=6561"}],"version-history":[{"count":7,"href":"https:\/\/tara.rs\/sr\/wp-json\/wp\/v2\/pages\/6561\/revisions"}],"predecessor-version":[{"id":37834,"href":"https:\/\/tara.rs\/sr\/wp-json\/wp\/v2\/pages\/6561\/revisions\/37834"}],"wp:featuredmedia":[{"embeddable":true,"href":"https:\/\/tara.rs\/sr\/wp-json\/wp\/v2\/media\/3194"}],"wp:attachment":[{"href":"https:\/\/tara.rs\/sr\/wp-json\/wp\/v2\/media?parent=6561"}],"curies":[{"name":"wp","href":"https:\/\/api.w.org\/{rel}","templated":true}]}}