{"id":6568,"date":"2017-11-29T13:37:35","date_gmt":"2017-11-29T13:37:35","guid":{"rendered":"http:\/\/tara.rs\/sr\/?page_id=6568"},"modified":"2025-07-25T09:43:16","modified_gmt":"2025-07-25T07:43:16","slug":"mitrovac-tara-smestaj","status":"publish","type":"page","link":"https:\/\/tara.rs\/sr\/mitrovac-smestaj\/","title":{"rendered":"Mitrovac &#8211; Sme\u0161taj"},"content":{"rendered":"<p>Mitrovac na Tari je idealna destinacija za porodi\u010dni odmor u netaknutoj prirodi Nacionalnog parka Tara. U ponudi je vi\u0161e od 50 sme\u0161tajnih objekata, uklju\u010duju\u0107i apartmane, brvnare i planinske ku\u0107e. Mesto je poznato po prostranim livadama, igrali\u0161tima za decu i blizini atrakcija kao \u0161to su Banjska stena, Tepih livada i jezero Zaovine. Mitrovac nudi mir, povoljnu klimu i sve \u0161to je potrebno za opu\u0161ten i sadr\u017eajan boravak na planini.<\/p>\n","protected":false},"excerpt":{"rendered":"<p>Mitrovac na Tari je idealna destinacija za porodi\u010dni odmor u netaknutoj prirodi Nacionalnog parka Tara. U ponudi je vi\u0161e od 50 sme\u0161tajnih objekata, uklju\u010duju\u0107i apartmane, brvnare i planinske ku\u0107e. Mesto je poznato po prostranim livadama, igrali\u0161tima za decu i blizini atrakcija kao \u0161to su Banjska stena, Tepih livada i jezero Zaovine. Mitrovac nudi mir, povoljnu&#8230;<\/p>\n","protected":false},"author":1,"featured_media":28327,"parent":0,"menu_order":0,"comment_status":"closed","ping_status":"closed","template":"templates\/properties.php","meta":{"footnotes":""},"class_list":["post-6568","page","type-page","status-publish","has-post-thumbnail","hentry"],"yoast_head":"<!-- This site is optimized with the Yoast SEO plugin v25.3 - https:\/\/yoast.com\/wordpress\/plugins\/seo\/ -->\n<title>Mitrovac - Sme\u0161taj - SME\u0160TAJ NA TARI - Vikendice, apartmani, brvnare, planinske ku\u0107e, hoteli...<\/title>\n<meta name=\"description\" content=\"Mitrovac na Tari. Vikendice, brvnare, apartmani i kolibe za sme\u0161taj na Mitrovcu u Nacionalnom parku Tara. Idealan za odmor sa decom.\" \/>\n<meta name=\"robots\" content=\"index, follow, max-snippet:-1, max-image-preview:large, max-video-preview:-1\" \/>\n<link rel=\"canonical\" href=\"https:\/\/tara.rs\/sr\/mitrovac-smestaj\/\" \/>\n<meta property=\"og:locale\" content=\"sr_RS\" \/>\n<meta property=\"og:type\" content=\"article\" \/>\n<meta property=\"og:title\" content=\"Mitrovac - Sme\u0161taj - SME\u0160TAJ NA TARI - Vikendice, apartmani, brvnare, planinske ku\u0107e, hoteli...\" \/>\n<meta property=\"og:description\" content=\"{:sr}Mitrovac na Tari. Vikendice, brvnare, apartmani i kolibe za sme\u0161taj na Mitrovcu u Nacionalnom parku Tara. Idealan za odmor sa decom.{:}\" \/>\n<meta property=\"og:url\" content=\"https:\/\/tara.rs\/sr\/mitrovac-smestaj\/\" \/>\n<meta property=\"og:site_name\" content=\"SME\u0160TAJ NA TARI - Vikendice, apartmani, brvnare, planinske ku\u0107e, hoteli...\" \/>\n<meta property=\"article:modified_time\" content=\"2025-07-25T07:43:16+00:00\" \/>\n<meta property=\"og:image\" content=\"https:\/\/tara.rs\/wp-content\/uploads\/2017\/03\/vila-majkina-dusica-apartmani-tara-mitrovac-1.jpg\" \/>\n\t<meta property=\"og:image:width\" content=\"870\" \/>\n\t<meta property=\"og:image:height\" content=\"489\" \/>\n\t<meta property=\"og:image:type\" content=\"image\/jpeg\" \/>\n<meta name=\"twitter:card\" content=\"summary_large_image\" \/>\n<meta name=\"twitter:label1\" content=\"\u041f\u0440\u043e\u0446\u0435\u045a\u0435\u043d\u043e \u0432\u0440\u0435\u043c\u0435 \u0447\u0438\u0442\u0430\u045a\u0430\" \/>\n\t<meta name=\"twitter:data1\" content=\"1 \u043c\u0438\u043d\u0443\u0442\" \/>\n<script type=\"application\/ld+json\" class=\"yoast-schema-graph\">{\"@context\":\"https:\/\/schema.org\",\"@graph\":[{\"@type\":\"WebPage\",\"@id\":\"https:\/\/tara.rs\/sr\/mitrovac-smestaj\/\",\"url\":\"https:\/\/tara.rs\/sr\/mitrovac-smestaj\/\",\"name\":\"Mitrovac - Sme\u0161taj - SME\u0160TAJ NA TARI - Vikendice, apartmani, brvnare, planinske ku\u0107e, hoteli...\",\"isPartOf\":{\"@id\":\"https:\/\/tara.rs\/sr\/#website\"},\"primaryImageOfPage\":{\"@id\":\"https:\/\/tara.rs\/sr\/mitrovac-smestaj\/#primaryimage\"},\"image\":{\"@id\":\"https:\/\/tara.rs\/sr\/mitrovac-smestaj\/#primaryimage\"},\"thumbnailUrl\":\"https:\/\/tara.rs\/wp-content\/uploads\/2017\/03\/vila-majkina-dusica-apartmani-tara-mitrovac-1.jpg\",\"datePublished\":\"2017-11-29T13:37:35+00:00\",\"dateModified\":\"2025-07-25T07:43:16+00:00\",\"description\":\"{:sr}Mitrovac na Tari. Vikendice, brvnare, apartmani i kolibe za sme\u0161taj na Mitrovcu u Nacionalnom parku Tara. Idealan za odmor sa decom.{:}\",\"inLanguage\":\"sr-RS\",\"potentialAction\":[{\"@type\":\"ReadAction\",\"target\":[\"https:\/\/tara.rs\/sr\/mitrovac-smestaj\/\"]}]},{\"@type\":\"ImageObject\",\"inLanguage\":\"sr-RS\",\"@id\":\"https:\/\/tara.rs\/sr\/mitrovac-smestaj\/#primaryimage\",\"url\":\"https:\/\/tara.rs\/wp-content\/uploads\/2017\/03\/vila-majkina-dusica-apartmani-tara-mitrovac-1.jpg\",\"contentUrl\":\"https:\/\/tara.rs\/wp-content\/uploads\/2017\/03\/vila-majkina-dusica-apartmani-tara-mitrovac-1.jpg\",\"width\":870,\"height\":489},{\"@type\":\"WebSite\",\"@id\":\"https:\/\/tara.rs\/sr\/#website\",\"url\":\"https:\/\/tara.rs\/sr\/\",\"name\":\"SME\u0160TAJ NA TARI - Vikendice, apartmani, brvnare, planinske ku\u0107e, hoteli...\",\"description\":\"350 + OBJEKATA ZA SME\u0160TAJ NA TARI\",\"publisher\":{\"@id\":\"https:\/\/tara.rs\/sr\/#organization\"},\"alternateName\":\"TARA.RS - 450 + Objekata za sme\u0161aj\",\"potentialAction\":[{\"@type\":\"SearchAction\",\"target\":{\"@type\":\"EntryPoint\",\"urlTemplate\":\"https:\/\/tara.rs\/sr\/?s={search_term_string}\"},\"query-input\":{\"@type\":\"PropertyValueSpecification\",\"valueRequired\":true,\"valueName\":\"search_term_string\"}}],\"inLanguage\":\"sr-RS\"},{\"@type\":\"Organization\",\"@id\":\"https:\/\/tara.rs\/sr\/#organization\",\"name\":\"SME\u0160TAJ NA TARI - Vikendice, apartmani, brvnare, planinske ku\u0107e, hoteli...\",\"url\":\"https:\/\/tara.rs\/sr\/\",\"logo\":{\"@type\":\"ImageObject\",\"inLanguage\":\"sr-RS\",\"@id\":\"https:\/\/tara.rs\/sr\/#\/schema\/logo\/image\/\",\"url\":\"https:\/\/tara.rs\/wp-content\/uploads\/2026\/01\/tara-rs-logo-sajt-2.png\",\"contentUrl\":\"https:\/\/tara.rs\/wp-content\/uploads\/2026\/01\/tara-rs-logo-sajt-2.png\",\"width\":280,\"height\":100,\"caption\":\"SME\u0160TAJ NA TARI - Vikendice, apartmani, brvnare, planinske ku\u0107e, hoteli...\"},\"image\":{\"@id\":\"https:\/\/tara.rs\/sr\/#\/schema\/logo\/image\/\"}}]}<\/script>\n<!-- \/ Yoast SEO plugin. -->","yoast_head_json":{"title":"Mitrovac - Sme\u0161taj - SME\u0160TAJ NA TARI - Vikendice, apartmani, brvnare, planinske ku\u0107e, hoteli...","description":"Mitrovac na Tari. Vikendice, brvnare, apartmani i kolibe za sme\u0161taj na Mitrovcu u Nacionalnom parku Tara. Idealan za odmor sa decom.","robots":{"index":"index","follow":"follow","max-snippet":"max-snippet:-1","max-image-preview":"max-image-preview:large","max-video-preview":"max-video-preview:-1"},"canonical":"https:\/\/tara.rs\/sr\/mitrovac-smestaj\/","og_locale":"sr_RS","og_type":"article","og_title":"Mitrovac - Sme\u0161taj - SME\u0160TAJ NA TARI - Vikendice, apartmani, brvnare, planinske ku\u0107e, hoteli...","og_description":"{:sr}Mitrovac na Tari. Vikendice, brvnare, apartmani i kolibe za sme\u0161taj na Mitrovcu u Nacionalnom parku Tara. Idealan za odmor sa decom.{:}","og_url":"https:\/\/tara.rs\/sr\/mitrovac-smestaj\/","og_site_name":"SME\u0160TAJ NA TARI - Vikendice, apartmani, brvnare, planinske ku\u0107e, hoteli...","article_modified_time":"2025-07-25T07:43:16+00:00","og_image":[{"width":870,"height":489,"url":"https:\/\/tara.rs\/wp-content\/uploads\/2017\/03\/vila-majkina-dusica-apartmani-tara-mitrovac-1.jpg","type":"image\/jpeg"}],"twitter_card":"summary_large_image","twitter_misc":{"\u041f\u0440\u043e\u0446\u0435\u045a\u0435\u043d\u043e \u0432\u0440\u0435\u043c\u0435 \u0447\u0438\u0442\u0430\u045a\u0430":"1 \u043c\u0438\u043d\u0443\u0442"},"schema":{"@context":"https:\/\/schema.org","@graph":[{"@type":"WebPage","@id":"https:\/\/tara.rs\/sr\/mitrovac-smestaj\/","url":"https:\/\/tara.rs\/sr\/mitrovac-smestaj\/","name":"Mitrovac - Sme\u0161taj - SME\u0160TAJ NA TARI - Vikendice, apartmani, brvnare, planinske ku\u0107e, hoteli...","isPartOf":{"@id":"https:\/\/tara.rs\/sr\/#website"},"primaryImageOfPage":{"@id":"https:\/\/tara.rs\/sr\/mitrovac-smestaj\/#primaryimage"},"image":{"@id":"https:\/\/tara.rs\/sr\/mitrovac-smestaj\/#primaryimage"},"thumbnailUrl":"https:\/\/tara.rs\/wp-content\/uploads\/2017\/03\/vila-majkina-dusica-apartmani-tara-mitrovac-1.jpg","datePublished":"2017-11-29T13:37:35+00:00","dateModified":"2025-07-25T07:43:16+00:00","description":"{:sr}Mitrovac na Tari. Vikendice, brvnare, apartmani i kolibe za sme\u0161taj na Mitrovcu u Nacionalnom parku Tara. Idealan za odmor sa decom.{:}","inLanguage":"sr-RS","potentialAction":[{"@type":"ReadAction","target":["https:\/\/tara.rs\/sr\/mitrovac-smestaj\/"]}]},{"@type":"ImageObject","inLanguage":"sr-RS","@id":"https:\/\/tara.rs\/sr\/mitrovac-smestaj\/#primaryimage","url":"https:\/\/tara.rs\/wp-content\/uploads\/2017\/03\/vila-majkina-dusica-apartmani-tara-mitrovac-1.jpg","contentUrl":"https:\/\/tara.rs\/wp-content\/uploads\/2017\/03\/vila-majkina-dusica-apartmani-tara-mitrovac-1.jpg","width":870,"height":489},{"@type":"WebSite","@id":"https:\/\/tara.rs\/sr\/#website","url":"https:\/\/tara.rs\/sr\/","name":"SME\u0160TAJ NA TARI - Vikendice, apartmani, brvnare, planinske ku\u0107e, hoteli...","description":"350 + OBJEKATA ZA SME\u0160TAJ NA TARI","publisher":{"@id":"https:\/\/tara.rs\/sr\/#organization"},"alternateName":"TARA.RS - 450 + Objekata za sme\u0161aj","potentialAction":[{"@type":"SearchAction","target":{"@type":"EntryPoint","urlTemplate":"https:\/\/tara.rs\/sr\/?s={search_term_string}"},"query-input":{"@type":"PropertyValueSpecification","valueRequired":true,"valueName":"search_term_string"}}],"inLanguage":"sr-RS"},{"@type":"Organization","@id":"https:\/\/tara.rs\/sr\/#organization","name":"SME\u0160TAJ NA TARI - Vikendice, apartmani, brvnare, planinske ku\u0107e, hoteli...","url":"https:\/\/tara.rs\/sr\/","logo":{"@type":"ImageObject","inLanguage":"sr-RS","@id":"https:\/\/tara.rs\/sr\/#\/schema\/logo\/image\/","url":"https:\/\/tara.rs\/wp-content\/uploads\/2026\/01\/tara-rs-logo-sajt-2.png","contentUrl":"https:\/\/tara.rs\/wp-content\/uploads\/2026\/01\/tara-rs-logo-sajt-2.png","width":280,"height":100,"caption":"SME\u0160TAJ NA TARI - Vikendice, apartmani, brvnare, planinske ku\u0107e, hoteli..."},"image":{"@id":"https:\/\/tara.rs\/sr\/#\/schema\/logo\/image\/"}}]}},"_links":{"self":[{"href":"https:\/\/tara.rs\/sr\/wp-json\/wp\/v2\/pages\/6568"}],"collection":[{"href":"https:\/\/tara.rs\/sr\/wp-json\/wp\/v2\/pages"}],"about":[{"href":"https:\/\/tara.rs\/sr\/wp-json\/wp\/v2\/types\/page"}],"author":[{"embeddable":true,"href":"https:\/\/tara.rs\/sr\/wp-json\/wp\/v2\/users\/1"}],"replies":[{"embeddable":true,"href":"https:\/\/tara.rs\/sr\/wp-json\/wp\/v2\/comments?post=6568"}],"version-history":[{"count":9,"href":"https:\/\/tara.rs\/sr\/wp-json\/wp\/v2\/pages\/6568\/revisions"}],"predecessor-version":[{"id":94391,"href":"https:\/\/tara.rs\/sr\/wp-json\/wp\/v2\/pages\/6568\/revisions\/94391"}],"wp:featuredmedia":[{"embeddable":true,"href":"https:\/\/tara.rs\/sr\/wp-json\/wp\/v2\/media\/28327"}],"wp:attachment":[{"href":"https:\/\/tara.rs\/sr\/wp-json\/wp\/v2\/media?parent=6568"}],"curies":[{"name":"wp","href":"https:\/\/api.w.org\/{rel}","templated":true}]}}