{"id":75611,"date":"2024-03-03T11:09:35","date_gmt":"2024-03-03T10:09:35","guid":{"rendered":"https:\/\/tara.rs\/sr\/?page_id=75611"},"modified":"2024-03-03T11:28:07","modified_gmt":"2024-03-03T10:28:07","slug":"usluge-tara-drina-bajina-basta","status":"publish","type":"page","link":"https:\/\/tara.rs\/sr\/usluge-tara-drina-bajina-basta\/","title":{"rendered":"USLUGE- TARA &#8211; DRINA &#8211; BAJINA BA\u0160TA"},"content":{"rendered":"\t\t<div data-elementor-type=\"wp-page\" data-elementor-id=\"75611\" class=\"elementor elementor-75611\">\n\t\t\t\t\t\t<section class=\"elementor-section elementor-top-section elementor-element elementor-element-f94e7d2 elementor-section-boxed elementor-section-height-default elementor-section-height-default\" data-id=\"f94e7d2\" data-element_type=\"section\" data-e-type=\"section\">\n\t\t\t\t\t\t<div class=\"elementor-container elementor-column-gap-default\">\n\t\t\t\t\t<div class=\"elementor-column elementor-col-100 elementor-top-column elementor-element elementor-element-9439a79\" data-id=\"9439a79\" data-element_type=\"column\" data-e-type=\"column\">\n\t\t\t<div class=\"elementor-widget-wrap elementor-element-populated\">\n\t\t\t\t\t\t<div class=\"elementor-element elementor-element-7b05072 elementor-widget elementor-widget-heading\" data-id=\"7b05072\" data-element_type=\"widget\" data-e-type=\"widget\" data-widget_type=\"heading.default\">\n\t\t\t\t<div class=\"elementor-widget-container\">\n\t\t\t\t\t<h2 class=\"elementor-heading-title elementor-size-default\">USLUGE - PLANINA TARA - BAJINA BA\u0160TA<\/h2>\t\t\t\t<\/div>\n\t\t\t\t<\/div>\n\t\t\t\t\t<\/div>\n\t\t<\/div>\n\t\t\t\t\t<\/div>\n\t\t<\/section>\n\t\t\t\t<section class=\"elementor-section elementor-top-section elementor-element elementor-element-38ea1a3 elementor-section-boxed elementor-section-height-default elementor-section-height-default\" data-id=\"38ea1a3\" data-element_type=\"section\" data-e-type=\"section\">\n\t\t\t\t\t\t<div class=\"elementor-container elementor-column-gap-default\">\n\t\t\t\t\t<div class=\"elementor-column elementor-col-100 elementor-top-column elementor-element elementor-element-0af45ab\" data-id=\"0af45ab\" data-element_type=\"column\" data-e-type=\"column\">\n\t\t\t<div class=\"elementor-widget-wrap elementor-element-populated\">\n\t\t\t\t\t\t<div class=\"elementor-element elementor-element-a7c0b52 elementor-widget elementor-widget-text-editor\" data-id=\"a7c0b52\" data-element_type=\"widget\" data-e-type=\"widget\" data-widget_type=\"text-editor.default\">\n\t\t\t\t<div class=\"elementor-widget-container\">\n\t\t\t\t\t\t\t\t\t<h4 style=\"text-align: center;\">Pogledajte usluge koje se nude na planini Tari i u Bajinoj Ba\u0161ti. Opustite se u spa centrima, plovite kanjonom Drine do Vi\u0161egrada, spustite se \u010damcima niz Drinu, anga\u017eujte licencirane vodi\u010de za planinarenje, kanjoning, nau\u010dite da ja\u0161ete konje, spustite se na sup dasci do ku\u0107ice na Drini ili nau\u010dite da skijate&#8230; Do\u017eivite ovaj deo Srbije na pravi na\u010din. Pogledajte \u0161ta se sve nudi na na\u0161oj prezentaciji:<\/h4>\t\t\t\t\t\t\t\t<\/div>\n\t\t\t\t<\/div>\n\t\t\t\t\t<\/div>\n\t\t<\/div>\n\t\t\t\t\t<\/div>\n\t\t<\/section>\n\t\t\t\t<section class=\"elementor-section elementor-top-section elementor-element elementor-element-2344d44b elementor-section-boxed elementor-section-height-default elementor-section-height-default\" data-id=\"2344d44b\" data-element_type=\"section\" data-e-type=\"section\">\n\t\t\t\t\t\t<div class=\"elementor-container elementor-column-gap-default\">\n\t\t\t\t\t<div class=\"elementor-column elementor-col-100 elementor-top-column elementor-element elementor-element-39b93a7\" data-id=\"39b93a7\" data-element_type=\"column\" data-e-type=\"column\">\n\t\t\t<div class=\"elementor-widget-wrap elementor-element-populated\">\n\t\t\t\t\t\t<div class=\"elementor-element elementor-element-4d77552 elementor-widget elementor-widget-posts\" data-id=\"4d77552\" data-element_type=\"widget\" data-e-type=\"widget\" data-widget_type=\"posts.cards\">\n\t\t\t\t<div class=\"elementor-widget-container\">\n\t\t\t\t\t \t\t\t\t<\/div>\n\t\t\t\t<\/div>\n\t\t\t\t\t<\/div>\n\t\t<\/div>\n\t\t\t\t\t<\/div>\n\t\t<\/section>\n\t\t\t\t<\/div>\n\t\t","protected":false},"excerpt":{"rendered":"<p>USLUGE &#8211; PLANINA TARA &#8211; BAJINA BA\u0160TA Pogledajte usluge koje se nude na planini Tari i u Bajinoj Ba\u0161ti. Opustite se u spa centrima, plovite kanjonom Drine do Vi\u0161egrada, spustite se \u010damcima niz Drinu, anga\u017eujte licencirane vodi\u010de za planinarenje, kanjoning, nau\u010dite da ja\u0161ete konje, spustite se na sup dasci do ku\u0107ice na Drini ili nau\u010dite&#8230;<\/p>\n","protected":false},"author":1,"featured_media":72265,"parent":0,"menu_order":0,"comment_status":"closed","ping_status":"closed","template":"","meta":{"footnotes":""},"class_list":["post-75611","page","type-page","status-publish","has-post-thumbnail","hentry"],"_links":{"self":[{"href":"https:\/\/tara.rs\/sr\/wp-json\/wp\/v2\/pages\/75611","targetHints":{"allow":["GET"]}}],"collection":[{"href":"https:\/\/tara.rs\/sr\/wp-json\/wp\/v2\/pages"}],"about":[{"href":"https:\/\/tara.rs\/sr\/wp-json\/wp\/v2\/types\/page"}],"author":[{"embeddable":true,"href":"https:\/\/tara.rs\/sr\/wp-json\/wp\/v2\/users\/1"}],"replies":[{"embeddable":true,"href":"https:\/\/tara.rs\/sr\/wp-json\/wp\/v2\/comments?post=75611"}],"version-history":[{"count":27,"href":"https:\/\/tara.rs\/sr\/wp-json\/wp\/v2\/pages\/75611\/revisions"}],"predecessor-version":[{"id":75645,"href":"https:\/\/tara.rs\/sr\/wp-json\/wp\/v2\/pages\/75611\/revisions\/75645"}],"wp:featuredmedia":[{"embeddable":true,"href":"https:\/\/tara.rs\/sr\/wp-json\/wp\/v2\/media\/72265"}],"wp:attachment":[{"href":"https:\/\/tara.rs\/sr\/wp-json\/wp\/v2\/media?parent=75611"}],"curies":[{"name":"wp","href":"https:\/\/api.w.org\/{rel}","templated":true}]}}