{"id":97027,"date":"2025-10-24T11:45:00","date_gmt":"2025-10-24T09:45:00","guid":{"rendered":"https:\/\/tara.rs\/sr\/?page_id=97027"},"modified":"2025-10-24T12:25:45","modified_gmt":"2025-10-24T10:25:45","slug":"smestaj-na-planini-tari-sa-lokacijama-objekata","status":"publish","type":"page","link":"https:\/\/tara.rs\/sr\/smestaj-na-planini-tari-sa-lokacijama-objekata\/","title":{"rendered":"SME\u0160TAJ NA PLANINI TARI SA LOKACIJAMA OBJEKATA"},"content":{"rendered":"<h3 data-start=\"436\" data-end=\"501\">Sme\u0161taj na Tari \u2013 interaktivna mapa sa ta\u010dnim lokacijama<\/h3>\n<p data-start=\"436\" data-end=\"501\">Na jednoj mapi okupili smo vi\u0161e od <strong><a href=\"\/sr\/zaovine-smestaj\/\">350 objekata<\/a><\/strong> za sme\u0161taj na Tari \u2013 vikendice, brvnare, apartmane i ku\u0107e. Svaki objekat ima <strong>ta\u010dnu lokaciju ozna\u010denu na mapi<\/strong> kako bi izbor bio jednostavniji. Mo\u017ee\u0161 da filtrira\u0161 po mestima na Tari, <strong><a href=\"https:\/\/tara.rs\/sr\/pretraga\/?min-price=5&amp;sort-properties=price-asc&amp;sortby=price-asc\">ceni<\/a> <\/strong>ili karakteristikama objekta koje dobijete kada izaberete lupu sa krsti\u0107em u sredini.<br \/>\n<strong><a href=\"\/sr\/smestaj-na-kaludjerskim-barama\/\">Kalu\u0111erske Bare<\/a>, <a href=\"https:\/\/tara.rs\/sr\/mitrovac-smestaj\/\">Mitrovac<\/a>, <a href=\"\/sr\/zaovine-smestaj\/\">Zaovine, <\/a><a href=\"https:\/\/tara.rs\/sr\/racanska-sljivovica\/\">Ra\u010danska \u0160ljivovica<\/a>, <a href=\"https:\/\/tara.rs\/sr\/oslusa-smestaj\/\">Oslu\u0161a<\/a>, <a href=\"https:\/\/tara.rs\/sr\/sokolina-smestaj\/\">Sokolina<\/a>,<a href=\"https:\/\/tara.rs\/sr\/pretraga\/?location=zaovine-sekulic\" target=\"_blank\" rel=\"noopener\"> Sekuli\u0107<\/a> <a href=\"https:\/\/tara.rs\/sr\/predov-krst\/\">Predov Krst i Rasti\u0161te<\/a>, <a href=\"https:\/\/tara.rs\/sr\/pretraga\/?location=mokra-gora\" target=\"_blank\" rel=\"noopener\">Mokra Gora<\/a> i <a href=\"https:\/\/tara.rs\/sr\/pretraga\/?location=tara-kremna\">Kremna<\/a><\/strong> kao i po temama u odeljku <strong><a href=\"https:\/\/tara.rs\/sr\/aktivnosti-na-tari\/\">Aktivnosti<\/a> <\/strong>ili posebnim <strong><a href=\"https:\/\/tara.rs\/sr\/vidikovci-na-tari\/\">Vidikovcima<\/a><\/strong>.<br \/>\nKlikom na marker otvara se kratak opis sa fotografijom sme\u0161taja i cenom no\u0107enja ako je istaknuta. Stranicu i prezentaciju redovno a\u017euriramo novim objektima i korisnim informacijama.<br \/>\nAko tra\u017ei\u0161 odre\u0111enu prirodnu atrakciju, predlog za <strong><a href=\"https:\/\/tara.rs\/sr\/?p=83046\">letnje<\/a><\/strong> ili <strong><a href=\"https:\/\/tara.rs\/sr\/?p=6579\">zimske<\/a> <\/strong>aktivnosti,\u00a0 <strong>\u00a0<a href=\"https:\/\/tara.rs\/sr\/vidikovci-na-tari\/\">vidikovce na Tari<\/a><\/strong> (npr. <strong><a href=\"https:\/\/tara.rs\/sr\/vidikovci-na-tari\/\">Banjska stena i drugi<\/a><\/strong>), pogledaj stranicu <strong><a href=\"https:\/\/tara.rs\/sr\/aktivnosti-na-tari\/\">AKTIVNOSTI<\/a><\/strong><br \/>\n<strong>Rezervacije i kontak podaci<\/strong> vlasnika sme\u0161taja dostupni su na stranicama svakog objekta.<\/p>\n<p>&nbsp;<\/p>\n","protected":false},"excerpt":{"rendered":"<p>Sme\u0161taj na Tari \u2013 interaktivna mapa sa ta\u010dnim lokacijama Na jednoj mapi okupili smo vi\u0161e od 350 objekata za sme\u0161taj na Tari \u2013 vikendice, brvnare, apartmane i ku\u0107e. Svaki objekat ima ta\u010dnu lokaciju ozna\u010denu na mapi kako bi izbor bio jednostavniji. Mo\u017ee\u0161 da filtrira\u0161 po mestima na Tari, ceni ili karakteristikama objekta koje dobijete kada&#8230;<\/p>\n","protected":false},"author":1,"featured_media":0,"parent":0,"menu_order":0,"comment_status":"closed","ping_status":"closed","template":"templates\/properties.php","meta":{"footnotes":""},"class_list":["post-97027","page","type-page","status-publish","hentry"],"yoast_head":"<!-- This site is optimized with the Yoast SEO plugin v25.3 - https:\/\/yoast.com\/wordpress\/plugins\/seo\/ -->\n<title>SME\u0160TAJ NA PLANINI TARI SA LOKACIJAMA OBJEKATA - SME\u0160TAJ NA TARI - Vikendice, apartmani, brvnare, planinske ku\u0107e, hoteli...<\/title>\n<meta name=\"robots\" content=\"index, follow, max-snippet:-1, max-image-preview:large, max-video-preview:-1\" \/>\n<link rel=\"canonical\" href=\"https:\/\/tara.rs\/sr\/smestaj-na-planini-tari-sa-lokacijama-objekata\/\" \/>\n<meta property=\"og:locale\" content=\"sr_RS\" \/>\n<meta property=\"og:type\" content=\"article\" \/>\n<meta property=\"og:title\" content=\"Sme\u0161taj na Tari \u2013 Mapa i ta\u010dne lokacije (350+ objekata)\" \/>\n<meta property=\"og:description\" content=\"Prona\u0111i sme\u0161taj na Tari uz interaktivnu mapu: 350+ vikendica, apartmana i brvnara sa ta\u010dnom lokacijom. Filtriraj po mestu i brzo rezervi\u0161i.\" \/>\n<meta property=\"og:url\" content=\"https:\/\/tara.rs\/sr\/smestaj-na-planini-tari-sa-lokacijama-objekata\/\" \/>\n<meta property=\"og:site_name\" content=\"SME\u0160TAJ NA TARI - Vikendice, apartmani, brvnare, planinske ku\u0107e, hoteli...\" \/>\n<meta property=\"article:modified_time\" content=\"2025-10-24T10:25:45+00:00\" \/>\n<meta property=\"og:image\" content=\"https:\/\/tara.rs\/wp-content\/uploads\/2025\/10\/planina-tara-smestaj-mapa-w.jpg\" \/>\n\t<meta property=\"og:image:width\" content=\"1000\" \/>\n\t<meta property=\"og:image:height\" content=\"476\" \/>\n\t<meta property=\"og:image:type\" content=\"image\/jpeg\" \/>\n<meta name=\"twitter:card\" content=\"summary_large_image\" \/>\n<meta name=\"twitter:label1\" content=\"\u041f\u0440\u043e\u0446\u0435\u045a\u0435\u043d\u043e \u0432\u0440\u0435\u043c\u0435 \u0447\u0438\u0442\u0430\u045a\u0430\" \/>\n\t<meta name=\"twitter:data1\" content=\"1 \u043c\u0438\u043d\u0443\u0442\" \/>\n<script type=\"application\/ld+json\" class=\"yoast-schema-graph\">{\"@context\":\"https:\/\/schema.org\",\"@graph\":[{\"@type\":\"WebPage\",\"@id\":\"https:\/\/tara.rs\/sr\/smestaj-na-planini-tari-sa-lokacijama-objekata\/\",\"url\":\"https:\/\/tara.rs\/sr\/smestaj-na-planini-tari-sa-lokacijama-objekata\/\",\"name\":\"SME\u0160TAJ NA PLANINI TARI SA LOKACIJAMA OBJEKATA - SME\u0160TAJ NA TARI - Vikendice, apartmani, brvnare, planinske ku\u0107e, hoteli...\",\"isPartOf\":{\"@id\":\"https:\/\/tara.rs\/sr\/#website\"},\"datePublished\":\"2025-10-24T09:45:00+00:00\",\"dateModified\":\"2025-10-24T10:25:45+00:00\",\"inLanguage\":\"sr-RS\",\"potentialAction\":[{\"@type\":\"ReadAction\",\"target\":[\"https:\/\/tara.rs\/sr\/smestaj-na-planini-tari-sa-lokacijama-objekata\/\"]}]},{\"@type\":\"WebSite\",\"@id\":\"https:\/\/tara.rs\/sr\/#website\",\"url\":\"https:\/\/tara.rs\/sr\/\",\"name\":\"SME\u0160TAJ NA TARI - Vikendice, apartmani, brvnare, planinske ku\u0107e, hoteli...\",\"description\":\"350 + OBJEKATA ZA SME\u0160TAJ NA TARI\",\"publisher\":{\"@id\":\"https:\/\/tara.rs\/sr\/#organization\"},\"alternateName\":\"TARA.RS - 450 + Objekata za sme\u0161aj\",\"potentialAction\":[{\"@type\":\"SearchAction\",\"target\":{\"@type\":\"EntryPoint\",\"urlTemplate\":\"https:\/\/tara.rs\/sr\/?s={search_term_string}\"},\"query-input\":{\"@type\":\"PropertyValueSpecification\",\"valueRequired\":true,\"valueName\":\"search_term_string\"}}],\"inLanguage\":\"sr-RS\"},{\"@type\":\"Organization\",\"@id\":\"https:\/\/tara.rs\/sr\/#organization\",\"name\":\"SME\u0160TAJ NA TARI - Vikendice, apartmani, brvnare, planinske ku\u0107e, hoteli...\",\"url\":\"https:\/\/tara.rs\/sr\/\",\"logo\":{\"@type\":\"ImageObject\",\"inLanguage\":\"sr-RS\",\"@id\":\"https:\/\/tara.rs\/sr\/#\/schema\/logo\/image\/\",\"url\":\"https:\/\/tara.rs\/wp-content\/uploads\/2026\/01\/tara-rs-logo-sajt-2.png\",\"contentUrl\":\"https:\/\/tara.rs\/wp-content\/uploads\/2026\/01\/tara-rs-logo-sajt-2.png\",\"width\":280,\"height\":100,\"caption\":\"SME\u0160TAJ NA TARI - Vikendice, apartmani, brvnare, planinske ku\u0107e, hoteli...\"},\"image\":{\"@id\":\"https:\/\/tara.rs\/sr\/#\/schema\/logo\/image\/\"}}]}<\/script>\n<!-- \/ Yoast SEO plugin. -->","yoast_head_json":{"title":"SME\u0160TAJ NA PLANINI TARI SA LOKACIJAMA OBJEKATA - SME\u0160TAJ NA TARI - Vikendice, apartmani, brvnare, planinske ku\u0107e, hoteli...","robots":{"index":"index","follow":"follow","max-snippet":"max-snippet:-1","max-image-preview":"max-image-preview:large","max-video-preview":"max-video-preview:-1"},"canonical":"https:\/\/tara.rs\/sr\/smestaj-na-planini-tari-sa-lokacijama-objekata\/","og_locale":"sr_RS","og_type":"article","og_title":"Sme\u0161taj na Tari \u2013 Mapa i ta\u010dne lokacije (350+ objekata)","og_description":"Prona\u0111i sme\u0161taj na Tari uz interaktivnu mapu: 350+ vikendica, apartmana i brvnara sa ta\u010dnom lokacijom. Filtriraj po mestu i brzo rezervi\u0161i.","og_url":"https:\/\/tara.rs\/sr\/smestaj-na-planini-tari-sa-lokacijama-objekata\/","og_site_name":"SME\u0160TAJ NA TARI - Vikendice, apartmani, brvnare, planinske ku\u0107e, hoteli...","article_modified_time":"2025-10-24T10:25:45+00:00","og_image":[{"width":1000,"height":476,"url":"https:\/\/tara.rs\/wp-content\/uploads\/2025\/10\/planina-tara-smestaj-mapa-w.jpg","type":"image\/jpeg"}],"twitter_card":"summary_large_image","twitter_misc":{"\u041f\u0440\u043e\u0446\u0435\u045a\u0435\u043d\u043e \u0432\u0440\u0435\u043c\u0435 \u0447\u0438\u0442\u0430\u045a\u0430":"1 \u043c\u0438\u043d\u0443\u0442"},"schema":{"@context":"https:\/\/schema.org","@graph":[{"@type":"WebPage","@id":"https:\/\/tara.rs\/sr\/smestaj-na-planini-tari-sa-lokacijama-objekata\/","url":"https:\/\/tara.rs\/sr\/smestaj-na-planini-tari-sa-lokacijama-objekata\/","name":"SME\u0160TAJ NA PLANINI TARI SA LOKACIJAMA OBJEKATA - SME\u0160TAJ NA TARI - Vikendice, apartmani, brvnare, planinske ku\u0107e, hoteli...","isPartOf":{"@id":"https:\/\/tara.rs\/sr\/#website"},"datePublished":"2025-10-24T09:45:00+00:00","dateModified":"2025-10-24T10:25:45+00:00","inLanguage":"sr-RS","potentialAction":[{"@type":"ReadAction","target":["https:\/\/tara.rs\/sr\/smestaj-na-planini-tari-sa-lokacijama-objekata\/"]}]},{"@type":"WebSite","@id":"https:\/\/tara.rs\/sr\/#website","url":"https:\/\/tara.rs\/sr\/","name":"SME\u0160TAJ NA TARI - Vikendice, apartmani, brvnare, planinske ku\u0107e, hoteli...","description":"350 + OBJEKATA ZA SME\u0160TAJ NA TARI","publisher":{"@id":"https:\/\/tara.rs\/sr\/#organization"},"alternateName":"TARA.RS - 450 + Objekata za sme\u0161aj","potentialAction":[{"@type":"SearchAction","target":{"@type":"EntryPoint","urlTemplate":"https:\/\/tara.rs\/sr\/?s={search_term_string}"},"query-input":{"@type":"PropertyValueSpecification","valueRequired":true,"valueName":"search_term_string"}}],"inLanguage":"sr-RS"},{"@type":"Organization","@id":"https:\/\/tara.rs\/sr\/#organization","name":"SME\u0160TAJ NA TARI - Vikendice, apartmani, brvnare, planinske ku\u0107e, hoteli...","url":"https:\/\/tara.rs\/sr\/","logo":{"@type":"ImageObject","inLanguage":"sr-RS","@id":"https:\/\/tara.rs\/sr\/#\/schema\/logo\/image\/","url":"https:\/\/tara.rs\/wp-content\/uploads\/2026\/01\/tara-rs-logo-sajt-2.png","contentUrl":"https:\/\/tara.rs\/wp-content\/uploads\/2026\/01\/tara-rs-logo-sajt-2.png","width":280,"height":100,"caption":"SME\u0160TAJ NA TARI - Vikendice, apartmani, brvnare, planinske ku\u0107e, hoteli..."},"image":{"@id":"https:\/\/tara.rs\/sr\/#\/schema\/logo\/image\/"}}]}},"_links":{"self":[{"href":"https:\/\/tara.rs\/sr\/wp-json\/wp\/v2\/pages\/97027"}],"collection":[{"href":"https:\/\/tara.rs\/sr\/wp-json\/wp\/v2\/pages"}],"about":[{"href":"https:\/\/tara.rs\/sr\/wp-json\/wp\/v2\/types\/page"}],"author":[{"embeddable":true,"href":"https:\/\/tara.rs\/sr\/wp-json\/wp\/v2\/users\/1"}],"replies":[{"embeddable":true,"href":"https:\/\/tara.rs\/sr\/wp-json\/wp\/v2\/comments?post=97027"}],"version-history":[{"count":9,"href":"https:\/\/tara.rs\/sr\/wp-json\/wp\/v2\/pages\/97027\/revisions"}],"predecessor-version":[{"id":97037,"href":"https:\/\/tara.rs\/sr\/wp-json\/wp\/v2\/pages\/97027\/revisions\/97037"}],"wp:attachment":[{"href":"https:\/\/tara.rs\/sr\/wp-json\/wp\/v2\/media?parent=97027"}],"curies":[{"name":"wp","href":"https:\/\/api.w.org\/{rel}","templated":true}]}}